{"id":21,"date":"2007-06-29T20:12:43","date_gmt":"2007-06-29T18:12:43","guid":{"rendered":"http:\/\/blog.ravalnet.org\/aulamediaradio\/presentacio-2\/"},"modified":"2007-07-16T16:42:24","modified_gmt":"2007-07-16T14:42:24","slug":"presentacio-2","status":"publish","type":"page","link":"https:\/\/blog.ravalnet.org\/aulamediaradio\/","title":{"rendered":"Presentaci\u00f3"},"content":{"rendered":"<p><font color=\"#008000\">Benvinguts i benvingudes a l&#8217;espai virtual del curs. Barcelona, del 2 al 6 de juliol de 2007.<\/font><\/p>\n<h2><strong><font color=\"#008000\"> R\u00e0dio: Producci\u00f3 escolar<\/font><\/strong><\/h2>\n<h2><strong><font color=\"#008000\">II Escola d&#8217;Estiu d&#8217;Educaci\u00f3 en Comunicaci\u00f3 d&#8217;Aulam\u00e8dia<\/font><\/strong><\/h2>\n<p>Fer r\u00e0dio ja est\u00e0 a l&#8217;abast de les escoles i els instituts de Catalunya: l&#8217;apropiaci\u00f3 d&#8217;aquest mitj\u00e0 de comunicaci\u00f3 per part dels estudiants i per part del professorat, com a eina ideal per tal de fomentar l&#8217;\u00fas de la llengua catalana parlada i escrita i per la millora de les compet\u00e8ncies comunicatives b\u00e0siques, ja \u00e9s una realitat en alguns centres.<br \/>\nLa r\u00e0dio \u00e9s, a m\u00e9s a m\u00e9s, una eina que ens permet treballar determinades habilitats transversals: participaci\u00f3, expressi\u00f3, an\u00e0lisis cr\u00edtic, motivaci\u00f3, integraci\u00f3, investigaci\u00f3, interpretaci\u00f3, comprensi\u00f3nlectora, el treball en grup, etc.<br \/>\nPer\u00f2&#8230; quines eines tenim al nostre abast? Quina metodologia did\u00e0ctica podem emprar? Com ho podem treballar per extreure&#8217;n el m\u00e0xim rendiment?<br \/>\nAquest curs us proposa una posada en pr\u00e0ctica, a partir d&#8217;una visi\u00f3 constructivista de l&#8217;aprenentatge, de diferents projectes de r\u00e0dio.<\/p>\n<p><strong>Objectius:<\/strong><\/p>\n<ul>\n<li>Con\u00e8ixer les claus per tal d&#8217;introduir el treball amb la r\u00e0dio a l&#8217;escola i a l&#8217;institut, de forma assequible pel professorat i atractiva pels estudiants.<\/li>\n<li>Reflexionar al voltant del treball transversal que es aquest mitj\u00e0 ens permet realitzar.<\/li>\n<li>Con\u00e8ixer experi\u00e8ncies que s&#8217;han dut a terme en diferents espais, formals i informals, d&#8217;ensenyament.<\/li>\n<li>Con\u00e8ixer les eines que tenim al nostre abast per fer projectes amb qualitat i amb el m\u00e0xim aprofitament dels recursos disponibles.<\/li>\n<li>Construir una guia did\u00e0ctica adequada als nostres centres i al nostre treball, tot partint dels materials existents.<\/li>\n<\/ul>\n<p><strong>Continguts:<\/strong><\/p>\n<ul>\n<li>Els g\u00e8neres period\u00edstics: l&#8217;entrevista, la not\u00edcia, el reportatge, el documental, l&#8217;editorial, el magaz\u00edn com a proposta de format.<\/li>\n<li>Les eines b\u00e0siques de treball:<\/li>\n<\/ul>\n<blockquote>\n<ul>\n<li>el gui\u00f3 i l&#8217;estructura narrativa dels programes de r\u00e0dio<\/li>\n<li>les fonts d&#8217;informaci\u00f3 del nostre entorn i els recursos a Internet<\/li>\n<\/ul>\n<\/blockquote>\n<ul>\n<li>La r\u00e0dio a dintre de l&#8217;aula: propostes did\u00e0ctiques i metodol\u00f2giques pel treball en grup. El treball transversal d&#8217;habilitats i coneixements amb la r\u00e0dio. Estrat\u00e8gies. L&#8217;efecte mirall i l&#8217;efecte sobre l&#8217;autoestima dels estudiants.<\/li>\n<li>Les guies did\u00e0ctiques, els webquest com a instrument.<\/li>\n<li>L&#8217;entorn t\u00e8cnic de la r\u00e0dio per Internet. Els portals, els programes inform\u00e0tics, els equipaments necessaris, els serveis m\u00e9s \u00fatils.<\/li>\n<li>Edici\u00f3 i muntatge dels programes de r\u00e0dio.<\/li>\n<\/ul>\n<p><font color=\"#008000\">Esperem que aquest programa sigui del vostre gust!<\/font><\/p>\n","protected":false},"excerpt":{"rendered":"<p>Benvinguts i benvingudes a l&#8217;espai virtual del curs. Barcelona, del 2 al 6 de juliol de 2007. R\u00e0dio: Producci\u00f3 escolar II Escola d&#8217;Estiu d&#8217;Educaci\u00f3 en Comunicaci\u00f3 d&#8217;Aulam\u00e8dia Fer r\u00e0dio ja est\u00e0 a l&#8217;abast de les escoles i els instituts de Catalunya: l&#8217;apropiaci\u00f3 d&#8217;aquest mitj\u00e0 de comunicaci\u00f3 per part dels estudiants i per part del professorat, [&hellip;]<\/p>\n","protected":false},"author":6,"featured_media":0,"parent":0,"menu_order":0,"comment_status":"open","ping_status":"open","template":"","meta":{"ngg_post_thumbnail":0,"footnotes":""},"class_list":["post-21","page","type-page","status-publish","hentry"],"_links":{"self":[{"href":"https:\/\/blog.ravalnet.org\/aulamediaradio\/wp-json\/wp\/v2\/pages\/21","targetHints":{"allow":["GET"]}}],"collection":[{"href":"https:\/\/blog.ravalnet.org\/aulamediaradio\/wp-json\/wp\/v2\/pages"}],"about":[{"href":"https:\/\/blog.ravalnet.org\/aulamediaradio\/wp-json\/wp\/v2\/types\/page"}],"author":[{"embeddable":true,"href":"https:\/\/blog.ravalnet.org\/aulamediaradio\/wp-json\/wp\/v2\/users\/6"}],"replies":[{"embeddable":true,"href":"https:\/\/blog.ravalnet.org\/aulamediaradio\/wp-json\/wp\/v2\/comments?post=21"}],"version-history":[{"count":0,"href":"https:\/\/blog.ravalnet.org\/aulamediaradio\/wp-json\/wp\/v2\/pages\/21\/revisions"}],"wp:attachment":[{"href":"https:\/\/blog.ravalnet.org\/aulamediaradio\/wp-json\/wp\/v2\/media?parent=21"}],"curies":[{"name":"wp","href":"https:\/\/api.w.org\/{rel}","templated":true}]}}