{"id":14,"date":"2007-06-29T11:50:04","date_gmt":"2007-06-29T09:50:04","guid":{"rendered":"http:\/\/blog.ravalnet.org\/casalnet07\/gira-nou-barris\/"},"modified":"2007-07-26T16:00:20","modified_gmt":"2007-07-26T14:00:20","slug":"gira-nou-barris","status":"publish","type":"page","link":"https:\/\/blog.ravalnet.org\/casalnet07\/gira-nou-barris\/","title":{"rendered":"Gira Nou Barris"},"content":{"rendered":"<p>En la \u00faltima setmana de Casalnet pujarem Barcelona fins arribar a Nou Barris, on coneixerem la gent del Casal de joves de la Prosperitat<\/p>\n<p><iframe loading=\"lazy\" src=\"http:\/\/www.panoramio.com\/plugin.php?lt=41.444174&amp;ln=2.179370&amp;z=0&amp;k=1&amp;user=518534\" height=\"350\" width=\"540\"><\/iframe><\/p>\n<p>(Carrer Joaquim Valls, 82. Metro Via J\u00falia, l\u00ednia groga)<a href=\"http:\/\/blog.ravalnet.org\/casalnet07\/files\/2007\/07\/12.gif\"> <\/a><\/p>\n<address><a href=\"http:\/\/blog.ravalnet.org\/casalnet07\/files\/2007\/07\/12.gif\"> <\/a><\/address>\n<address><a href=\"http:\/\/blog.ravalnet.org\/casalnet07\/files\/2007\/07\/12.gif\"> <\/a><\/address>\n<p>Si vols saber-ne m\u00e9s, visita la p\u00e0gina web del <a href=\"http:\/\/cybercasal9b.info\/\" title=\"Casal del barri de la Prosperitat\">Casal del barri<\/a><\/p>\n<p>Agafeu-vos ben fort a la motxilla que aix\u00f2 ja s&#8217;acaba!!<\/p>\n","protected":false},"excerpt":{"rendered":"<p>En la \u00faltima setmana de Casalnet pujarem Barcelona fins arribar a Nou Barris, on coneixerem la gent del Casal de joves de la Prosperitat (Carrer Joaquim Valls, 82. Metro Via J\u00falia, l\u00ednia groga) Si vols saber-ne m\u00e9s, visita la p\u00e0gina web del Casal del barri Agafeu-vos ben fort a la motxilla que aix\u00f2 ja s&#8217;acaba!!<\/p>\n","protected":false},"author":5,"featured_media":0,"parent":0,"menu_order":7,"comment_status":"open","ping_status":"open","template":"","meta":{"ngg_post_thumbnail":0,"footnotes":""},"class_list":["post-14","page","type-page","status-publish","hentry"],"_links":{"self":[{"href":"https:\/\/blog.ravalnet.org\/casalnet07\/wp-json\/wp\/v2\/pages\/14","targetHints":{"allow":["GET"]}}],"collection":[{"href":"https:\/\/blog.ravalnet.org\/casalnet07\/wp-json\/wp\/v2\/pages"}],"about":[{"href":"https:\/\/blog.ravalnet.org\/casalnet07\/wp-json\/wp\/v2\/types\/page"}],"author":[{"embeddable":true,"href":"https:\/\/blog.ravalnet.org\/casalnet07\/wp-json\/wp\/v2\/users\/5"}],"replies":[{"embeddable":true,"href":"https:\/\/blog.ravalnet.org\/casalnet07\/wp-json\/wp\/v2\/comments?post=14"}],"version-history":[{"count":0,"href":"https:\/\/blog.ravalnet.org\/casalnet07\/wp-json\/wp\/v2\/pages\/14\/revisions"}],"wp:attachment":[{"href":"https:\/\/blog.ravalnet.org\/casalnet07\/wp-json\/wp\/v2\/media?parent=14"}],"curies":[{"name":"wp","href":"https:\/\/api.w.org\/{rel}","templated":true}]}}