{"id":25,"date":"2007-07-03T16:12:23","date_gmt":"2007-07-03T14:12:23","guid":{"rendered":"http:\/\/blog.ravalnet.org\/casalnet07\/origens-de-barcelona\/"},"modified":"2007-07-20T09:28:57","modified_gmt":"2007-07-20T07:28:57","slug":"origens-de-barcelona","status":"publish","type":"page","link":"https:\/\/blog.ravalnet.org\/casalnet07\/origens-de-barcelona\/","title":{"rendered":"Or\u00edgens de Barcelona"},"content":{"rendered":"<p>Barcelona \u00e9s una ciutat molt antiga, de fet ja existia abans de dir-se aix\u00ed.<\/p>\n<p>Aqu\u00ed trobareu un seguit d&#8217;imatges on es veu com ha anat creixent la ciutat.<\/p>\n<p><a href=\"http:\/\/blog.ravalnet.org\/casalnet07\/files\/2007\/07\/1_barcino.jpg\" title=\"Barcino\"><img loading=\"lazy\" decoding=\"async\" src=\"http:\/\/blog.ravalnet.org\/casalnet07\/files\/2007\/07\/1_barcino.jpg\" alt=\"Barcino\" height=\"412\" width=\"279\" \/><\/a><a href=\"http:\/\/blog.ravalnet.org\/casalnet07\/files\/2007\/07\/2_barcino.gif\" title=\"Barcino02\"><img loading=\"lazy\" decoding=\"async\" src=\"http:\/\/blog.ravalnet.org\/casalnet07\/files\/2007\/07\/2_barcino.gif\" alt=\"Barcino02\" height=\"336\" width=\"348\" \/><\/a><\/p>\n<p>Barcino<\/p>\n<p><a href=\"http:\/\/blog.ravalnet.org\/casalnet07\/files\/2007\/07\/3_barcelona_sxii.jpg\" title=\"Bcn s.XII\"><img loading=\"lazy\" decoding=\"async\" src=\"http:\/\/blog.ravalnet.org\/casalnet07\/files\/2007\/07\/3_barcelona_sxii.jpg\" alt=\"Bcn s.XII\" height=\"317\" width=\"402\" \/><\/a><\/p>\n<p>Barcelona al s.XII<\/p>\n<p><a href=\"http:\/\/blog.ravalnet.org\/casalnet07\/files\/2007\/07\/4_barcelona_sxviii.jpg\" title=\"Bcn s.XIII\"><img loading=\"lazy\" decoding=\"async\" src=\"http:\/\/blog.ravalnet.org\/casalnet07\/files\/2007\/07\/4_barcelona_sxviii.jpg\" alt=\"Bcn s.XIII\" height=\"283\" width=\"402\" \/><\/a><\/p>\n<p>Barcelona al s.XVIII<\/p>\n<p><a href=\"http:\/\/blog.ravalnet.org\/casalnet07\/files\/2007\/07\/5_bcn_ara.jpg\" title=\"Bcn ara\"><img decoding=\"async\" src=\"http:\/\/blog.ravalnet.org\/casalnet07\/files\/2007\/07\/5_bcn_ara.jpg\" alt=\"Bcn ara\" \/><\/a><\/p>\n<p>Barcelona en l&#8217;actualitat<\/p>\n<p><a href=\"http:\/\/blog.ravalnet.org\/casalnet07\/files\/2007\/07\/6_-bcn_verda.jpg\" title=\"Bcn Verda\"><img loading=\"lazy\" decoding=\"async\" src=\"http:\/\/blog.ravalnet.org\/casalnet07\/files\/2007\/07\/6_-bcn_verda.jpg\" alt=\"Bcn Verda\" height=\"273\" width=\"400\" \/><\/a><\/p>\n<p>Espais verds de Barcelona<\/p>\n<p><a href=\"http:\/\/blog.ravalnet.org\/casalnet07\/files\/2007\/07\/7_bcn_metro.jpg\" title=\"Bcn Metro\"><img loading=\"lazy\" decoding=\"async\" src=\"http:\/\/blog.ravalnet.org\/casalnet07\/files\/2007\/07\/7_bcn_metro.jpg\" alt=\"Bcn Metro\" height=\"300\" width=\"519\" \/><\/a><\/p>\n<p>Metro de Barcelona<\/p>\n","protected":false},"excerpt":{"rendered":"<p>Barcelona \u00e9s una ciutat molt antiga, de fet ja existia abans de dir-se aix\u00ed. Aqu\u00ed trobareu un seguit d&#8217;imatges on es veu com ha anat creixent la ciutat. Barcino Barcelona al s.XII Barcelona al s.XVIII Barcelona en l&#8217;actualitat Espais verds de Barcelona Metro de Barcelona<\/p>\n","protected":false},"author":5,"featured_media":0,"parent":0,"menu_order":1,"comment_status":"open","ping_status":"open","template":"","meta":{"ngg_post_thumbnail":0,"footnotes":""},"class_list":["post-25","page","type-page","status-publish","hentry"],"_links":{"self":[{"href":"https:\/\/blog.ravalnet.org\/casalnet07\/wp-json\/wp\/v2\/pages\/25","targetHints":{"allow":["GET"]}}],"collection":[{"href":"https:\/\/blog.ravalnet.org\/casalnet07\/wp-json\/wp\/v2\/pages"}],"about":[{"href":"https:\/\/blog.ravalnet.org\/casalnet07\/wp-json\/wp\/v2\/types\/page"}],"author":[{"embeddable":true,"href":"https:\/\/blog.ravalnet.org\/casalnet07\/wp-json\/wp\/v2\/users\/5"}],"replies":[{"embeddable":true,"href":"https:\/\/blog.ravalnet.org\/casalnet07\/wp-json\/wp\/v2\/comments?post=25"}],"version-history":[{"count":0,"href":"https:\/\/blog.ravalnet.org\/casalnet07\/wp-json\/wp\/v2\/pages\/25\/revisions"}],"wp:attachment":[{"href":"https:\/\/blog.ravalnet.org\/casalnet07\/wp-json\/wp\/v2\/media?parent=25"}],"curies":[{"name":"wp","href":"https:\/\/api.w.org\/{rel}","templated":true}]}}