{"id":4,"date":"2007-06-12T17:34:40","date_gmt":"2007-06-12T15:34:40","guid":{"rendered":"http:\/\/blog.ravalnet.org\/casalnet07\/gira-barcelona\/"},"modified":"2007-07-20T09:28:13","modified_gmt":"2007-07-20T07:28:13","slug":"gira-barcelona","status":"publish","type":"page","link":"https:\/\/blog.ravalnet.org\/casalnet07\/gira-barcelona\/","title":{"rendered":"Gira Barcelona"},"content":{"rendered":"<p><img loading=\"lazy\" decoding=\"async\" src=\"http:\/\/teb.ravalnet.org\/works\/casalnetImgWeb.png\" alt=\"cartell casalnet07\" align=\"top\" border=\"0\" height=\"317\" hspace=\"5\" vspace=\"0\" width=\"450\" \/><br \/>\nHab\u00eda una vez un se\u00f1or bajito que solo, se perd\u00eda y se lo com\u00edan los leones. Enseguida encontr\u00f3 a varios m\u00e1s que se le parec\u00edan y se dieron cuenta de que juntos ten\u00edan m\u00e1s fuerza y asustaban a las fieras. Decidieron ir siempre en grupo. Adem\u00e1s uno recog\u00eda le\u00f1a y el otro aprend\u00eda a hacer fuego y el otro cocinaba y todos se lo com\u00edan.Poco a poco, en vez de caminar tanto por aqu\u00ed y por all\u00e1, se empezaron a apalancar en alguna roca con vistas, o cuevas con arroyos y en lugares con mosquitos. Y si llov\u00eda mucho no se mov\u00edan y si las hierbas se empezaban a secar, se pon\u00edan en marcha siguiendo los grupos de gacelas y cabras silvestres.<\/p>\n<p>As\u00ed estos se\u00f1ores bajitos llegaron un d\u00eda a ir vestidos y decidir no viajar tanto y plantar lechugas y hacerse una casa y otra casa y una casa al lado de otra casa. Aqu\u00ed ya nacieron las primeras ciudades.<\/p>\n<p>El se\u00f1or bajito hoy tiene descendientes much\u00edsimos que pueblan y repueblan todos los continentes y siguen cada vez m\u00e1s concentr\u00e1ndose y construyendo casas, una al lado de la otra y as\u00ed tenemos las ciudades de hoy en d\u00eda.<\/p>\n<p align=\"right\"><strong><font color=\"#808080\">Extret de <u>Les ciutats il\u00b7lustrades<\/u>,<br \/>\nExposici\u00f3 organitzada pel CCCB<br \/>\nEdici\u00f3 CCCB i Editorial Destino<br \/>\nBarcelona 1994<\/font><\/strong><\/p>\n","protected":false},"excerpt":{"rendered":"<p>Hab\u00eda una vez un se\u00f1or bajito que solo, se perd\u00eda y se lo com\u00edan los leones. Enseguida encontr\u00f3 a varios m\u00e1s que se le parec\u00edan y se dieron cuenta de que juntos ten\u00edan m\u00e1s fuerza y asustaban a las fieras. Decidieron ir siempre en grupo. Adem\u00e1s uno recog\u00eda le\u00f1a y el otro aprend\u00eda a hacer [&hellip;]<\/p>\n","protected":false},"author":5,"featured_media":0,"parent":0,"menu_order":0,"comment_status":"closed","ping_status":"closed","template":"","meta":{"ngg_post_thumbnail":0,"footnotes":""},"class_list":["post-4","page","type-page","status-publish","hentry"],"_links":{"self":[{"href":"https:\/\/blog.ravalnet.org\/casalnet07\/wp-json\/wp\/v2\/pages\/4","targetHints":{"allow":["GET"]}}],"collection":[{"href":"https:\/\/blog.ravalnet.org\/casalnet07\/wp-json\/wp\/v2\/pages"}],"about":[{"href":"https:\/\/blog.ravalnet.org\/casalnet07\/wp-json\/wp\/v2\/types\/page"}],"author":[{"embeddable":true,"href":"https:\/\/blog.ravalnet.org\/casalnet07\/wp-json\/wp\/v2\/users\/5"}],"replies":[{"embeddable":true,"href":"https:\/\/blog.ravalnet.org\/casalnet07\/wp-json\/wp\/v2\/comments?post=4"}],"version-history":[{"count":0,"href":"https:\/\/blog.ravalnet.org\/casalnet07\/wp-json\/wp\/v2\/pages\/4\/revisions"}],"wp:attachment":[{"href":"https:\/\/blog.ravalnet.org\/casalnet07\/wp-json\/wp\/v2\/media?parent=4"}],"curies":[{"name":"wp","href":"https:\/\/api.w.org\/{rel}","templated":true}]}}