{"id":5,"date":"2007-06-12T17:46:25","date_gmt":"2007-06-12T15:46:25","guid":{"rendered":"http:\/\/blog.ravalnet.org\/casalnet07\/gira-poblenou\/"},"modified":"2007-07-31T11:50:35","modified_gmt":"2007-07-31T09:50:35","slug":"gira-poblenou","status":"publish","type":"page","link":"https:\/\/blog.ravalnet.org\/casalnet07\/gira-poblenou\/","title":{"rendered":"Gira Poblenou"},"content":{"rendered":"<p>Comen\u00e7a la gira a Poblenou!<\/p>\n<p>F\u00e0briques, naus industrials, platges, la Rambla, el F\u00f2rum&#8230; fins al Bes\u00f2s!<\/p>\n<p>Primer de tot&#8230; veiem aquests v\u00eddeos:<\/p>\n<p>[coolplayer width=&#8221;480&#8243; height=&#8221;380&#8243; autoplay=&#8221;0&#8243; loop=&#8221;0&#8243; charset=&#8221;utf-8&#8243; download=&#8221;1&#8243; mediatype=&#8221;&#8221;]<br \/>\n<a href=\"http:\/\/youtube.com\/watch?v=K0ENYq_y2N4\">Interaction Poblenou<\/a><br \/>\n[\/coolplayer]<\/p>\n<p>[coolplayer width=&#8221;480&#8243; height=&#8221;380&#8243; autoplay=&#8221;0&#8243; loop=&#8221;0&#8243; charset=&#8221;utf-8&#8243; download=&#8221;1&#8243; mediatype=&#8221;&#8221;]<br \/>\n<a href=\"http:\/\/youtube.com\/watch?v=u-fztr8d-Hc\">Caminar Poblenou<\/a><br \/>\n[\/coolplayer]<\/p>\n<p><strong>Vols veure els llocs que hem conegut de Poblenou?<br \/>\n<a href=\"http:\/\/blog.ravalnet.org\/casalnet07\/2007\/07\/04\/\">Clica aqu\u00ed!<\/a><\/strong><\/p>\n<p>Documenta&#8217;t!<\/p>\n<p>Grup 1:<\/p>\n<p><a href=\"http:\/\/blog.ravalnet.org\/casalnet07\/files\/2007\/07\/1_22_districte_innovacio.pdf\" title=\"22@ Districte innovaci\u00f3\">22@ Districte innovaci\u00f3<\/a><\/p>\n<p><a href=\"http:\/\/blog.ravalnet.org\/casalnet07\/files\/2007\/07\/2_22_poblenou_avanca.pdf\" title=\"22@ Poblenou avan\u00e7a\">22@ Poblenou avan\u00e7a<\/a><\/p>\n<p>Grup 2:<\/p>\n<p><a href=\"http:\/\/blog.ravalnet.org\/casalnet07\/files\/2007\/07\/3_pla-22-barcelona.odt\" title=\"Pla 22@Barcelona\">Pla 22@Barcelona<\/a><\/p>\n<p><a href=\"http:\/\/www.22barcelona.com\/\" title=\"P\u00e0gina oficial del 22@\">P\u00e0gina oficial del 22@<\/a><\/p>\n<p>Grup 3:<\/p>\n<p><a href=\"http:\/\/youtube.com\/watch?v=kakXnVABGKM\" title=\"El cas Can Ricard\">El cas Can Ricart<\/a><\/p>\n<p><a href=\"http:\/\/www.salvemcanricart.org\/modules.php?op=modload&amp;name=Downloads&amp;file=index&amp;req=getit&amp;lid=12\" title=\"Recull de premsa Can Ricart\">Recull de premsa sobre Can Ricart <\/a><\/p>\n<p><a href=\"http:\/\/www.salvemcanricart.org\/\" title=\"Salvem Can Ricart\">Salvem Can Ricart<\/a><\/p>\n<p>Grup 4:<\/p>\n<p><a href=\"http:\/\/youtube.com\/watch?v=YfBipxlDPC0\" title=\"La Makabra\">La Makabra <\/a><\/p>\n<p><a href=\"http:\/\/youtube.com\/watch?v=D0GAsmzgkzA\" title=\"Enderrocament de la Makabra\">Enderrocament de la Makabra<\/a><\/p>\n<p><a href=\"http:\/\/www.lamakabra.org\/\" title=\"La Makabra\">La Makabra<\/a><\/p>\n<p>Qu\u00e8 tenen a veure la Makabra i Can Ricart?<br \/>\nMirem aquest v\u00eddeo:<\/p>\n<p>[coolplayer width=&#8221;480&#8243; height=&#8221;380&#8243; autoplay=&#8221;0&#8243; loop=&#8221;0&#8243; charset=&#8221;utf-8&#8243; download=&#8221;1&#8243; mediatype=&#8221;&#8221;]<br \/>\n<a href=\"http:\/\/youtube.com\/watch?v=eiY8vWKnv8g\">La Makabra okupa Can Ricart<\/a><br \/>\n[\/coolplayer]<\/p>\n","protected":false},"excerpt":{"rendered":"<p>Comen\u00e7a la gira a Poblenou! F\u00e0briques, naus industrials, platges, la Rambla, el F\u00f2rum&#8230; fins al Bes\u00f2s! Primer de tot&#8230; veiem aquests v\u00eddeos: [coolplayer width=&#8221;480&#8243; height=&#8221;380&#8243; autoplay=&#8221;0&#8243; loop=&#8221;0&#8243; charset=&#8221;utf-8&#8243; download=&#8221;1&#8243; mediatype=&#8221;&#8221;] Interaction Poblenou [\/coolplayer] [coolplayer width=&#8221;480&#8243; height=&#8221;380&#8243; autoplay=&#8221;0&#8243; loop=&#8221;0&#8243; charset=&#8221;utf-8&#8243; download=&#8221;1&#8243; mediatype=&#8221;&#8221;] Caminar Poblenou [\/coolplayer] Vols veure els llocs que hem conegut de Poblenou? Clica aqu\u00ed! [&hellip;]<\/p>\n","protected":false},"author":5,"featured_media":0,"parent":0,"menu_order":5,"comment_status":"open","ping_status":"open","template":"","meta":{"ngg_post_thumbnail":0,"footnotes":""},"class_list":["post-5","page","type-page","status-publish","hentry"],"_links":{"self":[{"href":"https:\/\/blog.ravalnet.org\/casalnet07\/wp-json\/wp\/v2\/pages\/5","targetHints":{"allow":["GET"]}}],"collection":[{"href":"https:\/\/blog.ravalnet.org\/casalnet07\/wp-json\/wp\/v2\/pages"}],"about":[{"href":"https:\/\/blog.ravalnet.org\/casalnet07\/wp-json\/wp\/v2\/types\/page"}],"author":[{"embeddable":true,"href":"https:\/\/blog.ravalnet.org\/casalnet07\/wp-json\/wp\/v2\/users\/5"}],"replies":[{"embeddable":true,"href":"https:\/\/blog.ravalnet.org\/casalnet07\/wp-json\/wp\/v2\/comments?post=5"}],"version-history":[{"count":0,"href":"https:\/\/blog.ravalnet.org\/casalnet07\/wp-json\/wp\/v2\/pages\/5\/revisions"}],"wp:attachment":[{"href":"https:\/\/blog.ravalnet.org\/casalnet07\/wp-json\/wp\/v2\/media?parent=5"}],"curies":[{"name":"wp","href":"https:\/\/api.w.org\/{rel}","templated":true}]}}