{"id":53,"date":"2007-07-18T16:42:49","date_gmt":"2007-07-18T14:42:49","guid":{"rendered":"http:\/\/blog.ravalnet.org\/casalnet07\/gira-montbau\/"},"modified":"2007-07-31T11:50:50","modified_gmt":"2007-07-31T09:50:50","slug":"gira-montbau","status":"publish","type":"page","link":"https:\/\/blog.ravalnet.org\/casalnet07\/gira-montbau\/","title":{"rendered":"Gira Montbau"},"content":{"rendered":"<p>Casaleros!!!!<\/p>\n<p>Anem a les muntanyes de Barcelona!!!<\/p>\n<p>Montbau \u00e9s un dels barris m\u00e9s desconeguts de la ciutat. Es troba a la falda de Collserola, al costat de la Vall d&#8217;Hebr\u00f3n.<\/p>\n<p>Tenim la oportunitat de con\u00e8ixe&#8217;l gr\u00e0cies a uns guies molt experimentats&#8230; t&#8217;animes?<\/p>\n<p>Aqu\u00ed tens un mapa de Montbau per a que et vagis situant&#8230;<\/p>\n<p align=\"left\"> <a href=\"http:\/\/blog.ravalnet.org\/casalnet07\/files\/2007\/07\/montbau4.jpg\" title=\"Mapa de Montbau\"><img loading=\"lazy\" decoding=\"async\" src=\"http:\/\/blog.ravalnet.org\/casalnet07\/files\/2007\/07\/montbau4.jpg\" alt=\"Mapa de Montbau\" height=\"511\" width=\"511\" \/><\/a><\/p>\n","protected":false},"excerpt":{"rendered":"<p>Casaleros!!!! Anem a les muntanyes de Barcelona!!! Montbau \u00e9s un dels barris m\u00e9s desconeguts de la ciutat. Es troba a la falda de Collserola, al costat de la Vall d&#8217;Hebr\u00f3n. Tenim la oportunitat de con\u00e8ixe&#8217;l gr\u00e0cies a uns guies molt experimentats&#8230; t&#8217;animes? Aqu\u00ed tens un mapa de Montbau per a que et vagis situant&#8230;<\/p>\n","protected":false},"author":5,"featured_media":0,"parent":0,"menu_order":6,"comment_status":"open","ping_status":"open","template":"","meta":{"ngg_post_thumbnail":0,"footnotes":""},"class_list":["post-53","page","type-page","status-publish","hentry"],"_links":{"self":[{"href":"https:\/\/blog.ravalnet.org\/casalnet07\/wp-json\/wp\/v2\/pages\/53","targetHints":{"allow":["GET"]}}],"collection":[{"href":"https:\/\/blog.ravalnet.org\/casalnet07\/wp-json\/wp\/v2\/pages"}],"about":[{"href":"https:\/\/blog.ravalnet.org\/casalnet07\/wp-json\/wp\/v2\/types\/page"}],"author":[{"embeddable":true,"href":"https:\/\/blog.ravalnet.org\/casalnet07\/wp-json\/wp\/v2\/users\/5"}],"replies":[{"embeddable":true,"href":"https:\/\/blog.ravalnet.org\/casalnet07\/wp-json\/wp\/v2\/comments?post=53"}],"version-history":[{"count":0,"href":"https:\/\/blog.ravalnet.org\/casalnet07\/wp-json\/wp\/v2\/pages\/53\/revisions"}],"wp:attachment":[{"href":"https:\/\/blog.ravalnet.org\/casalnet07\/wp-json\/wp\/v2\/media?parent=53"}],"curies":[{"name":"wp","href":"https:\/\/api.w.org\/{rel}","templated":true}]}}