{"id":79,"date":"2007-07-26T19:58:25","date_gmt":"2007-07-26T17:58:25","guid":{"rendered":"http:\/\/blog.ravalnet.org\/casalnet07\/videos-en-60-segons\/"},"modified":"2007-07-31T14:57:26","modified_gmt":"2007-07-31T12:57:26","slug":"videos-en-60-segons","status":"publish","type":"page","link":"https:\/\/blog.ravalnet.org\/casalnet07\/videos-en-60-segons\/","title":{"rendered":"V\u00eddeos en 60 segons"},"content":{"rendered":"<p>Hi ha hist\u00f2ries que duren 60 segons i son capaces d&#8217;explicar infinitat de coses. Son hist\u00f2ries curtes i intenses, imatges que parlen m\u00e9s que mil paraules. Paraules que expliquen m\u00e9s que mil imatges.<\/p>\n<p>Nosaltres hem fet els nostres v\u00eddeos d&#8217;un minut i us convidem a que els veieu&#8230; Us animeu?<\/p>\n<p>Endavant!!!<\/p>\n<table border=\"0\" cellpadding=\"0\" cellspacing=\"0\" width=\"100%\">\n<tr>\n<td valign=\"top\" width=\"220\"><img decoding=\"async\" src=\"http:\/\/blog.ravalnet.org\/casalnet07\/files\/2007\/07\/video.gif\" alt=\"Fem\" \/><\/td>\n<td><strong>V\u00eddeo 1:<\/strong><br \/>\nT\u00edtol: \u201c<a href=\"http:\/\/blog.ravalnet.org\/casalnet07\/?p=82\"><em>Torneig de futbol platja 3\u00d73<\/em><\/a>&#8221;<br \/>\nAutor: Zhao Yang<br \/>\nDuraci\u00f3: 1 minut<\/p>\n<p><strong>V\u00eddeo 2:<\/strong><br \/>\nT\u00edtol: \u201c<a href=\"http:\/\/blog.ravalnet.org\/casalnet07\/2007\/07\/26\/no-conec-el-lloc\/\" title=\"No conec el lloc\"><em>No conec el lloc\u201d<\/em><\/a><br \/>\nAutor: Jahangir<br \/>\nDuraci\u00f3: 1 minut<\/p>\n<p><strong>V\u00eddeo 3:<\/strong><br \/>\nT\u00edtol: \u201c<a href=\"http:\/\/blog.ravalnet.org\/casalnet07\/2007\/07\/31\/lequip-de-barcelona-rajinder\/\" title=\"L'equip de Barcelona\"><em>L\u2019equip de Barcelona<\/em><\/a><em>\u201c<\/em><br \/>\nAutora: Rajinder<br \/>\nDuraci\u00f3: 1 minut<\/p>\n<p><strong>V\u00eddeo 4:<\/strong><br \/>\nT\u00edtol: \u201c<a href=\"http:\/\/blog.ravalnet.org\/casalnet07\/2007\/07\/13\/concert-festa-major-2007\/\" title=\"L'equip de Barcelona\"><em>Concert Festa Major 2007<\/em><\/a><em>\u201c<\/em><br \/>\nAutora: Casalnet07<br \/>\nDuraci\u00f3: 1 minut 20 segons (fragment)<\/td>\n<\/tr>\n<\/table>\n","protected":false},"excerpt":{"rendered":"<p>Hi ha hist\u00f2ries que duren 60 segons i son capaces d&#8217;explicar infinitat de coses. Son hist\u00f2ries curtes i intenses, imatges que parlen m\u00e9s que mil paraules. Paraules que expliquen m\u00e9s que mil imatges. Nosaltres hem fet els nostres v\u00eddeos d&#8217;un minut i us convidem a que els veieu&#8230; Us animeu? Endavant!!! V\u00eddeo 1: T\u00edtol: \u201cTorneig [&hellip;]<\/p>\n","protected":false},"author":5,"featured_media":0,"parent":0,"menu_order":9,"comment_status":"open","ping_status":"open","template":"","meta":{"ngg_post_thumbnail":0,"footnotes":""},"class_list":["post-79","page","type-page","status-publish","hentry"],"_links":{"self":[{"href":"https:\/\/blog.ravalnet.org\/casalnet07\/wp-json\/wp\/v2\/pages\/79","targetHints":{"allow":["GET"]}}],"collection":[{"href":"https:\/\/blog.ravalnet.org\/casalnet07\/wp-json\/wp\/v2\/pages"}],"about":[{"href":"https:\/\/blog.ravalnet.org\/casalnet07\/wp-json\/wp\/v2\/types\/page"}],"author":[{"embeddable":true,"href":"https:\/\/blog.ravalnet.org\/casalnet07\/wp-json\/wp\/v2\/users\/5"}],"replies":[{"embeddable":true,"href":"https:\/\/blog.ravalnet.org\/casalnet07\/wp-json\/wp\/v2\/comments?post=79"}],"version-history":[{"count":0,"href":"https:\/\/blog.ravalnet.org\/casalnet07\/wp-json\/wp\/v2\/pages\/79\/revisions"}],"wp:attachment":[{"href":"https:\/\/blog.ravalnet.org\/casalnet07\/wp-json\/wp\/v2\/media?parent=79"}],"curies":[{"name":"wp","href":"https:\/\/api.w.org\/{rel}","templated":true}]}}