{"id":152,"date":"2009-06-04T14:41:12","date_gmt":"2009-06-04T12:41:12","guid":{"rendered":"http:\/\/blog.ravalnet.org\/casalnet09\/?page_id=152"},"modified":"2009-06-30T11:12:18","modified_gmt":"2009-06-30T09:12:18","slug":"tallers","status":"publish","type":"page","link":"https:\/\/blog.ravalnet.org\/casalnet09\/tallers\/","title":{"rendered":"TALLERS"},"content":{"rendered":"<p>A <strong>Casalnet 09<\/strong> podreu participar als diferents tallers proposats. Durant dues setmanes farem tallers tem\u00e0tics de creaci\u00f3 i tallers esportius. Consulta el <a href=\"http:\/\/blog.ravalnet.org\/casalnet09\/calendari\/\">calendari.<\/a><\/p>\n<p>Us fem una primera proposta de dos tallers per dia, \u00e9s a dir, heu de triar un:<\/p>\n<p>DILLUNS\u00a0 I DIMECRES:<\/p>\n<ul>\n<li><strong><a title=\"Taller Parkour\" href=\"http:\/\/blog.ravalnet.org\/casalnet09\/tallers\/parkour\/\" target=\"_self\">PARKOUR <\/a><br \/>\n<\/strong><\/li>\n<li><a href=\"http:\/\/blog.ravalnet.org\/casalnet09\/tallers\/tallerdj\/\" target=\"_self\"><strong>TALLER Dj<\/strong><\/a><\/li>\n<\/ul>\n<p>DIMARTS I DIJOUS<\/p>\n<ul>\n<li><a title=\"Taller de graffiti\" href=\"http:\/\/blog.ravalnet.org\/casalnet09\/tallers\/graffitigraffiti\/\" target=\"_self\"><strong>GRAFFITI<\/strong><\/a><\/li>\n<\/ul>\n<p>Tamb\u00e9 realitzarem campionats de futbol\u00ed i d&#8217;esports amb la Wii!! Aquestes propostes s&#8217;han de concretar amb tots vosaltres.<\/p>\n<p>AQUEST ESTIU, NO ET QUEDIS AL SOF\u00c0&#8230; VINE AL TEB!! CASALNET09<\/p>\n","protected":false},"excerpt":{"rendered":"<p>A Casalnet 09 podreu participar als diferents tallers proposats. Durant dues setmanes farem tallers tem\u00e0tics de creaci\u00f3 i tallers esportius. Consulta el calendari. Us fem una primera proposta de dos tallers per dia, \u00e9s a dir, heu de triar un: DILLUNS\u00a0 I DIMECRES: PARKOUR TALLER Dj DIMARTS I DIJOUS GRAFFITI Tamb\u00e9 realitzarem campionats de futbol\u00ed [&hellip;]<\/p>\n","protected":false},"author":36,"featured_media":0,"parent":0,"menu_order":1,"comment_status":"closed","ping_status":"open","template":"","meta":{"ngg_post_thumbnail":0,"footnotes":""},"class_list":["post-152","page","type-page","status-publish","hentry"],"_links":{"self":[{"href":"https:\/\/blog.ravalnet.org\/casalnet09\/wp-json\/wp\/v2\/pages\/152","targetHints":{"allow":["GET"]}}],"collection":[{"href":"https:\/\/blog.ravalnet.org\/casalnet09\/wp-json\/wp\/v2\/pages"}],"about":[{"href":"https:\/\/blog.ravalnet.org\/casalnet09\/wp-json\/wp\/v2\/types\/page"}],"author":[{"embeddable":true,"href":"https:\/\/blog.ravalnet.org\/casalnet09\/wp-json\/wp\/v2\/users\/36"}],"replies":[{"embeddable":true,"href":"https:\/\/blog.ravalnet.org\/casalnet09\/wp-json\/wp\/v2\/comments?post=152"}],"version-history":[{"count":16,"href":"https:\/\/blog.ravalnet.org\/casalnet09\/wp-json\/wp\/v2\/pages\/152\/revisions"}],"predecessor-version":[{"id":158,"href":"https:\/\/blog.ravalnet.org\/casalnet09\/wp-json\/wp\/v2\/pages\/152\/revisions\/158"}],"wp:attachment":[{"href":"https:\/\/blog.ravalnet.org\/casalnet09\/wp-json\/wp\/v2\/media?parent=152"}],"curies":[{"name":"wp","href":"https:\/\/api.w.org\/{rel}","templated":true}]}}