{"id":250,"date":"2009-06-25T19:09:06","date_gmt":"2009-06-25T17:09:06","guid":{"rendered":"http:\/\/blog.ravalnet.org\/casalnet09\/?page_id=250"},"modified":"2009-06-29T10:18:14","modified_gmt":"2009-06-29T08:18:14","slug":"tallerdj","status":"publish","type":"page","link":"https:\/\/blog.ravalnet.org\/casalnet09\/tallers\/tallerdj\/","title":{"rendered":"Taller Dj"},"content":{"rendered":"<h1 style=\"text-align: left\">Taller de Dj<\/h1>\n<p>Benvinguts al taller de Dj.\u00a0 Aquest \u00e9s un taller on aprendrem a fer les nostres pr\u00f2pies sessions!<\/p>\n<p>Per comen\u00e7ar us volem presentar uns v\u00eddeos que hem trobat a Youtube, on veureu quin material farem servir:<\/p>\n<p><strong>Denon Dj<\/strong><\/p>\n<p>[pro-player width=&#8217;450&#8242; height=&#8217;338&#8242; type=&#8217;FLV&#8217;]http:\/\/blog.ravalnet.org\/casalnet09\/files\/2009\/06\/1.flv[\/pro-player]<\/p>\n<p><strong>Virtual Dj<\/strong><\/p>\n<p>[pro-player width=&#8217;450&#8242; height=&#8217;338&#8242; type=&#8217;FLV&#8217;]http:\/\/blog.ravalnet.org\/casalnet09\/files\/2009\/06\/2.flv[\/pro-player]<\/p>\n<p><strong>Recursos d&#8217;\u00e0udio<\/strong><\/p>\n<p>Coneixerem algun llocs a Internet on podem descarregar bases, temes i sons de manera lliure i legal. Els trobareu en aquest enlla\u00e7: <a href=\"http:\/\/blog.ravalnet.org\/casalnet09\/tallers\/tallerdj\/recursossonors\/\" target=\"_self\">recursos d&#8217;\u00e0udio<\/a>.<\/p>\n<p><strong>Programes<\/strong><\/p>\n<p>Utilitzarem un programa d&#8217;edici\u00f3 de so lliure (l&#8217;Audacity) en una versi\u00f3 &#8220;per endur&#8221;, que podreu executar des del vostre llapis USB en qualsevol ordinador que feu servir.<\/p>\n<p>I tamb\u00e9 provarem una c\u00f2pia d&#8217;avaluaci\u00f3 de Virtual Dj, un programa que ens permet moltes possibilitats.<\/p>\n<p><a href=\"http:\/\/blog.ravalnet.org\/casalnet09\/tallers\/tallerdj\/programes\/\" target=\"_self\">Recursos de programes<\/a><\/p>\n","protected":false},"excerpt":{"rendered":"<p>Taller de Dj Benvinguts al taller de Dj.\u00a0 Aquest \u00e9s un taller on aprendrem a fer les nostres pr\u00f2pies sessions! Per comen\u00e7ar us volem presentar uns v\u00eddeos que hem trobat a Youtube, on veureu quin material farem servir: Denon Dj [pro-player width=&#8217;450&#8242; height=&#8217;338&#8242; type=&#8217;FLV&#8217;]http:\/\/blog.ravalnet.org\/casalnet09\/files\/2009\/06\/1.flv[\/pro-player] Virtual Dj [pro-player width=&#8217;450&#8242; height=&#8217;338&#8242; type=&#8217;FLV&#8217;]http:\/\/blog.ravalnet.org\/casalnet09\/files\/2009\/06\/2.flv[\/pro-player] Recursos d&#8217;\u00e0udio Coneixerem algun llocs [&hellip;]<\/p>\n","protected":false},"author":36,"featured_media":0,"parent":152,"menu_order":20,"comment_status":"open","ping_status":"open","template":"","meta":{"ngg_post_thumbnail":0,"footnotes":""},"class_list":["post-250","page","type-page","status-publish","hentry"],"_links":{"self":[{"href":"https:\/\/blog.ravalnet.org\/casalnet09\/wp-json\/wp\/v2\/pages\/250","targetHints":{"allow":["GET"]}}],"collection":[{"href":"https:\/\/blog.ravalnet.org\/casalnet09\/wp-json\/wp\/v2\/pages"}],"about":[{"href":"https:\/\/blog.ravalnet.org\/casalnet09\/wp-json\/wp\/v2\/types\/page"}],"author":[{"embeddable":true,"href":"https:\/\/blog.ravalnet.org\/casalnet09\/wp-json\/wp\/v2\/users\/36"}],"replies":[{"embeddable":true,"href":"https:\/\/blog.ravalnet.org\/casalnet09\/wp-json\/wp\/v2\/comments?post=250"}],"version-history":[{"count":23,"href":"https:\/\/blog.ravalnet.org\/casalnet09\/wp-json\/wp\/v2\/pages\/250\/revisions"}],"predecessor-version":[{"id":335,"href":"https:\/\/blog.ravalnet.org\/casalnet09\/wp-json\/wp\/v2\/pages\/250\/revisions\/335"}],"up":[{"embeddable":true,"href":"https:\/\/blog.ravalnet.org\/casalnet09\/wp-json\/wp\/v2\/pages\/152"}],"wp:attachment":[{"href":"https:\/\/blog.ravalnet.org\/casalnet09\/wp-json\/wp\/v2\/media?parent=250"}],"curies":[{"name":"wp","href":"https:\/\/api.w.org\/{rel}","templated":true}]}}