{"id":272,"date":"2009-06-27T11:15:23","date_gmt":"2009-06-27T09:15:23","guid":{"rendered":"http:\/\/blog.ravalnet.org\/casalnet09\/?page_id=272"},"modified":"2009-06-27T14:30:51","modified_gmt":"2009-06-27T12:30:51","slug":"recursossonors","status":"publish","type":"page","link":"https:\/\/blog.ravalnet.org\/casalnet09\/tallers\/tallerdj\/recursossonors\/","title":{"rendered":"Recursos sonors"},"content":{"rendered":"<h1>Recursos sonors<\/h1>\n<p>Una part important per crear les teves sessions ser\u00e0 saber-te buscar la vida per aconseguir els samples, loops, efectes i sons en general que disparar\u00e0s des dels teus plats. Sempre pots gravar-los t\u00fa mateix, o surfejar la xarxa per trobar materials compartits, que pots descarregar i fins i tot modificar de forma legal. Aix\u00f2 s\u00ed, fixa&#8217;t en les llic\u00e8ncies!<\/p>\n<p>Aqu\u00ed presentem alguns recursos:<\/p>\n<p>&#8212;&#8212;&#8212;&#8212;&#8212;&#8212;&#8212;&#8212;&#8212;&#8212;&#8212;&#8212;&#8212;&#8212;&#8212;&#8212;&#8212;&#8212;&#8212;&#8212;&#8212;&#8212;&#8212;&#8212;&#8212;&#8212;&#8212;&#8212;&#8212;&#8212;&#8212;&#8212;-<\/p>\n<h2>ccmixter<\/h2>\n<p><a href=\"http:\/\/ccmixter.org\/\" target=\"_blank\"><img loading=\"lazy\" decoding=\"async\" style=\"margin-right: 5px;float: left\" src=\"http:\/\/ccmixter.org\/mixter-files\/images\/cc-mixter-sq-logo.png\" alt=\"logo ccmixter\" width=\"99\" height=\"52\" \/><\/a><\/p>\n<p>Aquest \u00e9s un espai comunitari per totes aquelles persones que comparteixen les seves mescles sota llic\u00e8ncies creative commons. Qu\u00e8 hi pots fer? Doncs trobar samples i loops per a fer les teves pr\u00f2pies remescles i escoltar les que d&#8217;altres han publicat.<\/p>\n<p style=\"padding-left: 120px\">Per exemple, us recomanem aquest espai de llibreries de sons<br \/>\nque podeu xafardejar i descarregar:<\/p>\n<p style=\"padding-left: 120px\"><a title=\"Samples ccmixter\" href=\"http:\/\/ccmixter.org\/view\/media\/samples\" target=\"_blank\">http:\/\/ccmixter.org\/view\/media\/samples<\/a><\/p>\n<p style=\"padding-left: 120px\">&#8230; on es poden trobar coses tant diferents com:<\/p>\n<p style=\"padding-left: 90px\"><a href=\"http:\/\/ccmixter.org\/content\/BillRayDrums\/BillRayDrums_-_Extemporaneous_Drum_solo_from_2007.mp3\">Exemple ccmixter<\/a> <a href=\"http:\/\/ccmixter.org\/content\/thespiritoflight\/thespiritoflight_-_Funky_Interlude.mp3\">Exemple ccmixter<\/a><\/p>\n<p style=\"padding-left: 90px\"><a href=\"http:\/\/ccmixter.org\/content\/pjburnhill\/pjburnhill_-_Dirty_Transformer_Full_Beat_1.mp3\">Exemple ccmixter<\/a> <a href=\"http:\/\/ccmixter.org\/content\/tazzista\/tazzista_-_chicharra_s_drumroll_loop.mp3\">Exemple ccmixter<\/a><\/p>\n<p>&#8212;&#8212;&#8212;&#8212;&#8212;&#8212;&#8212;&#8212;&#8212;&#8212;&#8212;&#8212;&#8212;&#8212;&#8212;&#8212;&#8212;&#8212;&#8212;&#8212;&#8212;&#8212;&#8212;&#8212;&#8212;&#8212;&#8212;&#8212;&#8212;&#8212;&#8212;&#8212;-<\/p>\n<h2>Jamendo.com<\/h2>\n<p>En aquest espai podr\u00e0s trobar temes publicats sota llic\u00e8ncies obertes. Aix\u00ed, podr\u00e0s trobar autors que hi publiquen i s&#8217;hi fan con\u00e8ixer, un exemple que hi he trobat \u00e9s el seg\u00fcent (fixa&#8217;t que pots descarregar-lo, distribuir-lo&#8230; aix\u00f2 s\u00ed, acostuma&#8217;t a comprovar la llic\u00e8ncia, que et dir\u00e0 qu\u00e8 pots fer i com):<br \/>\n<img loading=\"lazy\" decoding=\"async\" class=\"alignright size-full wp-image-281\" src=\"http:\/\/blog.ravalnet.org\/casalnet09\/files\/2009\/06\/llicenciajamendo.png\" alt=\"llicenciajamendo\" width=\"309\" height=\"189\" srcset=\"https:\/\/blog.ravalnet.org\/casalnet09\/files\/2009\/06\/llicenciajamendo.png 309w, https:\/\/blog.ravalnet.org\/casalnet09\/files\/2009\/06\/llicenciajamendo-300x183.png 300w\" sizes=\"auto, (max-width: 309px) 100vw, 309px\" \/><\/p>\n<div style=\"text-align: center\"><object width=\"200\" height=\"300\" data=\"http:\/\/widgets.jamendo.com\/es\/album\/?album_id=47826&amp;playertype=2008\" type=\"application\/x-shockwave-flash\"><param name=\"align\" value=\"middle\" \/><param name=\"allowScriptAccess\" value=\"always\" \/><param name=\"wmode\" value=\"transparent\" \/><param name=\"quality\" value=\"high\" \/><param name=\"bgcolor\" value=\"#FFFFFF\" \/><param name=\"src\" value=\"http:\/\/widgets.jamendo.com\/es\/album\/?album_id=47826&amp;playertype=2008\" \/><\/object><\/div>\n<p>O tamb\u00e9 pots buscar per paraules. Un exemple: a la cerca &#8220;sample hip hop&#8221;, he trobat els seg\u00fcents resultats:<\/p>\n<div style=\"float: right;text-align: right\"><object width=\"200\" height=\"300\" data=\"http:\/\/widgets.jamendo.com\/es\/album\/?album_id=35058&amp;playertype=2008\" type=\"application\/x-shockwave-flash\"><param name=\"allowScriptAccess\" value=\"always\" \/><param name=\"wmode\" value=\"transparent\" \/><param name=\"quality\" value=\"high\" \/><param name=\"bgcolor\" value=\"#FFFFFF\" \/><param name=\"src\" value=\"http:\/\/widgets.jamendo.com\/es\/album\/?album_id=35058&amp;playertype=2008\" \/><\/object><\/div>\n<div style=\"float: right;text-align: right\"><object width=\"200\" height=\"300\" data=\"http:\/\/widgets.jamendo.com\/es\/album\/?album_id=36255&amp;playertype=2008\" type=\"application\/x-shockwave-flash\"><param name=\"allowScriptAccess\" value=\"always\" \/><param name=\"wmode\" value=\"transparent\" \/><param name=\"quality\" value=\"high\" \/><param name=\"bgcolor\" value=\"#FFFFFF\" \/><param name=\"src\" value=\"http:\/\/widgets.jamendo.com\/es\/album\/?album_id=36255&amp;playertype=2008\" \/><\/object><\/div>\n<div style=\"text-align: right\"><object width=\"200\" height=\"300\" data=\"http:\/\/widgets.jamendo.com\/es\/album\/?album_id=36254&amp;playertype=2008\" type=\"application\/x-shockwave-flash\"><param name=\"allowScriptAccess\" value=\"always\" \/><param name=\"wmode\" value=\"transparent\" \/><param name=\"quality\" value=\"high\" \/><param name=\"bgcolor\" value=\"#FFFFFF\" \/><param name=\"src\" value=\"http:\/\/widgets.jamendo.com\/es\/album\/?album_id=36254&amp;playertype=2008\" \/><\/object><\/div>\n<div>&#8212;&#8212;&#8212;&#8212;&#8212;&#8212;&#8212;&#8212;&#8212;&#8212;&#8212;&#8212;&#8212;&#8212;&#8212;&#8212;&#8212;&#8212;&#8212;&#8212;&#8212;&#8212;&#8212;&#8212;&#8212;&#8212;&#8212;&#8212;&#8212;&#8212;&#8212;&#8212;-<\/div>\n","protected":false},"excerpt":{"rendered":"<p>Recursos sonors Una part important per crear les teves sessions ser\u00e0 saber-te buscar la vida per aconseguir els samples, loops, efectes i sons en general que disparar\u00e0s des dels teus plats. Sempre pots gravar-los t\u00fa mateix, o surfejar la xarxa per trobar materials compartits, que pots descarregar i fins i tot modificar de forma legal. [&hellip;]<\/p>\n","protected":false},"author":36,"featured_media":0,"parent":250,"menu_order":200,"comment_status":"open","ping_status":"open","template":"","meta":{"ngg_post_thumbnail":0,"footnotes":""},"class_list":["post-272","page","type-page","status-publish","hentry"],"_links":{"self":[{"href":"https:\/\/blog.ravalnet.org\/casalnet09\/wp-json\/wp\/v2\/pages\/272","targetHints":{"allow":["GET"]}}],"collection":[{"href":"https:\/\/blog.ravalnet.org\/casalnet09\/wp-json\/wp\/v2\/pages"}],"about":[{"href":"https:\/\/blog.ravalnet.org\/casalnet09\/wp-json\/wp\/v2\/types\/page"}],"author":[{"embeddable":true,"href":"https:\/\/blog.ravalnet.org\/casalnet09\/wp-json\/wp\/v2\/users\/36"}],"replies":[{"embeddable":true,"href":"https:\/\/blog.ravalnet.org\/casalnet09\/wp-json\/wp\/v2\/comments?post=272"}],"version-history":[{"count":24,"href":"https:\/\/blog.ravalnet.org\/casalnet09\/wp-json\/wp\/v2\/pages\/272\/revisions"}],"predecessor-version":[{"id":274,"href":"https:\/\/blog.ravalnet.org\/casalnet09\/wp-json\/wp\/v2\/pages\/272\/revisions\/274"}],"up":[{"embeddable":true,"href":"https:\/\/blog.ravalnet.org\/casalnet09\/wp-json\/wp\/v2\/pages\/250"}],"wp:attachment":[{"href":"https:\/\/blog.ravalnet.org\/casalnet09\/wp-json\/wp\/v2\/media?parent=272"}],"curies":[{"name":"wp","href":"https:\/\/api.w.org\/{rel}","templated":true}]}}