{"id":29,"date":"2009-05-21T13:30:50","date_gmt":"2009-05-21T11:30:50","guid":{"rendered":"http:\/\/blog.ravalnet.org\/casalnet09\/?page_id=29"},"modified":"2010-05-15T11:45:13","modified_gmt":"2010-05-15T09:45:13","slug":"tebtv","status":"publish","type":"page","link":"https:\/\/blog.ravalnet.org\/casalnet09\/","title":{"rendered":"TEB_TV"},"content":{"rendered":"<p>Aqui teniu la gravaci\u00f3 de la emissi\u00f3 en directe de TebTV realitzada el dia 28\/07\/09<\/p>\n<div style=\"text-align: center\">[pro-player width=&#8217;480&#8242; height=&#8217;360&#8242; type=&#8217;FLV&#8217;]http:\/\/blog.ravalnet.org\/wp-content\/themes\/casalnet2009\/images\/tebTv.flv[\/pro-player]<\/div>\n<p>Benvinguts a TebTV!! En aquesta p\u00e0gina farem el nostre programa de televisi\u00f3 per Internet. Vols fer de c\u00e0mara, de presentador, realitzador, entrevistador&#8230; Som-hi!!<\/p>\n<p>V\u00eddeo sobre la emisi\u00f3n de video en directo por Internet del projecte de Madrid<a href=\"http:\/\/www.sinantena.net\/vieja\/video.html\"> SinAntena<\/a><\/p>\n<p>[youtube]http:\/\/www.youtube.com\/watch?v=OB37kr9EmVU&amp;feature=player_embedded[\/youtube]<\/p>\n","protected":false},"excerpt":{"rendered":"<p>Aqui teniu la gravaci\u00f3 de la emissi\u00f3 en directe de TebTV realitzada el dia 28\/07\/09 [pro-player width=&#8217;480&#8242; height=&#8217;360&#8242; type=&#8217;FLV&#8217;]http:\/\/blog.ravalnet.org\/wp-content\/themes\/casalnet2009\/images\/tebTv.flv[\/pro-player] Benvinguts a TebTV!! En aquesta p\u00e0gina farem el nostre programa de televisi\u00f3 per Internet. Vols fer de c\u00e0mara, de presentador, realitzador, entrevistador&#8230; Som-hi!! V\u00eddeo sobre la emisi\u00f3n de video en directo por Internet del projecte de [&hellip;]<\/p>\n","protected":false},"author":36,"featured_media":0,"parent":0,"menu_order":2,"comment_status":"closed","ping_status":"open","template":"","meta":{"ngg_post_thumbnail":0,"footnotes":""},"class_list":["post-29","page","type-page","status-publish","hentry"],"_links":{"self":[{"href":"https:\/\/blog.ravalnet.org\/casalnet09\/wp-json\/wp\/v2\/pages\/29","targetHints":{"allow":["GET"]}}],"collection":[{"href":"https:\/\/blog.ravalnet.org\/casalnet09\/wp-json\/wp\/v2\/pages"}],"about":[{"href":"https:\/\/blog.ravalnet.org\/casalnet09\/wp-json\/wp\/v2\/types\/page"}],"author":[{"embeddable":true,"href":"https:\/\/blog.ravalnet.org\/casalnet09\/wp-json\/wp\/v2\/users\/36"}],"replies":[{"embeddable":true,"href":"https:\/\/blog.ravalnet.org\/casalnet09\/wp-json\/wp\/v2\/comments?post=29"}],"version-history":[{"count":61,"href":"https:\/\/blog.ravalnet.org\/casalnet09\/wp-json\/wp\/v2\/pages\/29\/revisions"}],"predecessor-version":[{"id":31,"href":"https:\/\/blog.ravalnet.org\/casalnet09\/wp-json\/wp\/v2\/pages\/29\/revisions\/31"}],"wp:attachment":[{"href":"https:\/\/blog.ravalnet.org\/casalnet09\/wp-json\/wp\/v2\/media?parent=29"}],"curies":[{"name":"wp","href":"https:\/\/api.w.org\/{rel}","templated":true}]}}