{"id":336,"date":"2009-06-30T11:05:41","date_gmt":"2009-06-30T09:05:41","guid":{"rendered":"http:\/\/blog.ravalnet.org\/casalnet09\/?page_id=336"},"modified":"2009-07-01T20:04:17","modified_gmt":"2009-07-01T18:04:17","slug":"parkour","status":"publish","type":"page","link":"https:\/\/blog.ravalnet.org\/casalnet09\/tallers\/parkour\/","title":{"rendered":"Parkour"},"content":{"rendered":"<div style=\"width: 625px\" class=\"wp-caption aligncenter\"><img loading=\"lazy\" decoding=\"async\" src=\"http:\/\/blog.ravalnet.org\/casalnet09\/files\/2009\/06\/parkourimage1.jpg\" alt=\"iamgeparkourentrada\" width=\"615\" height=\"138\" \/><p class=\"wp-caption-text\">imatge parkour acci\u00f3<\/p><\/div>\n<h2 style=\"margin-bottom: 0cm\"><strong>1. EXEMPLES DE VIDEOS DE PARKOUR<\/strong><\/h2>\n<p style=\"margin-bottom: 0cm\" lang=\"ca-ES\"><strong><span style=\"color: #ff9900\">Us deixem una mostra de un v\u00eddeo-tutorial  de les acrob\u00e0cies i cabrioles, a vera si ens aprendem el noms per despr\u00e9s practicar-les al carrer \u00a1\u00a1\u00a1\u00a1<\/span><\/strong><\/p>\n<p style=\"margin-bottom: 0cm\" lang=\"ca-ES\"><strong><span style=\"color: #ff9900\"><a href=\"http:\/\/blog.ravalnet.org\/casalnet09\/2009\/07\/01\/video-tutorial-1\/?preview=true&amp;preview_id=381&amp;preview_nonce=53efb28151\">VEURA\u00a0 VIDEO 1<\/a><br \/>\n<\/span><\/strong><\/p>\n<p style=\"margin-bottom: 0cm\" lang=\"ca-ES\"><strong>Tamb\u00e9\u00a0 us posem un parell de v\u00eddeos de Parkour amb gent fent esports i enregistrant v\u00eddeos per el carrer, tos son v\u00eddeos de joves, i un est\u00e1 fet per un jove del Teb.<\/strong><\/p>\n<p style=\"margin-bottom: 0cm\" lang=\"ca-ES\">&#8211; Un v\u00eddeo es de joves de Francia sobre parkour amb una musica:<\/p>\n<p style=\"margin-bottom: 0cm\" lang=\"ca-ES\"><a href=\"http:\/\/blog.ravalnet.org\/casalnet09\/2009\/07\/01\/video-2\/?preview=true&amp;preview_id=387&amp;preview_nonce=02b0a65c22\">VEURA VIDEO 2<\/a><\/p>\n<p style=\"margin-bottom: 0cm\" lang=\"ca-ES\">&#8211; un v\u00eddeo de un jove del Teb, com exemple dels v\u00eddeos que farem aquest Casalnet.<\/p>\n<p><a href=\"http:\/\/blog.ravalnet.org\/casalnet09\/2009\/07\/01\/video-3\/?preview=true&amp;preview_id=391&amp;preview_nonce=52fc62093c\">VEURA V\u00ccDEO 3<\/a><\/p>\n<p style=\"margin-bottom: 0cm\" lang=\"ca-ES\">\n<p style=\"margin-bottom: 0cm\" lang=\"ca-ES\">\n<h2 style=\"margin-bottom: 0cm\">2. HISTORIA i PAGINES DEL PARKOUR<\/h2>\n<p style=\"margin-bottom: 0cm\">A la vikipedia: <a title=\"vikipeiaparkour\" href=\"http:\/\/http:\/\/ca.wikipedia.org\/wiki\/Parkour\">http:\/\/ca.wikipedia.org\/wiki\/Parkour<\/a><\/p>\n<p style=\"margin-bottom: 0cm\">Foro catala de parkour: <a href=\"http:\/\/http:\/\/pkcatalunya.creatuforo.com\">http:\/\/pkcatalunya.creatuforo.com<\/a><\/p>\n<p style=\"margin-bottom: 0cm\">P\u00e1gina de comunitat de parkour: <a href=\"http:\/\/http:\/\/monosurbanos.com\/index.htm\">http:\/\/monosurbanos.com\/index.htm<\/a><\/p>\n<p style=\"margin-bottom: 0cm\">\n<h1 style=\"margin-bottom: 0cm\"><em><span style=\"color: #ff9900\">I recordeu, si us plau  de portar roba de esport i <\/span><\/em><\/h1>\n<h1 style=\"margin-bottom: 0cm\"><em><span style=\"color: #ff9900\">d&#8217;estiu per entrenar aquest esport urb\u00e0 !!!<br \/>\n<\/span><\/em><\/h1>\n<p style=\"margin-bottom: 0cm\" lang=\"ca-ES\">\n<p style=\"margin-bottom: 0cm\" lang=\"ca-ES\">\n","protected":false},"excerpt":{"rendered":"<p>1. EXEMPLES DE VIDEOS DE PARKOUR Us deixem una mostra de un v\u00eddeo-tutorial de les acrob\u00e0cies i cabrioles, a vera si ens aprendem el noms per despr\u00e9s practicar-les al carrer \u00a1\u00a1\u00a1\u00a1 VEURA\u00a0 VIDEO 1 Tamb\u00e9\u00a0 us posem un parell de v\u00eddeos de Parkour amb gent fent esports i enregistrant v\u00eddeos per el carrer, tos son [&hellip;]<\/p>\n","protected":false},"author":36,"featured_media":0,"parent":152,"menu_order":0,"comment_status":"open","ping_status":"open","template":"","meta":{"ngg_post_thumbnail":0,"footnotes":""},"class_list":["post-336","page","type-page","status-publish","hentry"],"_links":{"self":[{"href":"https:\/\/blog.ravalnet.org\/casalnet09\/wp-json\/wp\/v2\/pages\/336","targetHints":{"allow":["GET"]}}],"collection":[{"href":"https:\/\/blog.ravalnet.org\/casalnet09\/wp-json\/wp\/v2\/pages"}],"about":[{"href":"https:\/\/blog.ravalnet.org\/casalnet09\/wp-json\/wp\/v2\/types\/page"}],"author":[{"embeddable":true,"href":"https:\/\/blog.ravalnet.org\/casalnet09\/wp-json\/wp\/v2\/users\/36"}],"replies":[{"embeddable":true,"href":"https:\/\/blog.ravalnet.org\/casalnet09\/wp-json\/wp\/v2\/comments?post=336"}],"version-history":[{"count":34,"href":"https:\/\/blog.ravalnet.org\/casalnet09\/wp-json\/wp\/v2\/pages\/336\/revisions"}],"predecessor-version":[{"id":338,"href":"https:\/\/blog.ravalnet.org\/casalnet09\/wp-json\/wp\/v2\/pages\/336\/revisions\/338"}],"up":[{"embeddable":true,"href":"https:\/\/blog.ravalnet.org\/casalnet09\/wp-json\/wp\/v2\/pages\/152"}],"wp:attachment":[{"href":"https:\/\/blog.ravalnet.org\/casalnet09\/wp-json\/wp\/v2\/media?parent=336"}],"curies":[{"name":"wp","href":"https:\/\/api.w.org\/{rel}","templated":true}]}}