{"id":339,"date":"2009-06-30T11:08:48","date_gmt":"2009-06-30T09:08:48","guid":{"rendered":"http:\/\/blog.ravalnet.org\/casalnet09\/?page_id=339"},"modified":"2009-07-02T10:23:36","modified_gmt":"2009-07-02T08:23:36","slug":"graffiti","status":"publish","type":"page","link":"https:\/\/blog.ravalnet.org\/casalnet09\/tallers\/graffiti\/","title":{"rendered":"Graffiti"},"content":{"rendered":"<p style=\"margin-bottom: 0cm\" lang=\"ca-ES\">\n<div id=\"attachment_401\" style=\"width: 616px\" class=\"wp-caption alignnone\"><a href=\"http:\/\/blog.ravalnet.org\/casalnet09\/files\/2009\/06\/cv200203_grafit_dones_fent_un_mural_baixa_01jpg.jpg\"><img loading=\"lazy\" decoding=\"async\" aria-describedby=\"caption-attachment-401\" class=\"size-full wp-image-401\" src=\"http:\/\/blog.ravalnet.org\/casalnet09\/files\/2009\/06\/cv200203_grafit_dones_fent_un_mural_baixa_01jpg.jpg\" alt=\"Cultura del grafit. Pintant_un_mural_a_Ciutat_Vella de Barcelona. Mar\u00e7 de 2002.\" width=\"606\" height=\"324\" \/><\/a><p id=\"caption-attachment-401\" class=\"wp-caption-text\">Cultura del grafit. Pintant_un_mural_a_Ciutat_Vella de Barcelona. Mar\u00e7 de 2002.<\/p><\/div>\n<pre style=\"margin-bottom: 0cm\">imatge de wikipedia:<a href=\"CV200203_Grafit_Dones_fent_un_mural_baixa_01jpg.jpg\">t<\/a><a href=\"CV200203_Grafit_Dones_fent_un_mural_baixa_01jpg.jpg\">tp:\/\/ca.wikipedia.org\/wiki\/Fitxer:CV200203_Grafit_Dones_fent_un_mural_baixa_01jpg.jpg<\/a><a href=\"CV200203_Grafit_Dones_fent_un_mural_baixa_01jpg.jpg\">h\r\n<\/a><\/pre>\n<h2 style=\"margin-bottom: 0cm\"><strong><span style=\"color: #ff9900\"><span style=\"color: #000000\">1<\/span><span style=\"color: #000000\"><span style=\"color: #000000\">.<\/span> VIDEOS EXEMPLES DEL TALLER DE GRAFFIT<\/span><\/span><\/strong><\/h2>\n<p style=\"margin-bottom: 0cm\" lang=\"ca-ES\"><strong><span style=\"color: #ff9900\">Us deixem un parell de v\u00eddeos sobre el graffiti<br \/>\n<\/span><\/strong><\/p>\n<p style=\"margin-bottom: 0cm\" lang=\"ca-ES\">El primer v\u00eddeo mostra un noi fent un graffiti<\/p>\n<p style=\"margin-bottom: 0cm\" lang=\"ca-ES\"><a href=\"http:\/\/blog.ravalnet.org\/casalnet09\/2009\/06\/05\/graffiti-01\/\">VIDEO 01<\/a><\/p>\n<p style=\"margin-bottom: 0cm\" lang=\"ca-ES\">el segon v\u00eddeo mostra un graffti capixaba, mes focalitzat en signes i dibuixos<\/p>\n<p style=\"margin-bottom: 0cm\" lang=\"ca-ES\"><a href=\"http:\/\/blog.ravalnet.org\/casalnet09\/wp-admin\/post.php?action=edit&amp;post=403&amp;message=7\" target=\"_self\">VIDEO 02<\/a><\/p>\n<h2 style=\"margin-bottom: 0cm\"><strong>2.\u00a0 LINKS I PAGINES WEB <\/strong><\/h2>\n<p style=\"margin-bottom: 0cm\" lang=\"ca-ES\">&#8211; a la vikipeia :<a href=\"http:\/\/ca.wikipedia.org\/wiki\/Graffiti\">http:\/\/ca.wikipedia.org\/wiki\/Graffiti<\/a><\/p>\n<p style=\"margin-bottom: 0cm\" lang=\"ca-ES\">&#8211;\u00a0 web amb mostres de graffies per la ciutat de bcn:<a href=\"http:\/\/www.bcnpostal.com\/graffiti.htm\">http:\/\/www.bcnpostal.com\/graffiti.htm<\/a><\/p>\n<p style=\"margin-bottom: 0cm\" lang=\"ca-ES\">\n<p style=\"margin-bottom: 0cm\" lang=\"ca-ES\">\n<h1 style=\"margin-bottom: 0cm\"><span style=\"color: #ff9900\">Recordeu de portar roba antiga per pintar o que <\/span><\/h1>\n<h1 style=\"margin-bottom: 0cm\"><span style=\"color: #ff9900\">pogu\u00e9ssim llan\u00e7ar despr\u00e9s, el grafitti mola per\u00f2 <\/span><\/h1>\n<h1 style=\"margin-bottom: 0cm\"><span style=\"color: #ff9900\">ataca molt tota la roba\u00a1\u00a1\u00a1\u00a1\u00a1<\/span><\/h1>\n<p style=\"margin-bottom: 0cm\" lang=\"ca-ES\">\n","protected":false},"excerpt":{"rendered":"<p>imatge de wikipedia:ttp:\/\/ca.wikipedia.org\/wiki\/Fitxer:CV200203_Grafit_Dones_fent_un_mural_baixa_01jpg.jpgh 1. VIDEOS EXEMPLES DEL TALLER DE GRAFFIT Us deixem un parell de v\u00eddeos sobre el graffiti El primer v\u00eddeo mostra un noi fent un graffiti VIDEO 01 el segon v\u00eddeo mostra un graffti capixaba, mes focalitzat en signes i dibuixos VIDEO 02 2.\u00a0 LINKS I PAGINES WEB &#8211; a la vikipeia :http:\/\/ca.wikipedia.org\/wiki\/Graffiti [&hellip;]<\/p>\n","protected":false},"author":36,"featured_media":0,"parent":152,"menu_order":0,"comment_status":"open","ping_status":"open","template":"","meta":{"ngg_post_thumbnail":0,"footnotes":""},"class_list":["post-339","page","type-page","status-publish","hentry"],"_links":{"self":[{"href":"https:\/\/blog.ravalnet.org\/casalnet09\/wp-json\/wp\/v2\/pages\/339","targetHints":{"allow":["GET"]}}],"collection":[{"href":"https:\/\/blog.ravalnet.org\/casalnet09\/wp-json\/wp\/v2\/pages"}],"about":[{"href":"https:\/\/blog.ravalnet.org\/casalnet09\/wp-json\/wp\/v2\/types\/page"}],"author":[{"embeddable":true,"href":"https:\/\/blog.ravalnet.org\/casalnet09\/wp-json\/wp\/v2\/users\/36"}],"replies":[{"embeddable":true,"href":"https:\/\/blog.ravalnet.org\/casalnet09\/wp-json\/wp\/v2\/comments?post=339"}],"version-history":[{"count":11,"href":"https:\/\/blog.ravalnet.org\/casalnet09\/wp-json\/wp\/v2\/pages\/339\/revisions"}],"predecessor-version":[{"id":344,"href":"https:\/\/blog.ravalnet.org\/casalnet09\/wp-json\/wp\/v2\/pages\/339\/revisions\/344"}],"up":[{"embeddable":true,"href":"https:\/\/blog.ravalnet.org\/casalnet09\/wp-json\/wp\/v2\/pages\/152"}],"wp:attachment":[{"href":"https:\/\/blog.ravalnet.org\/casalnet09\/wp-json\/wp\/v2\/media?parent=339"}],"curies":[{"name":"wp","href":"https:\/\/api.w.org\/{rel}","templated":true}]}}