{"id":96,"date":"2009-06-02T21:03:01","date_gmt":"2009-06-02T19:03:01","guid":{"rendered":"http:\/\/blog.ravalnet.org\/casalnet09\/?page_id=96"},"modified":"2009-07-09T12:59:26","modified_gmt":"2009-07-09T10:59:26","slug":"presentacio","status":"publish","type":"page","link":"https:\/\/blog.ravalnet.org\/casalnet09\/presentacio\/","title":{"rendered":"PRESENTACI\u00d3"},"content":{"rendered":"<p>Buenas pa tothom!!!<\/p>\n<p>Un any m\u00e9s amb la arribada de l&#8217;estiu i durant el mes de juliol, arriba el <strong>Casalnet 09<\/strong>!!<\/p>\n<p><a href=\"http:\/\/blog.ravalnet.org\/casalnet09\/files\/2009\/06\/tele.jpg\"><img loading=\"lazy\" decoding=\"async\" class=\"alignright size-medium wp-image-149\" src=\"http:\/\/blog.ravalnet.org\/casalnet09\/files\/2009\/06\/tele-300x224.jpg\" alt=\"tele\" width=\"240\" height=\"179\" srcset=\"https:\/\/blog.ravalnet.org\/casalnet09\/files\/2009\/06\/tele-300x224.jpg 300w, https:\/\/blog.ravalnet.org\/casalnet09\/files\/2009\/06\/tele.jpg 315w\" sizes=\"auto, (max-width: 240px) 100vw, 240px\" \/><\/a><\/p>\n<p>Us proposem construir la nostre propis televisi\u00f3 urbana, emetrem en directe per\u00a0 TebTv. Vols fer de reporter, periodista, c\u00e0mera, realitzador&#8230;.\u00a0 dons apunta&#8217;t a fer televisi\u00f3 per Internet.<\/p>\n<p>Tot aix\u00f2 anir\u00e0 acompanyat de molts tallers: Parkour, Graffiti, Dj, Balls (Funky i Hip Hop), escalada, campionat de futbol\u00ed&#8230;<\/p>\n<p>Tamb\u00e9 farem sortides al Sakating, piscines de can Drag\u00f3, platja&#8230; i plegats gaudirem de les Festes Majors del nostre barri i farem intercanvis amb altres casals&#8230;<\/p>\n<p>Al final del Casalnet farem la retransmissi\u00f3 en directe del nostre program a TebTv. Tots podem fer-ho!! Per uns dies serem periodistes, c\u00e0meres, editors, presentadors&#8230;.\u00a0 i ens podr\u00e0 veure tothom per Internet. APUNTA&#8217;T!!!<\/p>\n<p><a href=\"http:\/\/blog.ravalnet.org\/casalnet09\/files\/2009\/06\/tele.jpg\"><br \/>\n<\/a><\/p>\n","protected":false},"excerpt":{"rendered":"<p>Buenas pa tothom!!! Un any m\u00e9s amb la arribada de l&#8217;estiu i durant el mes de juliol, arriba el Casalnet 09!! Us proposem construir la nostre propis televisi\u00f3 urbana, emetrem en directe per\u00a0 TebTv. Vols fer de reporter, periodista, c\u00e0mera, realitzador&#8230;.\u00a0 dons apunta&#8217;t a fer televisi\u00f3 per Internet. Tot aix\u00f2 anir\u00e0 acompanyat de molts tallers: [&hellip;]<\/p>\n","protected":false},"author":36,"featured_media":0,"parent":0,"menu_order":0,"comment_status":"closed","ping_status":"open","template":"","meta":{"ngg_post_thumbnail":0,"footnotes":""},"class_list":["post-96","page","type-page","status-publish","hentry"],"_links":{"self":[{"href":"https:\/\/blog.ravalnet.org\/casalnet09\/wp-json\/wp\/v2\/pages\/96","targetHints":{"allow":["GET"]}}],"collection":[{"href":"https:\/\/blog.ravalnet.org\/casalnet09\/wp-json\/wp\/v2\/pages"}],"about":[{"href":"https:\/\/blog.ravalnet.org\/casalnet09\/wp-json\/wp\/v2\/types\/page"}],"author":[{"embeddable":true,"href":"https:\/\/blog.ravalnet.org\/casalnet09\/wp-json\/wp\/v2\/users\/36"}],"replies":[{"embeddable":true,"href":"https:\/\/blog.ravalnet.org\/casalnet09\/wp-json\/wp\/v2\/comments?post=96"}],"version-history":[{"count":11,"href":"https:\/\/blog.ravalnet.org\/casalnet09\/wp-json\/wp\/v2\/pages\/96\/revisions"}],"predecessor-version":[{"id":430,"href":"https:\/\/blog.ravalnet.org\/casalnet09\/wp-json\/wp\/v2\/pages\/96\/revisions\/430"}],"wp:attachment":[{"href":"https:\/\/blog.ravalnet.org\/casalnet09\/wp-json\/wp\/v2\/media?parent=96"}],"curies":[{"name":"wp","href":"https:\/\/api.w.org\/{rel}","templated":true}]}}