{"id":2,"date":"2009-09-15T09:15:08","date_gmt":"2009-09-15T07:15:08","guid":{"rendered":""},"modified":"2009-09-15T09:15:08","modified_gmt":"2009-09-15T07:15:08","slug":"about","status":"publish","type":"page","link":"https:\/\/blog.ravalnet.org\/foramuralles\/about\/","title":{"rendered":"Quant a"},"content":{"rendered":"<p>Aix\u00f2 \u00e9s un exemple de p\u00e0gina del WordPress, pots editar-la per mostrar informaci\u00f3 sobre tu o el teu lloc; aix\u00ed els teus lectors sabran qui ets. Pots crear tantes p\u00e0gines com aquesta o p\u00e0gines subordinades com vulguis i gestionar tot el teu contingut dins del WordPress.<\/p>\n","protected":false},"excerpt":{"rendered":"<p>Aix\u00f2 \u00e9s un exemple de p\u00e0gina del WordPress, pots editar-la per mostrar informaci\u00f3 sobre tu o el teu lloc; aix\u00ed els teus lectors sabran qui ets. Pots crear tantes p\u00e0gines com aquesta o p\u00e0gines subordinades com vulguis i gestionar tot el teu contingut dins del WordPress.<\/p>\n","protected":false},"author":1,"featured_media":0,"parent":0,"menu_order":0,"comment_status":"open","ping_status":"open","template":"","meta":{"ngg_post_thumbnail":0,"footnotes":""},"class_list":["post-2","page","type-page","status-publish","hentry"],"_links":{"self":[{"href":"https:\/\/blog.ravalnet.org\/foramuralles\/wp-json\/wp\/v2\/pages\/2","targetHints":{"allow":["GET"]}}],"collection":[{"href":"https:\/\/blog.ravalnet.org\/foramuralles\/wp-json\/wp\/v2\/pages"}],"about":[{"href":"https:\/\/blog.ravalnet.org\/foramuralles\/wp-json\/wp\/v2\/types\/page"}],"author":[{"embeddable":true,"href":"https:\/\/blog.ravalnet.org\/foramuralles\/wp-json\/wp\/v2\/users\/1"}],"replies":[{"embeddable":true,"href":"https:\/\/blog.ravalnet.org\/foramuralles\/wp-json\/wp\/v2\/comments?post=2"}],"version-history":[{"count":0,"href":"https:\/\/blog.ravalnet.org\/foramuralles\/wp-json\/wp\/v2\/pages\/2\/revisions"}],"wp:attachment":[{"href":"https:\/\/blog.ravalnet.org\/foramuralles\/wp-json\/wp\/v2\/media?parent=2"}],"curies":[{"name":"wp","href":"https:\/\/api.w.org\/{rel}","templated":true}]}}