{"id":222,"date":"2011-05-12T19:15:59","date_gmt":"2011-05-12T18:15:59","guid":{"rendered":"http:\/\/bloc.canbarriga.net\/lletraferits\/?page_id=2"},"modified":"2015-08-28T17:42:37","modified_gmt":"2015-08-28T15:42:37","slug":"qui-som","status":"publish","type":"page","link":"https:\/\/blog.ravalnet.org\/lletraferits\/qui-som\/","title":{"rendered":"Qui som?"},"content":{"rendered":"<p><em><a href=\"http:\/\/blog.ravalnet.org\/lletraferits\/files\/2011\/05\/qui_som.jpg\"><img loading=\"lazy\" decoding=\"async\" class=\"alignleft wp-image-20 size-medium\" src=\"http:\/\/blog.ravalnet.org\/lletraferits\/files\/2011\/05\/qui_som-300x205.jpg\" alt=\"\" width=\"300\" height=\"205\" srcset=\"https:\/\/blog.ravalnet.org\/lletraferits\/files\/2011\/05\/qui_som-300x205.jpg 300w, https:\/\/blog.ravalnet.org\/lletraferits\/files\/2011\/05\/qui_som.jpg 608w\" sizes=\"auto, (max-width: 300px) 100vw, 300px\" \/><\/a>Som una colla de lectors que tot i que ens ho prenem amb calma i amb un toc de bogeria, de vegades agafem un llibre, el llegim i l&#8217;acabem discutint tot fent un soparet, unes copetes o un cap de setmana de relax.<\/em><\/p>\n<h2 style=\"clear: both;\"><\/h2>\n<h2 style=\"clear: both;\">Com funcionem ?<\/h2>\n<ul>\n<li>Els llibres escollits no poden tenir m\u00e9s de 400 p\u00e0gines i es d\u00f3na un temps prudencial, entre un mes o mes i mig,\u00a0 per a la realitzaci\u00f3 de la seva lectura.<\/li>\n<li>Com funcionar\u00e0 l\u2019elecci\u00f3 dels llibres que llegirem?<br \/>\nLes propostes dels llibres a llegir ser\u00e0 itinerant amb la intenci\u00f3 que tots els membres del club acabem proposant llibres . La persona encarregada de fer la proposta escollir\u00e0 tres llibres, i d\u2019aquesta elecci\u00f3 els membres del club triaran el que m\u00e9s els agradi, el que obtingui m\u00e9s vots ser\u00e0 el llibre escollit.<\/li>\n<li>La persona encarregada de proposar la lectura es convertir\u00e0 en mestre de cerim\u00f2nies i haur\u00e0 de proposar el dia i lloc de la quedada. Aquesta data i localitzaci\u00f3 s\u2019ha d\u2019avisar amb un mes o tres setmanes d\u2019antelaci\u00f3, per facilitar a la gent l\u2019encabiment d\u2019aquesta en les seves agendes personals.<\/li>\n<li>El primer dia de reuni\u00f3 cada membre ha de tenir un pseud\u00f2nim pensat (nom d\u2019escriptor, escriptora o personatge de novel\u00b7la) i ser\u00e0 aquest nom el que l\u2019identificar\u00e0 a partir d\u2019aleshores.<\/li>\n<li>El club tindr\u00e0 un bloc i tots en serem administradors, ser\u00e0 el nostre espai de comunicaci\u00f3 i de trobada virtual.<\/li>\n<\/ul>\n","protected":false},"excerpt":{"rendered":"<p>Som una colla de lectors que tot i que ens ho prenem amb calma i amb un toc de bogeria, de vegades agafem un llibre, el llegim i l&#8217;acabem discutint tot fent un soparet, unes copetes o un cap de setmana de relax. Com funcionem ? Els llibres escollits no poden tenir m\u00e9s de 400 [&hellip;]<\/p>\n","protected":false},"author":1,"featured_media":0,"parent":0,"menu_order":0,"comment_status":"closed","ping_status":"closed","template":"","meta":{"footnotes":""},"class_list":["post-222","page","type-page","status-publish","czr-hentry"],"_links":{"self":[{"href":"https:\/\/blog.ravalnet.org\/lletraferits\/wp-json\/wp\/v2\/pages\/222","targetHints":{"allow":["GET"]}}],"collection":[{"href":"https:\/\/blog.ravalnet.org\/lletraferits\/wp-json\/wp\/v2\/pages"}],"about":[{"href":"https:\/\/blog.ravalnet.org\/lletraferits\/wp-json\/wp\/v2\/types\/page"}],"author":[{"embeddable":true,"href":"https:\/\/blog.ravalnet.org\/lletraferits\/wp-json\/wp\/v2\/users\/1"}],"replies":[{"embeddable":true,"href":"https:\/\/blog.ravalnet.org\/lletraferits\/wp-json\/wp\/v2\/comments?post=222"}],"version-history":[{"count":1,"href":"https:\/\/blog.ravalnet.org\/lletraferits\/wp-json\/wp\/v2\/pages\/222\/revisions"}],"predecessor-version":[{"id":591,"href":"https:\/\/blog.ravalnet.org\/lletraferits\/wp-json\/wp\/v2\/pages\/222\/revisions\/591"}],"wp:attachment":[{"href":"https:\/\/blog.ravalnet.org\/lletraferits\/wp-json\/wp\/v2\/media?parent=222"}],"curies":[{"name":"wp","href":"https:\/\/api.w.org\/{rel}","templated":true}]}}