{"id":296,"date":"2013-04-06T18:22:48","date_gmt":"2013-04-06T17:22:48","guid":{"rendered":"http:\/\/bloc.canbarriga.net\/lletraferits\/?page_id=296"},"modified":"2023-03-15T19:03:57","modified_gmt":"2023-03-15T18:03:57","slug":"els-nostres-llibres","status":"publish","type":"page","link":"https:\/\/blog.ravalnet.org\/lletraferits\/els-nostres-llibres\/","title":{"rendered":"Els nostres llibres"},"content":{"rendered":"<p style=\"text-align: justify;\">En aquesta secci\u00f3 anirem actualitzant els llibres que hem anat llegint en anteriors Clubs de lectura. Potser ens n&#8217;hem deixat algun o l&#8217;any de lectura est\u00e0 malament. En tot cas, la idea \u00e9s anar actualitzant l&#8217;entrada cada cop que ens llegim un llibre.<\/p>\n<table>\n<tbody>\n<tr>\n<td width=\"86\"><strong>Any lectura<\/strong><\/td>\n<td width=\"86\"><strong>T\u00edtol llibre<\/strong><\/td>\n<td width=\"86\"><strong>Autor<\/strong><\/td>\n<td width=\"86\"><strong>President Club<\/strong><\/td>\n<td width=\"86\"><strong>Puntuaci\u00f3<\/strong><\/td>\n<\/tr>\n<tr>\n<td>2023<\/td>\n<td>Un lloc anomenat Antany<\/td>\n<td>Olga Tokarczuk<\/td>\n<td>Marta<\/td>\n<td>7,1<\/td>\n<\/tr>\n<tr>\n<td>2017<\/td>\n<td>Maus: Relat d\u2019un supervivent<\/td>\n<td>Art Spiegelman<\/td>\n<td>Asensi<\/td>\n<td><\/td>\n<\/tr>\n<tr>\n<td>2017<\/td>\n<td>A sang freda<\/td>\n<td>Truman Capote<\/td>\n<td>Gemma<\/td>\n<td>\u00a07<\/td>\n<\/tr>\n<tr>\n<td>2017<\/td>\n<td>El Retrat de Dorian Gray<\/td>\n<td>Oscar Wilde<\/td>\n<td>M\u00f3nica<\/td>\n<td>\u00a07,20<\/td>\n<\/tr>\n<tr>\n<td>2016<\/td>\n<td>Aranmanoth<\/td>\n<td>Ana Maria Matute<\/td>\n<td>Lidia<\/td>\n<td>\u00a04,38<\/td>\n<\/tr>\n<tr>\n<td>2016<\/td>\n<td>Un mundo feliz<\/td>\n<td>Aldous Huxley<\/td>\n<td>Francesc<\/td>\n<td>8,20<\/td>\n<\/tr>\n<tr>\n<td>2015<\/td>\n<td><a href=\"http:\/\/blog.ravalnet.org\/lletraferits\/2015\/11\/04\/rebelion-en-la-granja-de-george-orwell\/\">Rebeli\u00f3n en la granja<\/a><\/td>\n<td>George Orwell<\/td>\n<td>Xavi<\/td>\n<td>8,00<\/td>\n<\/tr>\n<tr>\n<td>2015<\/td>\n<td><a href=\"http:\/\/blog.ravalnet.org\/lletraferits\/2015\/08\/29\/la-mirada-del-observador-de-marc-behm\/\">La mirada de l&#8217;observador<\/a><\/td>\n<td>Marc Behm<\/td>\n<td>Toni<\/td>\n<td>6,38<\/td>\n<\/tr>\n<tr>\n<td>2015<\/td>\n<td><a href=\"http:\/\/blog.ravalnet.org\/lletraferits\/2015\/05\/17\/numero-zero\/\">N\u00famero Zero<\/a><\/td>\n<td>Umberto Eco<\/td>\n<td>Miriam<\/td>\n<td>2,71<\/td>\n<\/tr>\n<tr>\n<td>2015<\/td>\n<td><a href=\"#\">Aventuras y desventuras del chico centella<\/a><\/td>\n<td>Bill Bryson<\/td>\n<td>Asensi<\/td>\n<td>&#8211;<\/td>\n<\/tr>\n<tr>\n<td>2014<\/td>\n<td><a href=\"http:\/\/blog.ravalnet.org\/lletraferits\/2014\/04\/14\/la-fundacion\/\">La Fundaci\u00f3n<\/a><\/td>\n<td>Isaac Asimov<\/td>\n<td>Francesc<\/td>\n<td>8,00<\/td>\n<\/tr>\n<tr>\n<td>2014<\/td>\n<td><a href=\"http:\/\/blog.ravalnet.org\/lletraferits\/2014\/10\/28\/palestina-en-la-franja-de-gaza\/\">Palestina en la franja de Gaza<\/a><\/td>\n<td>Joe Sacco<\/td>\n<td>Gemma<\/td>\n<td>&#8211;<\/td>\n<\/tr>\n<tr>\n<td>2014<\/td>\n<td><a href=\"http:\/\/blog.ravalnet.org\/lletraferits\/2013\/12\/06\/musica-de-cambra\/\">M\u00fasica de c\u00e1mara<\/a><\/td>\n<td>Rosa Reg\u00e0s<\/td>\n<td>Xavi<\/td>\n<td>5,90<\/td>\n<\/tr>\n<tr>\n<td>2013<\/td>\n<td><a href=\"http:\/\/blog.ravalnet.org\/lletraferits\/2013\/04\/12\/les-torres-de-loblid-de-george-turner\/\">Las torres del olvido<\/a><\/td>\n<td>George Turner<\/td>\n<td>Salva<\/td>\n<td>6,10<\/td>\n<\/tr>\n<tr>\n<td>2013<\/td>\n<td><a href=\"http:\/\/blog.ravalnet.org\/lletraferits\/2013\/04\/01\/assassins-sense-rostre-de-henning-mankell\/\">Asesinos sin rostro<\/a><\/td>\n<td>Henning Mankell<\/td>\n<td>Francesc<\/td>\n<td>5,20<\/td>\n<\/tr>\n<tr>\n<td>2013<\/td>\n<td><a href=\"http:\/\/blog.ravalnet.org\/lletraferits\/2013\/06\/30\/cartas-cruzadas\/\">Cartas cruzadas<\/a><\/td>\n<td>Markus Zusak<\/td>\n<td>Miriam<\/td>\n<td>4,30<\/td>\n<\/tr>\n<tr>\n<td>2013<\/td>\n<td><a href=\"http:\/\/blog.ravalnet.org\/lletraferits\/2013\/12\/01\/les-intermitencies-de-la-mort\/\">Las intermitencias de la muerte<\/a><\/td>\n<td>Jos\u00e9 Saramago<\/td>\n<td>Toni<\/td>\n<td>7,20<\/td>\n<\/tr>\n<tr>\n<td>2012<\/td>\n<td><a href=\"http:\/\/blog.ravalnet.org\/lletraferits\/2012\/03\/27\/los-mares-del-sur\/\">Los mares del sur<\/a><\/td>\n<td>M. V\u00e0zquez Montalban<\/td>\n<td>Cl\u00e0udia<\/td>\n<td>6,40<\/td>\n<\/tr>\n<tr>\n<td>2012<\/td>\n<td><a href=\"http:\/\/blog.ravalnet.org\/lletraferits\/2012\/08\/19\/lectura-destiu-el-miedo-a-los-barbaros-de-tzvetan-todorov\/\">El miedo a los b\u00e1rbaros<\/a><\/td>\n<td>Tzvetan Todorov<\/td>\n<td>M\u00f2nica<\/td>\n<td>&#8211;<\/td>\n<\/tr>\n<tr>\n<td><span style=\"color: #ff0000;\"><strong>2012<\/strong><\/span><\/td>\n<td><span style=\"color: #ff0000;\"><strong><a style=\"color: #ff0000;\" href=\"http:\/\/blog.ravalnet.org\/lletraferits\/2012\/10\/15\/pyongyang\/\">Pyongyang<\/a><\/strong><\/span><\/td>\n<td><span style=\"color: #ff0000;\"><strong>Guy Leslie<\/strong><\/span><\/td>\n<td><span style=\"color: #ff0000;\"><strong>Asensi<\/strong><\/span><\/td>\n<td><span style=\"color: #ff0000;\"><strong>8,30<\/strong><\/span><\/td>\n<\/tr>\n<tr>\n<td>2012<\/td>\n<td><a href=\"http:\/\/blog.ravalnet.org\/lletraferits\/2012\/01\/21\/las-palabras-andantes-de-eduardo-galeano\/\">Las palabras andantes<\/a><\/td>\n<td>Eduardo Galeano<\/td>\n<td>Toni<\/td>\n<td>&#8211;<\/td>\n<\/tr>\n<tr>\n<td>2011<\/td>\n<td><a href=\"http:\/\/blog.ravalnet.org\/lletraferits\/2011\/02\/13\/assessinat-a-lorient-express\/\">Assassinat en l\u2019Orient Express<\/a><\/td>\n<td>Agatha Christie<\/td>\n<td>Xavi<\/td>\n<td>&#8211;<\/td>\n<\/tr>\n<tr>\n<td>2011<\/td>\n<td><a href=\"http:\/\/blog.ravalnet.org\/lletraferits\/2011\/04\/29\/la-casa-dels-esperits\/\">La casa de los espiritus<\/a><\/td>\n<td>Isabel Allende<\/td>\n<td>Lydia<\/td>\n<td>&#8211;<\/td>\n<\/tr>\n<tr>\n<td>2011<\/td>\n<td><a href=\"http:\/\/blog.ravalnet.org\/lletraferits\/2011\/11\/13\/catorze-ciutats-comptant-hi-brooklyn-autor-quim-monzo\/\">14 ciutats, comptant-hi Brooklyn<\/a><\/td>\n<td>Quim Monz\u00f3<\/td>\n<td>Gemma<\/td>\n<td>7,10<\/td>\n<\/tr>\n<tr>\n<td>2011<\/td>\n<td><a href=\"http:\/\/blog.ravalnet.org\/lletraferits\/2011\/11\/20\/el-lobo-estepario-autor-hermann-hesse-1927\/\">El lobo estepario<\/a><\/td>\n<td>Stephan Hessel<\/td>\n<td>M\u00f2nica<\/td>\n<td>&#8211;<\/td>\n<\/tr>\n<tr>\n<td>2011<\/td>\n<td><a href=\"http:\/\/blog.ravalnet.org\/lletraferits\/2011\/07\/30\/ultim-patriarca\/\">L\u2019\u00faltim patriarca<\/a><\/td>\n<td>Najat El Hachmi<\/td>\n<td>Cl\u00e0udia<\/td>\n<td>6,70<\/td>\n<\/tr>\n<tr>\n<td>2010<\/td>\n<td><a href=\"http:\/\/blog.ravalnet.org\/lletraferits\/2010\/08\/26\/tokio-blues-de-haruki-murakami\/\">Tokio Blues<\/a><\/td>\n<td>Haruki Murakami<\/td>\n<td>Asensi<\/td>\n<td>&#8211;<\/td>\n<\/tr>\n<tr>\n<td>2010<\/td>\n<td><a href=\"http:\/\/blog.ravalnet.org\/lletraferits\/2010\/10\/04\/pa-negre-demili-teixidor\/\">Pa negre<\/a><\/td>\n<td>Emili Teixid\u00f3<\/td>\n<td>Pistu<\/td>\n<td>&#8211;<\/td>\n<\/tr>\n<\/tbody>\n<\/table>\n<p><span style=\"line-height: 1.5;\">Com veieu, ja en portem uns quants!<\/span><\/p>\n<p>Bona lectura!<\/p>\n<p><a href=\"http:\/\/blog.ravalnet.org\/lletraferits\/files\/2013\/04\/mestre-cerimonies.png\"><img loading=\"lazy\" decoding=\"async\" class=\" size-full wp-image-711 aligncenter\" src=\"http:\/\/blog.ravalnet.org\/lletraferits\/files\/2013\/04\/mestre-cerimonies.png\" alt=\"mestre-cerimonies\" width=\"250\" height=\"250\" \/><\/a><\/p>\n<p>&nbsp;<\/p>\n<p>&nbsp;<\/p>\n","protected":false},"excerpt":{"rendered":"<p>En aquesta secci\u00f3 anirem actualitzant els llibres que hem anat llegint en anteriors Clubs de lectura. Potser ens n&#8217;hem deixat algun o l&#8217;any de lectura est\u00e0 malament. En tot cas, la idea \u00e9s anar actualitzant l&#8217;entrada cada cop que ens llegim un llibre. Any lectura T\u00edtol llibre Autor President Club Puntuaci\u00f3 2023 Un lloc anomenat [&hellip;]<\/p>\n","protected":false},"author":1,"featured_media":670,"parent":0,"menu_order":0,"comment_status":"closed","ping_status":"closed","template":"","meta":{"footnotes":""},"class_list":["post-296","page","type-page","status-publish","has-post-thumbnail","czr-hentry"],"_links":{"self":[{"href":"https:\/\/blog.ravalnet.org\/lletraferits\/wp-json\/wp\/v2\/pages\/296","targetHints":{"allow":["GET"]}}],"collection":[{"href":"https:\/\/blog.ravalnet.org\/lletraferits\/wp-json\/wp\/v2\/pages"}],"about":[{"href":"https:\/\/blog.ravalnet.org\/lletraferits\/wp-json\/wp\/v2\/types\/page"}],"author":[{"embeddable":true,"href":"https:\/\/blog.ravalnet.org\/lletraferits\/wp-json\/wp\/v2\/users\/1"}],"replies":[{"embeddable":true,"href":"https:\/\/blog.ravalnet.org\/lletraferits\/wp-json\/wp\/v2\/comments?post=296"}],"version-history":[{"count":39,"href":"https:\/\/blog.ravalnet.org\/lletraferits\/wp-json\/wp\/v2\/pages\/296\/revisions"}],"predecessor-version":[{"id":872,"href":"https:\/\/blog.ravalnet.org\/lletraferits\/wp-json\/wp\/v2\/pages\/296\/revisions\/872"}],"wp:featuredmedia":[{"embeddable":true,"href":"https:\/\/blog.ravalnet.org\/lletraferits\/wp-json\/wp\/v2\/media\/670"}],"wp:attachment":[{"href":"https:\/\/blog.ravalnet.org\/lletraferits\/wp-json\/wp\/v2\/media?parent=296"}],"curies":[{"name":"wp","href":"https:\/\/api.w.org\/{rel}","templated":true}]}}