{"id":149,"date":"2011-05-24T15:54:15","date_gmt":"2011-05-24T13:54:15","guid":{"rendered":"http:\/\/blog.ravalnet.org\/obrintportes\/?page_id=149"},"modified":"2011-05-26T18:24:33","modified_gmt":"2011-05-26T16:24:33","slug":"descripcio-de-les-activitats-per-entitats","status":"publish","type":"page","link":"https:\/\/blog.ravalnet.org\/obrintportes\/descripcio-de-les-activitats-per-entitats\/","title":{"rendered":"Descripci\u00f3 de les activitats per entitats"},"content":{"rendered":"<table class=\"MsoNormalTable\" border=\"0\" cellspacing=\"0\" cellpadding=\"0\" width=\"528\">\n<tbody>\n<tr>\n<td width=\"48\" valign=\"top\">\n<p class=\"MsoNormal\"><strong><span>1<\/span><\/strong><\/p>\n<\/td>\n<td width=\"480\" valign=\"top\">\n<p class=\"MsoNormal\"><span lang=\"CA\">ABD &#8211; CAS Sala Baluard<\/span><\/p>\n<p class=\"MsoNormal\"><span lang=\"CA\">Dissabte 4, de 11h a 13h<\/span><\/p>\n<p class=\"MsoNormal\"><strong><span lang=\"CA\">Llavors per   la conviv\u00e8ncia<span> <\/span><\/span><\/strong><\/p>\n<p class=\"MsoNormal\"><span lang=\"CA\">Tipus d\u2019activitat: convidem a les persones que   s\u2019apropin al nostre centre a sembrar una llavor com s\u00edmbol de la conviv\u00e8ncia   i del treball conjunt. Cada persona s\u2019emportar\u00e0 el seu testo amb la llavor   per continuar cultivant-la a casa seva.<\/span><\/p>\n<p class=\"MsoNormal\"><span lang=\"CA\"><br \/>\n<\/span><\/td>\n<\/tr>\n<tr>\n<td width=\"48\" valign=\"top\">\n<p class=\"MsoNormal\"><strong><span>2<\/span><\/strong><\/p>\n<\/td>\n<td width=\"480\" valign=\"top\">\n<p class=\"MsoNormal\"><span lang=\"CA\">\u00c0mbit Prevenci\u00f3<\/span><\/p>\n<p class=\"MsoNormal\"><span lang=\"CA\">Dissabte 4, de 10h a 14h<\/span><\/p>\n<p class=\"MsoNormal\"><strong><span lang=\"CA\">Taller de   Teatre<\/span><\/strong><\/p>\n<p class=\"MsoNormal\"><span lang=\"CA\">Teatre de carrer<\/span><\/p>\n<p class=\"MsoNormal\"><span lang=\"CA\"><br \/>\n<\/span><\/td>\n<\/tr>\n<tr>\n<td width=\"48\" valign=\"top\">\n<p class=\"MsoNormal\"><strong><span>3<\/span><\/strong><\/p>\n<\/td>\n<td width=\"480\" valign=\"top\">\n<p class=\"MsoNormal\"><span lang=\"CA\">Ass. de Promoci\u00f3 de la Cultura Catalana<\/span><\/p>\n<p class=\"MsoNormal\"><span lang=\"CA\">Diumenge 5, de 11h a 13h<\/span><\/p>\n<p class=\"MsoNormal\"><strong><span lang=\"CA\">Taller de   ball de bastons<\/span><\/strong><\/p>\n<p class=\"MsoNormal\"><span lang=\"CA\">S\u2019ensenyar\u00e0 a picar<\/span><\/p>\n<p class=\"MsoNormal\"><span lang=\"CA\"><br \/>\n<\/span><\/td>\n<\/tr>\n<tr>\n<td width=\"48\" valign=\"top\">\n<p class=\"MsoNormal\"><strong><span>4<\/span><\/strong><\/p>\n<\/td>\n<td width=\"480\" valign=\"top\">\n<p class=\"MsoNormal\"><span lang=\"CA\">Ass. Ve\u00efns i Comerciants La Taula del Raval<\/span><\/p>\n<p class=\"MsoNormal\"><span lang=\"CA\">Diumenge 5, de 11h a 13h<\/span><\/p>\n<p class=\"MsoNormal\"><strong><span lang=\"CA\">Titella   bovuets<\/span><\/strong><\/p>\n<p class=\"MsoNormal\"><span lang=\"CA\">Manualitat en cartolina<\/span><\/p>\n<p class=\"MsoNormal\"><span lang=\"CA\"><br \/>\n<\/span><\/td>\n<\/tr>\n<tr>\n<td width=\"48\" valign=\"top\">\n<p class=\"MsoNormal\"><strong><span>5<\/span><\/strong><\/p>\n<\/td>\n<td width=\"480\" valign=\"top\">\n<p class=\"MsoNormal\"><span lang=\"CA\">Associaci\u00f3 Comerciants i Ve\u00efns Carrer Cera<\/span><\/p>\n<p class=\"MsoNormal\"><span lang=\"CA\">Diumenge 5, de 11h a 13h<\/span><\/p>\n<p class=\"MsoNormal\"><strong><span lang=\"CA\">Lectura<\/span><\/strong><\/p>\n<p class=\"MsoNormal\"><span lang=\"CA\">Lectura de treballs del recull dels guanyadors dels   passats Jocs florals amb el obsequi del llibre<\/span><\/p>\n<p class=\"MsoNormal\"><span lang=\"CA\"><br \/>\n<\/span><\/td>\n<\/tr>\n<tr>\n<td width=\"48\" valign=\"top\">\n<p class=\"MsoNormal\"><strong><span>6.1<\/span><\/strong><\/p>\n<\/td>\n<td width=\"480\" valign=\"top\">\n<p class=\"MsoNormal\"><span lang=\"CA\">Casal dels Infants per l\u2019acci\u00f3 social als   Barris &#8211; Horts de Sant Pau<\/span><\/p>\n<p class=\"MsoNormal\"><span lang=\"CA\">Diumenge 5, de 11h a 13h <\/span><\/p>\n<p class=\"MsoNormal\"><strong><span lang=\"CA\">Vine a   Con\u00e8ixer l\u2019Hort Comunitari de Sant Pau<\/span><\/strong><\/p>\n<p class=\"MsoNormal\"><span lang=\"CA\">Coincidint amb la presentaci\u00f3 de l\u2019Hort Comunitari de   Sant Pau us convidem a participar de les activitats que s\u2019hi duran a terme   aix\u00ed com la possibilitat de donar un cop de ma en la preparaci\u00f3 de la   parcel\u00b7la.<\/span><\/p>\n<p class=\"MsoNormal\"><span lang=\"CA\"><br \/>\n<\/span><\/td>\n<\/tr>\n<tr>\n<td width=\"48\" valign=\"top\">\n<p class=\"MsoNormal\"><strong><span>6.2<\/span><\/strong><\/p>\n<\/td>\n<td width=\"480\" valign=\"top\">\n<p class=\"MsoNormal\"><span lang=\"CA\">Casal dels Infants per l\u2019acci\u00f3 social als   Barris &#8211; Centre Obert Infantil<\/span><\/p>\n<p class=\"MsoNormal\"><span lang=\"CA\">Divendres 3, de 17h a 19h<\/span><\/p>\n<p class=\"MsoNormal\"><strong><span lang=\"CA\">Ludoteca   Oberta <\/span><\/strong><\/p>\n<p class=\"MsoNormal\"><span lang=\"CA\">Ludoteca amb jocs de taula, joc simb\u00f2lic i jocs   cooperatius i de gran grup a la pla\u00e7a, per infants 6 a 12 anys.<\/span><\/p>\n<p class=\"MsoNormal\"><span lang=\"CA\"><br \/>\n<\/span><\/td>\n<\/tr>\n<tr>\n<td width=\"48\" valign=\"top\">\n<p class=\"MsoNormal\"><strong><span>6.3<\/span><\/strong><\/p>\n<\/td>\n<td width=\"480\" valign=\"top\">\n<p class=\"MsoNormal\"><span lang=\"CA\">Casal dels Infants per l&#8217;acci\u00f3 social als   Barris &#8211; Xarxa \u00d2mnia<\/span><\/p>\n<p class=\"MsoNormal\"><span lang=\"CA\">Dissabte 4, de 10h a 13h<\/span><\/p>\n<p class=\"MsoNormal\"><strong><span lang=\"CA\">PosT It City &#8211; Empoderament Digital &#8211; Raval MeeTIC   Point<\/span><\/strong><\/p>\n<p class=\"MsoNormal\"><span lang=\"CA\">Taller participatiu, per donar a con\u00e8ixer el tipus   d\u2019activitats que desenvolupa el projecte. S\u2019empraran eines web 2.0, junt amb   l\u2019\u00fas de c\u00e0mera de v\u00eddeo o webcam i la c\u00e0mera de fotos.<\/span><\/p>\n<p class=\"MsoNormal\"><span lang=\"CA\">El taller ser\u00e0 desenvolupat pel responsable de l\u2019Espai   Tecnol\u00f2gic junt amb la participaci\u00f3 d\u2019usuaris que porten temps col\u00b7laborant i   prenent part de les activitats del projecte. Intentar\u00e0 donar a con\u00e8ixer els   diferents espais i accions que desenvolupa, per a tots els ve\u00efns i ve\u00efnes del   barri, aix\u00ed com les entitats amb les que col\u00b7laborar.<\/span><\/p>\n<p class=\"MsoNormal\"><span lang=\"CA\">S\u2019intentar\u00e0 dur a terme una connexi\u00f3 en Streaming<\/span><\/p>\n<p class=\"MsoNormal\"><span lang=\"CA\">Pels m\u00e9s petits \u00e9s far\u00e0 un taller de \u201cScratch\u201d<\/span><\/p>\n<p class=\"MsoNormal\"><span lang=\"CA\">Si alg\u00fa i est\u00e0 interessat donarem suport per migrar de   Windows a Linux!<\/span><\/p>\n<p class=\"MsoNormal\"><span lang=\"CA\"><br \/>\n<\/span><\/td>\n<\/tr>\n<tr>\n<td width=\"48\" valign=\"top\">\n<p class=\"MsoNormal\"><strong><span>6.4<\/span><\/strong><\/p>\n<\/td>\n<td width=\"480\" valign=\"top\">\n<p class=\"MsoNormal\"><span lang=\"CA\">Casal dels Infants per l\u2019acci\u00f3 social als   Barris &#8211; Inserci\u00f3 i formaci\u00f3 social i Laboral<\/span><\/p>\n<p class=\"MsoNormal\"><span lang=\"CA\">Divendres 3, de 10h a 14h <\/span><\/p>\n<p class=\"MsoNormal\"><strong><span lang=\"CA\">Coneix el   taller del Raval<span> <\/span>i<span> <\/span>participa\u00a1\u00a1\u00a1<\/span><\/strong><\/p>\n<p class=\"MsoNormal\"><span lang=\"CA\">Con\u00e8ixer els projectes de formaci\u00f3 i inserci\u00f3 social i   laboral (de 10h a 14h)<strong><\/strong><\/span><\/p>\n<p class=\"MsoNormal\"><span lang=\"CA\">Participar en un taller de confecci\u00f3 de curriculum (de   10h a 11.30h)<\/span><\/p>\n<p class=\"MsoNormal\"><span lang=\"CA\"><br \/>\n<\/span><\/td>\n<\/tr>\n<tr>\n<td width=\"48\" valign=\"top\">\n<p class=\"MsoNormal\"><strong><span>6.5<\/span><\/strong><\/p>\n<\/td>\n<td width=\"480\" valign=\"top\">\n<p class=\"MsoNormal\"><span lang=\"CA\">Casal dels Infants per l&#8217;acci\u00f3 social als   Barris &#8211; Vincles i Casal familiar<\/span><\/p>\n<p class=\"MsoNormal\"><span lang=\"CA\">Dissabte 4 de 10 a 13h<\/span><\/p>\n<p class=\"MsoNormal\"><strong><span lang=\"CA\">Pares   i fills pinteu junts<\/span><\/strong><\/p>\n<p class=\"MsoNormal\"><span lang=\"CA\">Taller familiar<\/span><\/p>\n<p class=\"MsoNormal\"><span lang=\"CA\"><br \/>\n<\/span><\/td>\n<\/tr>\n<tr>\n<td width=\"48\" valign=\"top\">\n<p class=\"MsoNormal\"><strong><span>7<\/span><\/strong><\/p>\n<\/td>\n<td width=\"480\" valign=\"top\">\n<p class=\"MsoNormal\"><span lang=\"CA\">Comunitat Sant&#8217;Egidio<\/span><\/p>\n<p class=\"Default\"><span lang=\"CA\">Divendres 3, de 18h a 20h i dissabte 4 de 11h a 13h<\/span><\/p>\n<p class=\"Default\"><strong><span lang=\"CA\">Visita de l\u2019esgl\u00e9sia   de Sant Ll\u00e0tzer i informaci\u00f3 sobre la Comunitat de Sant\u2019Egidio <\/span><\/strong><\/p>\n<p class=\"Default\"><span lang=\"CA\">Activitat cultural i informativa<\/span><\/p>\n<p class=\"Default\"><span lang=\"CA\"><br \/>\n<\/span><\/td>\n<\/tr>\n<tr>\n<td width=\"48\" valign=\"top\">\n<p class=\"MsoNormal\"><strong><span>8<\/span><\/strong><\/p>\n<\/td>\n<td width=\"480\" valign=\"top\">\n<p class=\"MsoNormal\"><span lang=\"CA\">Fundaci\u00f3 Privada Taller de M\u00fasics<\/span><\/p>\n<p class=\"MsoNormal\"><span lang=\"CA\">Divendres 3, de 10.30h a 12.30h<\/span><\/p>\n<p class=\"MsoNormal\"><strong><span lang=\"CA\">Jove Big Band Taller de M\u00f9sics<\/span><\/strong><\/p>\n<p class=\"MsoNormal\"><span lang=\"CA\">Assaig obert de la Jove Big Band del   Taller de M\u00fasics, obrirem les portes de l\u2019aula que donen al carrer Requesens   perqu\u00e8 tothom que passi pugui gaudir de la m\u00fasica aquell dia.<\/span><\/p>\n<p class=\"MsoNormal\"><span lang=\"CA\"><br \/>\n<\/span><\/td>\n<\/tr>\n<tr>\n<td width=\"48\" valign=\"top\">\n<p class=\"MsoNormal\"><strong><span>9<\/span><\/strong><\/p>\n<\/td>\n<td width=\"480\" valign=\"top\">\n<p class=\"MsoNormal\"><span lang=\"CA\">Fundaci\u00f3 Tot Raval<\/span><\/p>\n<p class=\"MsoNormal\"><span lang=\"CA\">Divendres 3, de 16h a 19h<\/span><\/p>\n<p class=\"MsoNormal\"><strong><span lang=\"CA\">Coneix el treball en xarxa!<\/span><\/strong><\/p>\n<p class=\"MsoNormal\"><span lang=\"CA\">Projecci\u00f3 de curtmetratges   comunitaris del Raval realitzats per les entitats, ve\u00efns i ve\u00efnes del barri.<\/span><\/p>\n<p class=\"MsoNormal\"><span lang=\"CA\"><br \/>\n<\/span><\/td>\n<\/tr>\n<tr>\n<td width=\"48\" valign=\"top\">\n<p class=\"MsoNormal\"><strong><span>10<\/span><\/strong><\/p>\n<\/td>\n<td width=\"480\" valign=\"top\">\n<p class=\"MsoNormal\"><span lang=\"CA\">L&#8217;Escola de M\u00fasics i Escola d<\/span>e M\u00fasica JPC<\/p>\n<p class=\"MsoNormal\"><span lang=\"CA\">Diumenge 5, de 13h a 14h<\/span><\/p>\n<p class=\"MsoNormal\"><strong><span lang=\"CA\">Actuaci\u00f3   combo <\/span><\/strong><\/p>\n<p class=\"MsoNormal\"><span lang=\"CA\">Actuaci\u00f3 musical<\/span><\/p>\n<p class=\"MsoNormal\"><span lang=\"CA\"><br \/>\n<\/span><\/td>\n<\/tr>\n<tr>\n<td width=\"48\" valign=\"top\">\n<p class=\"MsoNormal\"><strong><span>11<\/span><\/strong><\/p>\n<\/td>\n<td width=\"480\" valign=\"top\">\n<p class=\"MsoNormal\"><span lang=\"CA\">MuchaFibra<\/span><\/p>\n<p class=\"MsoNormal\"><span lang=\"CA\">Entrega informaci\u00f3<\/span><\/p>\n<p class=\"MsoNormal\"><span lang=\"CA\"><br \/>\n<\/span><\/td>\n<\/tr>\n<tr>\n<td width=\"48\" valign=\"top\">\n<p class=\"MsoNormal\"><strong><span>12<\/span><\/strong><\/p>\n<\/td>\n<td width=\"480\" valign=\"top\">\n<p class=\"MsoNormal\"><span lang=\"CA\">Nexes<\/span><\/p>\n<p class=\"MsoNormal\"><span lang=\"CA\"> <\/span><\/p>\n<p class=\"MsoNormal\"><span lang=\"CA\">Divendres 3, de 16h a 19h<\/span><\/p>\n<p class=\"MsoNormal\"><strong><span lang=\"CA\">&#8211; Taller:   \u201cCom puc anar al estranger aquest estiu?\u201d<\/span><\/strong><span lang=\"CA\">, de 16h a   17.30h<\/span><\/p>\n<p class=\"MsoNormal\"><span lang=\"CA\">El taller proposar\u00e0 maneres barates, interessants i   experi\u00e8ncies educatives al estranger durant l\u2019estiu.<\/span><\/p>\n<p class=\"MsoNormal\"><strong><span lang=\"CA\">&#8211; Projecci\u00f3   v\u00eddeo documental \u201cServei voluntari Euro-Afric\u00e0: intercanviant experi\u00e8ncies i   visions\u201c<\/span><\/strong><span lang=\"CA\">, de 18h a 19h<\/span><\/p>\n<p class=\"MsoNormal\"><span lang=\"CA\">Vuit voluntaris que han participat a aquest projecte   fent un servei voluntari de 9 mesos a un altre continent, ens content les   seves histories.<\/span><\/p>\n<p class=\"MsoNormal\"><span lang=\"CA\"> <\/span><\/p>\n<p class=\"MsoNormal\"><span lang=\"CA\">Diumenge 5, de 10h a 13h<\/span><\/p>\n<p class=\"MsoNormal\"><strong><span lang=\"CA\">Taller obert   \u201cJocs teatrals sobre drets humans\u201c<\/span><\/strong><\/p>\n<p class=\"MsoNormal\"><span lang=\"CA\">Els participants d\u2019un projecte de Nexes sobre desenvolupament   sostenible organitzen una s\u00e8rie de jocs teatrals als que pot participar   tothom, entrant en qualsevol moment.<\/span><\/p>\n<p class=\"MsoNormal\"><span lang=\"CA\"><br \/>\n<\/span><\/td>\n<\/tr>\n<tr>\n<td width=\"48\" valign=\"top\">\n<p class=\"MsoNormal\"><strong><span>13<\/span><\/strong><\/p>\n<\/td>\n<td width=\"480\" valign=\"top\">\n<p class=\"MsoNormal\"><span lang=\"CA\">P\u00f2dame<\/span><\/p>\n<p class=\"MsoNormal\"><span lang=\"CA\">Entrega informaci\u00f3<\/span><\/p>\n<p class=\"MsoNormal\"><span lang=\"CA\"><br \/>\n<\/span><\/td>\n<\/tr>\n<tr>\n<td width=\"48\" valign=\"top\">\n<p class=\"MsoNormal\"><strong><span>14<\/span><\/strong><\/p>\n<\/td>\n<td width=\"480\" valign=\"top\">\n<p class=\"MsoNormal\"><span lang=\"CA\">SAPS Creu Roja<\/span><\/p>\n<p class=\"MsoNormal\"><span lang=\"CA\">Divendres 3, de 10h a 17h<\/span><\/p>\n<p class=\"MsoNormal\"><strong><span lang=\"CA\">Visita per con\u00e8ixer el SAPS<\/span><\/strong><strong><\/strong><\/p>\n<p class=\"MsoNormal\"><span lang=\"CA\">Informaci\u00f3 del programes i   activitats del centre<\/span><\/p>\n<p class=\"MsoNormal\"><span lang=\"CA\"><br \/>\n<\/span><\/td>\n<\/tr>\n<tr>\n<td width=\"48\" valign=\"top\">\n<p class=\"MsoNormal\"><strong><span>15<\/span><\/strong><\/p>\n<\/td>\n<td width=\"480\" valign=\"top\">\n<p class=\"MsoNormal\"><span lang=\"CA\">SCI-Catalunya<\/span><\/p>\n<p class=\"MsoNormal\"><span lang=\"CA\">Diumenge 5, de 10.30h a 14h<\/span><\/p>\n<p class=\"MsoNormal\"><strong><span lang=\"CA\">SCI t\u2019obre   les portes<\/span><\/strong><\/p>\n<p class=\"MsoNormal\"><span lang=\"CA\">Presentaci\u00f3 de la nostra entitat mitjan\u00e7ant jocs i   din\u00e0miques de grup<\/span><\/p>\n<p class=\"MsoNormal\"><span lang=\"CA\"><br \/>\n<\/span><\/td>\n<\/tr>\n<tr>\n<td width=\"48\" valign=\"top\">\n<p class=\"MsoNormal\"><strong><span>16<\/span><\/strong><\/p>\n<\/td>\n<td width=\"480\" valign=\"top\">\n<p class=\"MsoNormal\"><span lang=\"CA\">Servei Solidari<\/span><\/p>\n<p class=\"MsoNormal\">Dijous 5, de 10h a 12.30h<\/p>\n<p class=\"MsoNormal\"><strong><span lang=\"CA\">Xapes per   aprendre<\/span><\/strong><\/p>\n<p class=\"MsoNormal\"><span lang=\"CA\">Taller de xapes<\/span><\/p>\n<p class=\"MsoNormal\"><span lang=\"CA\"><br \/>\n<\/span><\/td>\n<\/tr>\n<tr>\n<td width=\"48\" valign=\"top\">\n<p class=\"MsoNormal\"><strong><span>17<\/span><\/strong><\/p>\n<\/td>\n<td width=\"480\" valign=\"top\">\n<p class=\"MsoNormal\"><span lang=\"CA\">SETEM<\/span><\/p>\n<p><span lang=\"CA\">Diumenge 5, de 11.30h a 13h<\/span><\/p>\n<p><strong><span lang=\"CA\">Documentals per la transformaci\u00f3 social<\/span><\/strong><\/p>\n<p><span lang=\"CA\">Passi de documentals:<\/span><\/p>\n<p><span lang=\"CA\">&#8211; 11.30 \u201cEl \u00faltimatum   evolutivo\u201d<\/span><\/p>\n<p><span lang=\"CA\">&#8211; 11.45 \u201cTocant de peus a   terra\u201d<\/span><\/p>\n<p class=\"MsoNormal\"><span lang=\"CA\">&#8211; 12.00 \u201c38\u201d<\/span><\/p>\n<p class=\"MsoNormal\"><span lang=\"CA\"><br \/>\n<\/span><\/td>\n<\/tr>\n<tr>\n<td width=\"48\" valign=\"top\">\n<p class=\"MsoNormal\"><strong><span>18<\/span><\/strong><\/p>\n<\/td>\n<td width=\"480\" valign=\"top\">\n<p class=\"MsoNormal\"><span lang=\"CA\">SIDA STUDI<\/span><\/p>\n<p class=\"MsoNormal\"><span lang=\"CA\">Diumenge 5, de 10h a 13h<\/span><\/p>\n<p class=\"MsoNormal\"><strong><span lang=\"CA\">Intimitat,   plaer \u2026i cond\u00f3!<\/span><\/strong><\/p>\n<p class=\"MsoNormal\"><span lang=\"CA\">Tot parlant del plaer i la salut, farem un concurs de   col\u00b7locaci\u00f3 de condons. Per acompanyar l\u2019activitat, tindrem de fondo uns   curtmetratges que recreen situacions de la vida, en les que es gestiona el   cond\u00f3.<\/span><\/p>\n<p class=\"MsoNormal\"><span lang=\"CA\"><br \/>\n<\/span><\/td>\n<\/tr>\n<tr>\n<td width=\"48\" valign=\"top\">\n<p class=\"MsoNormal\"><strong><span>19<\/span><\/strong><\/p>\n<\/td>\n<td width=\"480\" valign=\"top\">\n<p class=\"MsoNormal\"><span lang=\"CA\">SOS Racisme Catalunya<\/span><\/p>\n<p class=\"MsoNormal\"><span lang=\"CA\">Divendres 3, de 16h a 20h<\/span><\/p>\n<p class=\"MsoNormal\"><strong><span lang=\"CA\">Obre els   Ulls! <\/span><\/strong><\/p>\n<p class=\"MsoNormal\"><span lang=\"CA\">Exposici\u00f3 din\u00e0mica<\/span><\/p>\n<p class=\"MsoNormal\"><span lang=\"CA\"><br \/>\n<\/span><\/td>\n<\/tr>\n<tr>\n<td width=\"48\" valign=\"top\">\n<p class=\"MsoNormal\"><strong><span>20<\/span><\/strong><\/p>\n<\/td>\n<td width=\"480\" valign=\"top\">\n<p class=\"MsoNormal\"><span lang=\"CA\">Impulsem   sccl<\/span><\/p>\n<p class=\"MsoNormal\"><span lang=\"CA\">Divendres 3,   de 10h a 12h i 16h a 18h<\/span><\/p>\n<p class=\"MsoNormal\"><strong><span lang=\"CA\">Xap-Impulsem<\/span><\/strong><\/p>\n<p class=\"MsoNormal\"><span lang=\"CA\">Coneix l\u2019entitat   i fes-te una xapa<\/span><\/p>\n<\/td>\n<\/tr>\n<\/tbody>\n<\/table>\n<p class=\"MsoNormal\"><span lang=\"CA\"> <\/span><\/p>\n","protected":false},"excerpt":{"rendered":"<p>1 ABD &#8211; CAS Sala Baluard Dissabte 4, de 11h a 13h Llavors per la conviv\u00e8ncia Tipus d\u2019activitat: convidem a les persones que s\u2019apropin al nostre centre a sembrar una llavor com s\u00edmbol de la conviv\u00e8ncia i del treball conjunt. Cada persona s\u2019emportar\u00e0 el seu testo amb la llavor per continuar cultivant-la a casa seva. [&hellip;]<\/p>\n","protected":false},"author":90,"featured_media":0,"parent":0,"menu_order":0,"comment_status":"open","ping_status":"open","template":"","meta":{"footnotes":""},"class_list":["post-149","page","type-page","status-publish","hentry"],"_links":{"self":[{"href":"https:\/\/blog.ravalnet.org\/obrintportes\/wp-json\/wp\/v2\/pages\/149","targetHints":{"allow":["GET"]}}],"collection":[{"href":"https:\/\/blog.ravalnet.org\/obrintportes\/wp-json\/wp\/v2\/pages"}],"about":[{"href":"https:\/\/blog.ravalnet.org\/obrintportes\/wp-json\/wp\/v2\/types\/page"}],"author":[{"embeddable":true,"href":"https:\/\/blog.ravalnet.org\/obrintportes\/wp-json\/wp\/v2\/users\/90"}],"replies":[{"embeddable":true,"href":"https:\/\/blog.ravalnet.org\/obrintportes\/wp-json\/wp\/v2\/comments?post=149"}],"version-history":[{"count":2,"href":"https:\/\/blog.ravalnet.org\/obrintportes\/wp-json\/wp\/v2\/pages\/149\/revisions"}],"predecessor-version":[{"id":157,"href":"https:\/\/blog.ravalnet.org\/obrintportes\/wp-json\/wp\/v2\/pages\/149\/revisions\/157"}],"wp:attachment":[{"href":"https:\/\/blog.ravalnet.org\/obrintportes\/wp-json\/wp\/v2\/media?parent=149"}],"curies":[{"name":"wp","href":"https:\/\/api.w.org\/{rel}","templated":true}]}}