{"id":74,"date":"2010-05-14T15:59:30","date_gmt":"2010-05-14T13:59:30","guid":{"rendered":"http:\/\/blog.ravalnet.org\/obrintportes\/?page_id=74"},"modified":"2011-05-09T19:53:31","modified_gmt":"2011-05-09T17:53:31","slug":"programa-activitats-complemetaries","status":"publish","type":"page","link":"https:\/\/blog.ravalnet.org\/obrintportes\/programa-activitats-complemetaries\/","title":{"rendered":"Activitats i tallers a les entitats"},"content":{"rendered":"<p style=\"text-align: left\">\n<p class=\"MsoNormal\"><strong><span lang=\"CA\">Divendres 3 de juny<\/span><\/strong><\/p>\n<p class=\"MsoNormal\"><span lang=\"CA\"> <\/span><span lang=\"CA\">10 a<\/span><span lang=\"CA\"> 14h \u2013 Coneix el Taller del Raval \/ Taller elaboraci\u00f3 curr\u00edculum<\/span><\/p>\n<p class=\"MsoNormal\"><strong><span lang=\"CA\">6.1 <\/span><\/strong><span lang=\"CA\">Casal dels Infants per l\u2019acci\u00f3 social als Barris<span> <\/span>&#8211; Inserci\u00f3 i formaci\u00f3 social i laboral<\/span><\/p>\n<p class=\"MsoNormal\"><span lang=\"CA\"> <\/span><\/p>\n<p class=\"MsoNormal\"><span lang=\"CA\">10 a<\/span><span lang=\"CA\"> 17h \u2013 El SAPS 19 anys&#8230; ens coneixes?<\/span><\/p>\n<p class=\"MsoNormal\"><strong><span lang=\"CA\">14<\/span><\/strong><span lang=\"CA\"> SAPS Creu Roja<\/span><\/p>\n<p class=\"MsoNormal\"><span lang=\"CA\"> <\/span><\/p>\n<p class=\"MsoNormal\"><span lang=\"CA\">10 a<\/span><span lang=\"CA\"> 12h \u2013 Xap-impulsem<\/span><\/p>\n<p class=\"MsoNormal\"><strong><span lang=\"CA\">20<\/span><\/strong><span lang=\"CA\"> Impulsem sccl<\/span><\/p>\n<p class=\"MsoNormal\"><span lang=\"CA\"> <\/span><\/p>\n<p class=\"MsoNormal\"><span lang=\"CA\">10.30 a<\/span><span lang=\"CA\"> 12,30h \u2013 Assaig Obert de la Jove Big Band Taller de M\u00fasics<\/span><\/p>\n<p class=\"MsoNormal\"><strong><span lang=\"CA\">8<\/span><\/strong><span lang=\"CA\"> Fundaci\u00f3 Privada Taller de M\u00fasics<\/span><\/p>\n<p class=\"MsoNormal\"><span lang=\"CA\"> <\/span><\/p>\n<p class=\"MsoNormal\"><span lang=\"CA\">16 a<\/span><span lang=\"CA\"> 19h Passi de curtmetratges: Coneix el treball en xarxa al barri del Raval <\/span><\/p>\n<p class=\"MsoNormal\"><strong><span lang=\"CA\">9<\/span><\/strong><span lang=\"CA\"> Fundaci\u00f3 Tot Raval<\/span><\/p>\n<p class=\"MsoNormal\"><span lang=\"CA\"> <\/span><\/p>\n<p class=\"MsoNormal\"><span lang=\"CA\">16 a<\/span><span lang=\"CA\"> 17,30h \u2013 Taller: Com puc anar a l\u2019estranger aquest estiu? <\/span><\/p>\n<p class=\"MsoNormal\"><strong><span lang=\"CA\">12<\/span><\/strong><span lang=\"CA\"> Nexes<\/span><\/p>\n<p class=\"MsoNormal\"><span lang=\"CA\"> <\/span><\/p>\n<p class=\"MsoNormal\"><span lang=\"CA\">16 a<\/span><span lang=\"CA\"> 20h \u2013 <span>Exposici\u00f3 din\u00e0mica: Has imaginat mai la teva vida a la pell d\u2019un altre? Obre els ulls! <\/span><\/span><\/p>\n<p class=\"MsoNormal\"><strong><span lang=\"CA\">19<\/span><\/strong><span lang=\"CA\"> SOS Racisme Catalunya<\/span><\/p>\n<p class=\"MsoNormal\"><span lang=\"CA\"> <\/span><\/p>\n<p class=\"MsoNormal\"><span lang=\"CA\">16 a<\/span><span lang=\"CA\"> 18h \u2013 Xap-impulsem<\/span><\/p>\n<p class=\"MsoNormal\"><strong><span lang=\"CA\">20<\/span><\/strong><span lang=\"CA\"> Impulsem sccl<\/span><\/p>\n<p class=\"MsoNormal\"><span lang=\"CA\"> <\/span><\/p>\n<p class=\"MsoNormal\"><span lang=\"CA\">17 a<\/span><span lang=\"CA\"> 19h \u2013 Ludoteca oberta<\/span><\/p>\n<p class=\"MsoNormal\"><strong><span lang=\"CA\">6.2 <\/span><\/strong><span lang=\"CA\">Casal dels Infants per l\u2019acci\u00f3 social als Barris \u2013 Centre obert infantil<\/span><\/p>\n<p class=\"MsoNormal\"><span lang=\"CA\"> <\/span><\/p>\n<p class=\"MsoNormal\"><span lang=\"CA\">18 a<\/span><span lang=\"CA\"> 20h \u2013 L\u2019interior de l\u2019esgl\u00e9sia de Sant Ll\u00e0tzer <\/span><\/p>\n<p class=\"MsoNormal\"><strong><span lang=\"CA\">7<\/span><\/strong><span lang=\"CA\"> Comunitat Sant\u2019Egidio <\/span><\/p>\n<p class=\"MsoNormal\"><span lang=\"CA\"> <\/span><\/p>\n<p class=\"MsoNormal\"><span lang=\"CA\">18 a<\/span><span lang=\"CA\"> 19h \u2013 Documental: Servei voluntari Euro<strong>&#8211;<\/strong>Afric\u00e0: Intercanviant experi\u00e8ncies <\/span><\/p>\n<p class=\"MsoNormal\"><strong><span lang=\"CA\">12 <\/span><\/strong><span lang=\"CA\">Nexes<\/span><\/p>\n<p class=\"MsoNormal\"><span lang=\"CA\"> <\/span><\/p>\n<p class=\"MsoNormal\"><span lang=\"CA\"> <\/span><\/p>\n<p class=\"MsoNormal\"><strong><span lang=\"CA\">Dissabte 4 de juny<\/span><\/strong><\/p>\n<p class=\"MsoNormal\"><span lang=\"CA\"> <\/span><\/p>\n<p class=\"MsoNormal\"><span lang=\"CA\">10 a<\/span><span lang=\"CA\"> 14h \u2013 Fes del carrer un escenari i actua amb nosaltres!<\/span><\/p>\n<p class=\"MsoNormal\"><strong><span lang=\"CA\">2<\/span><\/strong><span lang=\"CA\"> \u00c0mbit Prevenci\u00f3<\/span><\/p>\n<p class=\"MsoNormal\"><span lang=\"CA\"> <\/span><\/p>\n<p class=\"MsoNormal\"><span lang=\"CA\">10 a<\/span><span lang=\"CA\"> 13h &#8211; PosT It City &#8211; Empoderament Digital &#8211; Raval MeeTIC Point<\/span><\/p>\n<p class=\"MsoNormal\"><strong><span lang=\"CA\">6.3 <\/span><\/strong><span lang=\"CA\">Casal dels Infants per l\u2019acci\u00f3 social als Barris \u2013 Punt \u00d2mnia<\/span><\/p>\n<p class=\"MsoNormal\"><span lang=\"CA\"> <\/span><\/p>\n<p class=\"MsoNormal\"><span lang=\"CA\">10 a<\/span><span lang=\"CA\"> 13h \u2013 Pares i fills pinteu junts!<\/span><\/p>\n<p class=\"MsoNormal\"><strong><span lang=\"CA\">6.4 <\/span><\/strong><span lang=\"CA\">Casal dels Infants per l\u2019acci\u00f3 social als Barris \u2013 Vincles i Casal familiar<\/span><\/p>\n<p class=\"MsoNormal\"><span lang=\"CA\"> <\/span><\/p>\n<p class=\"MsoNormal\"><span lang=\"CA\">11 a<\/span><span lang=\"CA\"> 13h \u2013 Cultiu de llavors: Llavors per la conviv\u00e8ncia <\/span><\/p>\n<p class=\"MsoNormal\"><strong><span lang=\"CA\">1<\/span><\/strong><span lang=\"CA\"> ABD \u2013 CAS Sala Baluard<\/span><\/p>\n<p class=\"MsoNormal\"><span lang=\"CA\"> <\/span><\/p>\n<p class=\"MsoNormal\"><span lang=\"CA\">11 a<\/span><span lang=\"CA\"> 13h \u2013 L\u2019interior de l\u2019Esgl\u00e9sia de Sant Ll\u00e0tzer<\/span><\/p>\n<p class=\"MsoNormal\"><strong><span lang=\"CA\">7 <\/span><\/strong><span lang=\"CA\">Comunitat Sant\u2019Egidio<\/span><\/p>\n<p class=\"MsoNormal\"><span lang=\"CA\"> <\/span><\/p>\n<p class=\"MsoNormal\"><span lang=\"CA\"> <\/span><\/p>\n<p class=\"MsoNormal\"><strong><span lang=\"CA\">Diumenge 5 de juny<\/span><\/strong><\/p>\n<p class=\"MsoNormal\"><span lang=\"CA\"> <\/span><\/p>\n<p class=\"MsoNormal\"><span lang=\"CA\">10 a<\/span><span lang=\"CA\"> 13h \u2013 Taller de jocs teatrals sobre drets humans <\/span><\/p>\n<p class=\"MsoNormal\"><strong><span lang=\"CA\">12<\/span><\/strong><span lang=\"CA\"> Nexes<\/span><\/p>\n<p class=\"MsoNormal\"><span lang=\"CA\"> <\/span><\/p>\n<p class=\"MsoNormal\"><span lang=\"CA\">10 a<\/span><span lang=\"CA\"> 13h \u2013 Taller de xapes per aprendre <\/span><\/p>\n<p class=\"MsoNormal\"><strong><span lang=\"CA\">16 <\/span><\/strong><span lang=\"CA\">Servei Solidari<\/span><\/p>\n<p class=\"MsoNormal\"><span lang=\"CA\"> <\/span><\/p>\n<p class=\"MsoNormal\"><span lang=\"CA\">10 a<\/span><span lang=\"CA\"> 13h Intimitat, plaer i&#8230; el poses tu o el poso jo? \/ Din\u00e0mica<\/span><\/p>\n<p class=\"MsoNormal\"><strong><span lang=\"CA\">18<\/span><\/strong><span lang=\"CA\"> SIDA STUDI <\/span><\/p>\n<p class=\"MsoNormal\"><span lang=\"CA\"> <\/span><\/p>\n<p class=\"MsoNormal\"><span lang=\"CA\">10,30 a<\/span><span lang=\"CA\"> 13h \u2013 SCI t\u2019obre les portes<strong>:<\/strong> Jocs de pau<\/span><\/p>\n<p class=\"MsoNormal\"><strong><span lang=\"CA\">15<\/span><\/strong><span lang=\"CA\"> SCI &#8211; Catalunya<\/span><\/p>\n<p class=\"MsoNormal\"><span lang=\"CA\"> <\/span><\/p>\n<p class=\"MsoNormal\"><span lang=\"CA\">11 a<\/span><span lang=\"CA\"> 13h \u2013 Taller de balls de bastons<\/span><\/p>\n<p class=\"MsoNormal\"><strong><span lang=\"CA\">3<\/span><\/strong><span lang=\"CA\"> Ass. De Promoci\u00f3 de la Cultura Catalana<\/span><\/p>\n<p class=\"MsoNormal\"><span lang=\"CA\"> <\/span><\/p>\n<p class=\"MsoNormal\"><span lang=\"CA\">11 a<\/span><span lang=\"CA\"> 13h \u2013 Manualitats: Fem titelles dels bouets del Raval amb la canalla!<span> <\/span><\/span><\/p>\n<p class=\"MsoNormal\"><strong><span lang=\"CA\">4<\/span><\/strong><span lang=\"CA\"> Ass. Ve\u00efns i Comerciants La  Taula del Raval<\/span><\/p>\n<p class=\"MsoNormal\"><span lang=\"CA\"> <\/span><\/p>\n<p class=\"MsoNormal\"><span lang=\"CA\">11 a<\/span><span lang=\"CA\"> 13h \u2013 Lectura dels escrits guanyadors del Jocs Florals del Raval<\/span><\/p>\n<p class=\"MsoNormal\"><strong><span lang=\"CA\">5<\/span><\/strong><span lang=\"CA\"> Associaci\u00f3 de Comerciants i Ve\u00efns del carrer de la Cera<\/span><\/p>\n<p class=\"MsoNormal\"><span lang=\"CA\"> <\/span><\/p>\n<p class=\"MsoNormal\"><span lang=\"CA\">11 a<\/span><span lang=\"CA\"> 13h Vine a con\u00e8ixer l\u2019Hort Comunitari de Sant Pau<\/span><\/p>\n<p class=\"MsoNormal\"><strong><span lang=\"CA\">6.5 <\/span><\/strong><span lang=\"CA\">Casal dels Infants per l\u2019acci\u00f3 social als Barris \u2013 Horts de Sant Pau<\/span><\/p>\n<p class=\"MsoNormal\"><span lang=\"CA\"> <\/span><\/p>\n<p class=\"MsoNormal\"><span lang=\"CA\">11,30 a<\/span><span lang=\"CA\"> 11,45h Documental per a la transformaci\u00f3 social: El \u00faltimatum evolutivo<\/span><\/p>\n<p class=\"MsoNormal\"><strong><span lang=\"CA\">17<\/span><\/strong><span lang=\"CA\"> SETEM <\/span><\/p>\n<p class=\"MsoNormal\"><span lang=\"CA\"> <\/span><\/p>\n<p class=\"MsoNormal\"><span lang=\"CA\">11,45 a<\/span><span lang=\"CA\"> 12h Documental per a la transformaci\u00f3 social: Tocant de peus a terra<\/span><\/p>\n<p class=\"MsoNormal\"><strong><span lang=\"CA\">17<\/span><\/strong><span lang=\"CA\"> SETEM <\/span><\/p>\n<p class=\"MsoNormal\"><span lang=\"CA\"> <\/span><\/p>\n<p class=\"MsoNormal\"><span lang=\"CA\">12h a 12,20h Documental per a la transformaci\u00f3 social: \u201c38\u201d<\/span><\/p>\n<p class=\"MsoNormal\"><strong><span lang=\"CA\">17<\/span><\/strong><span lang=\"CA\"> SETEM <\/span><\/p>\n<p class=\"MsoNormal\"><span lang=\"CA\"> <\/span><\/p>\n<p class=\"MsoNormal\"><span lang=\"CA\">13h \u2013 Festa final amb el Combo de l\u2019Escola de M\u00fasics<\/span><\/p>\n<p class=\"MsoNormal\"><strong><span lang=\"CA\">10 <\/span><\/strong><span lang=\"CA\">L\u2019Escola de M\u00fasics i Escola de M\u00fasica JPC<\/span><\/p>\n","protected":false},"excerpt":{"rendered":"<p>Divendres 3 de juny 10 a 14h \u2013 Coneix el Taller del Raval \/ Taller elaboraci\u00f3 curr\u00edculum 6.1 Casal dels Infants per l\u2019acci\u00f3 social als Barris &#8211; Inserci\u00f3 i formaci\u00f3 social i laboral 10 a 17h \u2013 El SAPS 19 anys&#8230; ens coneixes? 14 SAPS Creu Roja 10 a 12h \u2013 Xap-impulsem 20 Impulsem sccl [&hellip;]<\/p>\n","protected":false},"author":90,"featured_media":0,"parent":0,"menu_order":2,"comment_status":"open","ping_status":"open","template":"","meta":{"footnotes":""},"class_list":["post-74","page","type-page","status-publish","hentry"],"_links":{"self":[{"href":"https:\/\/blog.ravalnet.org\/obrintportes\/wp-json\/wp\/v2\/pages\/74","targetHints":{"allow":["GET"]}}],"collection":[{"href":"https:\/\/blog.ravalnet.org\/obrintportes\/wp-json\/wp\/v2\/pages"}],"about":[{"href":"https:\/\/blog.ravalnet.org\/obrintportes\/wp-json\/wp\/v2\/types\/page"}],"author":[{"embeddable":true,"href":"https:\/\/blog.ravalnet.org\/obrintportes\/wp-json\/wp\/v2\/users\/90"}],"replies":[{"embeddable":true,"href":"https:\/\/blog.ravalnet.org\/obrintportes\/wp-json\/wp\/v2\/comments?post=74"}],"version-history":[{"count":8,"href":"https:\/\/blog.ravalnet.org\/obrintportes\/wp-json\/wp\/v2\/pages\/74\/revisions"}],"predecessor-version":[{"id":134,"href":"https:\/\/blog.ravalnet.org\/obrintportes\/wp-json\/wp\/v2\/pages\/74\/revisions\/134"}],"wp:attachment":[{"href":"https:\/\/blog.ravalnet.org\/obrintportes\/wp-json\/wp\/v2\/media?parent=74"}],"curies":[{"name":"wp","href":"https:\/\/api.w.org\/{rel}","templated":true}]}}