{"id":33,"date":"2008-07-03T18:44:59","date_gmt":"2008-07-03T16:44:59","guid":{"rendered":"http:\/\/blog.ravalnet.org\/radio08\/?page_id=33"},"modified":"2008-07-15T12:38:17","modified_gmt":"2008-07-15T10:38:17","slug":"radio-educativa","status":"publish","type":"page","link":"https:\/\/blog.ravalnet.org\/radio08\/radio-educativa\/","title":{"rendered":"Inici"},"content":{"rendered":"<div class=\"entry\">\n<p><span style=\"color: #000000\"><strong>Aquest \u00e9s el bloc de l\u2019edici\u00f3 2008 del curs R\u00e0dio Educativa. <\/strong><\/span><\/p>\n<p><span style=\"color: #000000\"><strong><span>Cada grup podr\u00e0 penjar els programes de r\u00e0dio que crei al llarg del curs. Tamb\u00e9 disposem d\u2019un espai de proves per que ens servir\u00e0 per a \u201ctrastejar\u201d, i provar com podem publicar els nostres \u00e0udios dins d\u2019un bloc.<\/span><\/strong><\/span><\/p>\n<p><span style=\"color: #000000\"><strong>Finalment, publicarem una versi\u00f3 final de cada programa dins del servidor de ravalnet i que podreu escoltar al fil de cada equip.<\/strong><\/span><\/p>\n<p><span style=\"color: #000000\"><strong>A la p\u00e0gina d\u2019imatges, penjarem les fotos de les sessions presencials. <\/strong><\/span><\/p>\n<\/div>\n<h3>Related Images:<\/h3>","protected":false},"excerpt":{"rendered":"<p>Aquest \u00e9s el bloc de l\u2019edici\u00f3 2008 del curs R\u00e0dio Educativa. Cada grup podr\u00e0 penjar els programes de r\u00e0dio que crei al llarg del curs. Tamb\u00e9 disposem d\u2019un espai de proves per que ens servir\u00e0 per a \u201ctrastejar\u201d, i provar com podem publicar els nostres \u00e0udios dins d\u2019un bloc. Finalment, publicarem una versi\u00f3 final de [&hellip;]<\/p>\n","protected":false},"author":40,"featured_media":0,"parent":0,"menu_order":1,"comment_status":"open","ping_status":"open","template":"","meta":{"ngg_post_thumbnail":0,"footnotes":""},"class_list":["post-33","page","type-page","status-publish","hentry"],"_links":{"self":[{"href":"https:\/\/blog.ravalnet.org\/radio08\/wp-json\/wp\/v2\/pages\/33","targetHints":{"allow":["GET"]}}],"collection":[{"href":"https:\/\/blog.ravalnet.org\/radio08\/wp-json\/wp\/v2\/pages"}],"about":[{"href":"https:\/\/blog.ravalnet.org\/radio08\/wp-json\/wp\/v2\/types\/page"}],"author":[{"embeddable":true,"href":"https:\/\/blog.ravalnet.org\/radio08\/wp-json\/wp\/v2\/users\/40"}],"replies":[{"embeddable":true,"href":"https:\/\/blog.ravalnet.org\/radio08\/wp-json\/wp\/v2\/comments?post=33"}],"version-history":[{"count":0,"href":"https:\/\/blog.ravalnet.org\/radio08\/wp-json\/wp\/v2\/pages\/33\/revisions"}],"wp:attachment":[{"href":"https:\/\/blog.ravalnet.org\/radio08\/wp-json\/wp\/v2\/media?parent=33"}],"curies":[{"name":"wp","href":"https:\/\/api.w.org\/{rel}","templated":true}]}}