{"id":11,"date":"2007-06-27T17:32:27","date_gmt":"2007-06-27T15:32:27","guid":{"rendered":"http:\/\/blog.ravalnet.org\/radioeducativa\/presentacio\/"},"modified":"2007-09-26T10:49:13","modified_gmt":"2007-09-26T08:49:13","slug":"presentacio","status":"publish","type":"page","link":"https:\/\/blog.ravalnet.org\/radioeducativa\/presentacio\/","title":{"rendered":"Did\u00e0ctica"},"content":{"rendered":"<p><font color=\"#993300\">Quina metodologia did\u00e0ctica podem emprar? Com ho podem treballar per extreure\u2019n el m\u00e0xim rendiment?<\/font><\/p>\n<p><font color=\"#000000\">\u00c9s important explorar les diferents possibilitats que tenim per fer un \u00fas pedag\u00f2gic de les eines comunicatives que ens ofereix la r\u00e0dio per Internet.  <\/font><\/p>\n<p><font color=\"#000000\">Els objectius corresponents a la realitzaci\u00f3 d&#8217;aquesta tasca s\u00f3n:<\/font><\/p>\n<ul>\n<li>Con\u00e8ixer les claus per tal d\u2019introduir el treball amb la r\u00e0dio a l\u2019escola i a l\u2019institut, de forma assequible pel professorat i atractiva pels estudiants.<\/li>\n<li>Reflexionar al voltant del treball transversal que aquest mitj\u00e0 ens permet realitzar.<\/li>\n<li>Con\u00e8ixer experi\u00e8ncies que s\u2019han dut a terme en diferents espais, formals i informals, d\u2019ensenyament.<\/li>\n<\/ul>\n<p><font color=\"#000000\">Per tal d&#8217;aconseguir aquests objectius, la <a href=\"http:\/\/bloc.ravalnet.org\/bloc\/recursosaula\">N\u00faria <\/a>i l&#8217;<a href=\"http:\/\/bloc.ravalnet.org\/bloc\/bitacola_demestratic\">Anna<\/a>, de la Xarxa Educativa Ravalnet, van preparar la seg\u00fcent <a href=\"http:\/\/www.slideshare.net\/annaravalnet\/aulamedia07\/\" title=\"PresentacioAulamedia\">presentaci\u00f3 per a la II Escola d&#8217;Estiu de Comunicaci\u00f3:<\/a><\/font><\/p>\n<p><object type=\"application\/x-shockwave-flash\" data=\"https:\/\/s3.amazonaws.com:443\/slideshare\/ssplayer.swf?id=72064&amp;doc=aulamedia072919\" height=\"348\" width=\"425\"><param name=\"movie\" value=\"https:\/\/s3.amazonaws.com:443\/slideshare\/ssplayer.swf?id=72064&amp;doc=aulamedia072919\"><\/param><\/object><\/p>\n","protected":false},"excerpt":{"rendered":"<p>Quina metodologia did\u00e0ctica podem emprar? Com ho podem treballar per extreure\u2019n el m\u00e0xim rendiment? \u00c9s important explorar les diferents possibilitats que tenim per fer un \u00fas pedag\u00f2gic de les eines comunicatives que ens ofereix la r\u00e0dio per Internet. Els objectius corresponents a la realitzaci\u00f3 d&#8217;aquesta tasca s\u00f3n: Con\u00e8ixer les claus per tal d\u2019introduir el treball [&hellip;]<\/p>\n","protected":false},"author":40,"featured_media":0,"parent":0,"menu_order":1,"comment_status":"open","ping_status":"open","template":"","meta":{"ngg_post_thumbnail":0,"footnotes":""},"class_list":["post-11","page","type-page","status-publish","hentry"],"_links":{"self":[{"href":"https:\/\/blog.ravalnet.org\/radioeducativa\/wp-json\/wp\/v2\/pages\/11","targetHints":{"allow":["GET"]}}],"collection":[{"href":"https:\/\/blog.ravalnet.org\/radioeducativa\/wp-json\/wp\/v2\/pages"}],"about":[{"href":"https:\/\/blog.ravalnet.org\/radioeducativa\/wp-json\/wp\/v2\/types\/page"}],"author":[{"embeddable":true,"href":"https:\/\/blog.ravalnet.org\/radioeducativa\/wp-json\/wp\/v2\/users\/40"}],"replies":[{"embeddable":true,"href":"https:\/\/blog.ravalnet.org\/radioeducativa\/wp-json\/wp\/v2\/comments?post=11"}],"version-history":[{"count":0,"href":"https:\/\/blog.ravalnet.org\/radioeducativa\/wp-json\/wp\/v2\/pages\/11\/revisions"}],"wp:attachment":[{"href":"https:\/\/blog.ravalnet.org\/radioeducativa\/wp-json\/wp\/v2\/media?parent=11"}],"curies":[{"name":"wp","href":"https:\/\/api.w.org\/{rel}","templated":true}]}}