{"id":12,"date":"2007-06-27T17:33:15","date_gmt":"2007-06-27T15:33:15","guid":{"rendered":"http:\/\/blog.ravalnet.org\/radioeducativa\/tasques\/"},"modified":"2007-09-26T10:01:21","modified_gmt":"2007-09-26T08:01:21","slug":"tasques","status":"publish","type":"page","link":"https:\/\/blog.ravalnet.org\/radioeducativa\/tasques\/","title":{"rendered":"Preparaci\u00f3"},"content":{"rendered":"<p>El seg\u00fcent pas \u00e9s comen\u00e7ar a treballar de valent la <font color=\"#993300\">vessant pr\u00e0ctica<\/font> d&#8217;aquest curs. Farem un breu recorregut pels recursos que v\u00e0rem descobrir en la jornada anterior i ens dividirem en dos grups. Cada grup escollir\u00e0 <font color=\"#993300\">un projecte de r\u00e0dio<\/font> i comen\u00e7ar\u00e0 a treballar.<\/p>\n<p>Els nostres objectius s\u00f3n:<\/p>\n<ul>\n<li>Con\u00e8ixer les eines que tenim al nostre abast per fer projectes amb qualitat i amb el m\u00e0xim aprofitament dels recursos disponibles.<\/li>\n<li>Construir una guia did\u00e0ctica adequada als nostres centres i al nostre treball, tot partint dels materials existents.<\/li>\n<\/ul>\n<p>Haurem d&#8217;afanyar-nos, perqu\u00e8 hem de pensar la idea del programa -que anir\u00e0 lligada amb el g\u00e8nere period\u00edstic que treballarem-, buscar per Internet la informaci\u00f3 que necessitem, fer el gui\u00f3 o escaleta, pensar la sintonia que volem, el nom del programa&#8230; Eps! No ens estressem! Primer una cosa i despr\u00e9s l&#8217;altre&#8230; per sort, comptem amb  l&#8217;ajuda del Webquest <a href=\"http:\/\/ceipdrassanes.ravalnet.org\/webquest\/femradio\/index.htm\" title=\"Fem r\u00e0dio\">Fem r\u00e0dio<\/a> i de les eines que posa al nostre abast <a href=\"http:\/\/phobos.xtec.net\/audiovisuals\/radio\/wb.php\" title=\"XTECRADIO\">XTEC R\u00c0DIO<\/a>, que ens ajudaran a fer-ho de forma ordenada i divertida!<\/p>\n<p>Cada grup preparar\u00e0 el seu projecte i m\u00e9s val que aprofiti el temps, perqu\u00e8&#8230; la seg\u00fcent jornada \u00e9s la de la gravaci\u00f3!<\/p>\n<p>Ah, s\u00ed! Abans de marxar, coneixerem una de les eines que m\u00e9s facilita el proc\u00e9s de fer r\u00e0dio per Internet -que no la \u00fanica-: el <font color=\"#993300\">Kit d&#8217;\u00e0udio<\/font>. Ens recolzarem, un cop m\u00e9s, en un recurs que est\u00e0 disponible a Internet: una <a href=\"http:\/\/phobos.xtec.net\/audiovisuals\/radio\/kitaudio\/index.htm\">presentaci\u00f3 <\/a>que ens ofereix una descripci\u00f3 de l&#8217;aparell i del seu funcionament. I&#8230; es clar! Farem una breu presentaci\u00f3 del KIT de R\u00e0dio, que tenim a la nostra aula.<\/p>\n<p>Alguns recursos que us facilitaran la feina:<\/p>\n<p><a href=\"http:\/\/blog.ravalnet.org\/aulamediaradio\/files\/escaletaplantilla.odt\" title=\"Escaleta\">Escaleta <\/a><\/p>\n<p><a href=\"http:\/\/blog.ravalnet.org\/aulamediaradio\/files\/esquema.odt\" title=\"Plantillanoticia\">Plantillanoticia<\/a><\/p>\n<p>I encara una cosa m\u00e9s&#8230;  no podem marxar sense entrar uns minuts en el blog i fer una petita valoraci\u00f3 de la jornada. Imprescindible! Aquesta valoraci\u00f3 ajudar\u00e0 a les formadores a ajustar el programa del curs.<\/p>\n<p>Ja est\u00e0 tot? Tenim la veu clara i les mans preparades? La seg\u00fcent jornada ser\u00e0 el gran dia de la gravaci\u00f3.<\/p>\n<p>Us hi esperem!<\/p>\n","protected":false},"excerpt":{"rendered":"<p>El seg\u00fcent pas \u00e9s comen\u00e7ar a treballar de valent la vessant pr\u00e0ctica d&#8217;aquest curs. Farem un breu recorregut pels recursos que v\u00e0rem descobrir en la jornada anterior i ens dividirem en dos grups. Cada grup escollir\u00e0 un projecte de r\u00e0dio i comen\u00e7ar\u00e0 a treballar. Els nostres objectius s\u00f3n: Con\u00e8ixer les eines que tenim al nostre [&hellip;]<\/p>\n","protected":false},"author":40,"featured_media":0,"parent":0,"menu_order":1,"comment_status":"open","ping_status":"open","template":"","meta":{"ngg_post_thumbnail":0,"footnotes":""},"class_list":["post-12","page","type-page","status-publish","hentry"],"_links":{"self":[{"href":"https:\/\/blog.ravalnet.org\/radioeducativa\/wp-json\/wp\/v2\/pages\/12","targetHints":{"allow":["GET"]}}],"collection":[{"href":"https:\/\/blog.ravalnet.org\/radioeducativa\/wp-json\/wp\/v2\/pages"}],"about":[{"href":"https:\/\/blog.ravalnet.org\/radioeducativa\/wp-json\/wp\/v2\/types\/page"}],"author":[{"embeddable":true,"href":"https:\/\/blog.ravalnet.org\/radioeducativa\/wp-json\/wp\/v2\/users\/40"}],"replies":[{"embeddable":true,"href":"https:\/\/blog.ravalnet.org\/radioeducativa\/wp-json\/wp\/v2\/comments?post=12"}],"version-history":[{"count":0,"href":"https:\/\/blog.ravalnet.org\/radioeducativa\/wp-json\/wp\/v2\/pages\/12\/revisions"}],"wp:attachment":[{"href":"https:\/\/blog.ravalnet.org\/radioeducativa\/wp-json\/wp\/v2\/media?parent=12"}],"curies":[{"name":"wp","href":"https:\/\/api.w.org\/{rel}","templated":true}]}}