{"id":13,"date":"2007-06-27T17:34:04","date_gmt":"2007-06-27T15:34:04","guid":{"rendered":"http:\/\/blog.ravalnet.org\/radioeducativa\/process\/"},"modified":"2007-09-26T10:09:04","modified_gmt":"2007-09-26T08:09:04","slug":"process","status":"publish","type":"page","link":"https:\/\/blog.ravalnet.org\/radioeducativa\/process\/","title":{"rendered":"Gravaci\u00f3"},"content":{"rendered":"<p><font color=\"#993300\">Ha arribat el gran dia!<\/font><\/p>\n<p>Avui els grups ens posem mans a les taules de so i als micr\u00f2fons, perqu\u00e8 ens hem de lluir. Els nostres projectes prendran vida!<\/p>\n<p>Com ho farem? Mentre un grup pateix els nervis dels micr\u00f2fons, un altre patir\u00e0 els nervis de control t\u00e8cnic del programa. Ah, s\u00ed! Despr\u00e8s intercanviarem els papers!<\/p>\n<p>I quins s\u00f3n els objectius de la jornada?<\/p>\n<ul>\n<li>Demostrar que fer r\u00e0dio per Internet \u00e9s f\u00e0cil i divertit.<\/li>\n<li>Treballar un projecte de r\u00e0dio de la mateixa manera que ho fan els i les alumnes de les escoles o els instituts.<\/li>\n<li>Aprendre a resoldre les possibles complicacions que es presenten habitualment.<\/li>\n<\/ul>\n<p>I, com ja es habitual, abans de marxar&#8230; entrarem al blog del curs per tal de fer una petita valoraci\u00f3 de la jornada. Imprescindible!<\/p>\n","protected":false},"excerpt":{"rendered":"<p>Ha arribat el gran dia! Avui els grups ens posem mans a les taules de so i als micr\u00f2fons, perqu\u00e8 ens hem de lluir. Els nostres projectes prendran vida! Com ho farem? Mentre un grup pateix els nervis dels micr\u00f2fons, un altre patir\u00e0 els nervis de control t\u00e8cnic del programa. Ah, s\u00ed! Despr\u00e8s intercanviarem els [&hellip;]<\/p>\n","protected":false},"author":40,"featured_media":0,"parent":0,"menu_order":2,"comment_status":"open","ping_status":"open","template":"","meta":{"ngg_post_thumbnail":0,"footnotes":""},"class_list":["post-13","page","type-page","status-publish","hentry"],"_links":{"self":[{"href":"https:\/\/blog.ravalnet.org\/radioeducativa\/wp-json\/wp\/v2\/pages\/13","targetHints":{"allow":["GET"]}}],"collection":[{"href":"https:\/\/blog.ravalnet.org\/radioeducativa\/wp-json\/wp\/v2\/pages"}],"about":[{"href":"https:\/\/blog.ravalnet.org\/radioeducativa\/wp-json\/wp\/v2\/types\/page"}],"author":[{"embeddable":true,"href":"https:\/\/blog.ravalnet.org\/radioeducativa\/wp-json\/wp\/v2\/users\/40"}],"replies":[{"embeddable":true,"href":"https:\/\/blog.ravalnet.org\/radioeducativa\/wp-json\/wp\/v2\/comments?post=13"}],"version-history":[{"count":0,"href":"https:\/\/blog.ravalnet.org\/radioeducativa\/wp-json\/wp\/v2\/pages\/13\/revisions"}],"wp:attachment":[{"href":"https:\/\/blog.ravalnet.org\/radioeducativa\/wp-json\/wp\/v2\/media?parent=13"}],"curies":[{"name":"wp","href":"https:\/\/api.w.org\/{rel}","templated":true}]}}