{"id":14,"date":"2007-06-27T17:34:28","date_gmt":"2007-06-27T15:34:28","guid":{"rendered":"http:\/\/blog.ravalnet.org\/radioeducativa\/resultats\/"},"modified":"2007-09-26T10:11:59","modified_gmt":"2007-09-26T08:11:59","slug":"resultats","status":"publish","type":"page","link":"https:\/\/blog.ravalnet.org\/radioeducativa\/resultats\/","title":{"rendered":"Edici\u00f3"},"content":{"rendered":"<p><font color=\"#993300\">Cal fer algun retoc en les gravacions fetes?<\/font><\/p>\n<p>Ara ja sabem que fer r\u00e0dio no \u00e9s gens dif\u00edcil, i que els nervis no s\u00f3n tants i que, despr\u00e8s de tot, ens hem divertit.<\/p>\n<p>Tenim els programes gravats, per\u00f2&#8230; no \u00e9s cert que hi va haver alguna que altre errada? Algun silenci massa llarg? Alguna m\u00fasica que no va entrar a temps? Algun riure a destemps? I tant que s\u00ed!<\/p>\n<p>No cal tornar a gravar tot el programa! Ho podem retocar, i avui dedicarem el dia a fer-ho. Treballarem amb <a href=\"http:\/\/www.xtec.net\/%7Efbusquet\/programes\/audacity_1.2.4b_ca.exe\">el programa &#8220;Audacity&#8221;<\/a> fins a con\u00e8ixer-lo b\u00e9. Per cert, tenim un <a href=\"http:\/\/phobos.xtec.net\/audiovisuals\/radio\/materials\/guia.pdf\" title=\"Tutorial\">tutorial <\/a>a XTEC, una eina que pot resultar molt \u00fatil.<\/p>\n<p>\u00c9s per aix\u00f2 que avui la classe la farem davant dels ordinadors. Ens situarem per parelles i cada grup retocar\u00e0 el seu programa&#8230; o el programa del grup del costat? Ho haurem de decidir tots plegats! Ja veureu com la decisi\u00f3 \u00e9s important, perqu\u00e8 amb els &#8220;retocs&#8221; t\u00e8cnics podem arribar a canviar molt els programes gravats. N&#8217;esteu disposats?<\/p>\n<p>No ens oblidem, l&#8217;<strong>objectiu <\/strong>d&#8217;aquesta jornada \u00e9s:<\/p>\n<ul>\n<li>Treballar amb un programa d&#8217;edici\u00f3 d&#8217;arxius de so, que ens permetr\u00e0 millorar el resultat obtingut i, fins i tot, modificar-ho.<\/li>\n<\/ul>\n<p>En fi&#8230; abans de marxar a casa, ben satisfets i satisfetes per la feina feta i el resultat aconseguit, tornarem a entrar en aquest blog per fer, un cop m\u00e9s, la valoraci\u00f3 de la jornada.<\/p>\n<p>El proper dia pujarem els arxius de so al blog!<\/p>\n","protected":false},"excerpt":{"rendered":"<p>Cal fer algun retoc en les gravacions fetes? Ara ja sabem que fer r\u00e0dio no \u00e9s gens dif\u00edcil, i que els nervis no s\u00f3n tants i que, despr\u00e8s de tot, ens hem divertit. Tenim els programes gravats, per\u00f2&#8230; no \u00e9s cert que hi va haver alguna que altre errada? Algun silenci massa llarg? Alguna m\u00fasica [&hellip;]<\/p>\n","protected":false},"author":40,"featured_media":0,"parent":0,"menu_order":3,"comment_status":"open","ping_status":"open","template":"","meta":{"ngg_post_thumbnail":0,"footnotes":""},"class_list":["post-14","page","type-page","status-publish","hentry"],"_links":{"self":[{"href":"https:\/\/blog.ravalnet.org\/radioeducativa\/wp-json\/wp\/v2\/pages\/14","targetHints":{"allow":["GET"]}}],"collection":[{"href":"https:\/\/blog.ravalnet.org\/radioeducativa\/wp-json\/wp\/v2\/pages"}],"about":[{"href":"https:\/\/blog.ravalnet.org\/radioeducativa\/wp-json\/wp\/v2\/types\/page"}],"author":[{"embeddable":true,"href":"https:\/\/blog.ravalnet.org\/radioeducativa\/wp-json\/wp\/v2\/users\/40"}],"replies":[{"embeddable":true,"href":"https:\/\/blog.ravalnet.org\/radioeducativa\/wp-json\/wp\/v2\/comments?post=14"}],"version-history":[{"count":0,"href":"https:\/\/blog.ravalnet.org\/radioeducativa\/wp-json\/wp\/v2\/pages\/14\/revisions"}],"wp:attachment":[{"href":"https:\/\/blog.ravalnet.org\/radioeducativa\/wp-json\/wp\/v2\/media?parent=14"}],"curies":[{"name":"wp","href":"https:\/\/api.w.org\/{rel}","templated":true}]}}