{"id":16,"date":"2007-06-29T18:21:00","date_gmt":"2007-06-29T16:21:00","guid":{"rendered":"http:\/\/blog.ravalnet.org\/radioeducativa\/publicacio\/"},"modified":"2007-09-26T10:26:36","modified_gmt":"2007-09-26T08:26:36","slug":"publicacio","status":"publish","type":"page","link":"https:\/\/blog.ravalnet.org\/radioeducativa\/publicacio\/","title":{"rendered":"Publicaci\u00f3"},"content":{"rendered":"<p><font color=\"#993300\">Hem arribat al darrer dia!<\/font><\/p>\n<p>S\u00ed, ja estem! Tenim uns fant\u00e0stics arxius de so, resultat de l&#8217;esfor\u00e7 del treball de diferents dies i de la implicaci\u00f3 de tots nosaltres. Els volem donar a con\u00e8ixer al m\u00f3n?<\/p>\n<p>I tant que s\u00ed, i per fer-ho cal treballar una <em>miquetona <\/em>-que no gaire- m\u00e9s. Hem de pujar-los al servidor -en aquest cas al servidor de Ravalnet, tot i que donarem un cop d&#8217;ull <a href=\"http:\/\/phobos.xtec.net\/audiovisuals\/radio\/publica.php\" title=\"Servidor XTEC\">al servidor de la XTEC<\/a> si \u00e9s possible-. Un cop estiguin pujats, els presentarem a trav\u00e9s de la secci\u00f3  <a href=\"http:\/\/blog.ravalnet.org\/radioeducativa\/category\/resultats\/\">Resultats<\/a> d&#8217;aquest mateix blog. Aprendrem a fer-ho i amb aix\u00f2 haurem completat el cicle. Nom\u00e9s caldr\u00e0 que els doneu a con\u00e8ixer explicant als vostres alumnes, amics, amigues, companys i companyes el que heu fet. Els blogs -si en teniu-, el web de l&#8217;escola -si est\u00e0 disponible- tamb\u00e9 us ajudaran a <em>presumir <\/em>de la feina feta.<\/p>\n<p>Trucs:<\/p>\n<p><font color=\"#993300\">1.- Sistema autom\u00e0tic del blog <\/font>(pujar el recurs i enviar-ho a l&#8217;editor) El resultat el podreu trobar a CODE i ser\u00e0 similar a aquest:<\/p>\n<blockquote><p><font color=\"#993300\">&lt;a href=&#8221;http:\/\/blog.ravalnet.org\/aulamediaradio\/files\/barcelona.mp3&#8243; title=&#8221;Barcelona&#8221;&gt;Barcelona&lt;\/a&gt;<\/font><\/p><\/blockquote>\n<p><font color=\"#993300\">2.- Altre sistema:<\/font> Escriure a la p\u00e0gina de code el seg\u00fcent<br \/>\n<em>((nota: elimineu el s\u00edmbol<strong> #<\/strong> perqu\u00e8 el codi funcioni correctament&#8230; nosaltres els posem aqu\u00ed perqu\u00e8 si no&#8230; ))<\/em><\/p>\n<blockquote><p><font color=\"#993300\">[#audio:http:\/\/blog.ravalnet.org\/aulamediaradio\/files\/barcelona.mp3]<\/font><\/p><\/blockquote>\n<p>El resultat de la funci\u00f3 anterior (eliminant el #) \u00e9s el seg\u00fcent:<\/p>\n\n<p><font color=\"#993300\">3.- Un m\u00e9s<\/font><br \/>\n<em>((nota: elimineu el s\u00edmbol<strong> #<\/strong> perqu\u00e8 el codi funcioni correctament&#8230; nosaltres els posem aqu\u00ed perqu\u00e8 si no&#8230; ))<\/em><\/p>\n<blockquote><p><font color=\"#993300\">[#coolplayer] http:\/\/blog.ravalnet.org\/aulamediaradio\/files\/barcelona.mp3 [\/coolplayer]<\/font><\/p><\/blockquote>\n<p>El resultat de la funci\u00f3 anterior (eliminant el #) \u00e9s el seg\u00fcent:<\/p>\n<p>[coolplayer]<\/p>\n<audio class=\"wp-audio-shortcode\" id=\"audio-16-2\" preload=\"none\" style=\"width: 100%;\" controls=\"controls\"><source type=\"audio\/mpeg\" src=\"http:\/\/blog.ravalnet.org\/aulamediaradio\/files\/barcelona.mp3?_=2\" \/><a href=\"http:\/\/blog.ravalnet.org\/aulamediaradio\/files\/barcelona.mp3\">http:\/\/blog.ravalnet.org\/aulamediaradio\/files\/barcelona.mp3<\/a><\/audio>\n<p>[\/coolplayer]<\/p>\n<p><strong>4.-<\/strong> Tamb\u00e9 podeu seguir les passes que <a href=\"http:\/\/phobos.xtec.net\/audiovisuals\/radio\/publica.php\" title=\"XTEC radio publicar\">suggereix  l&#8217;XTEC<\/a> (Necessiteu disposar de contrasenya)<\/p>\n<p>Tenim temps, encara? Ah&#8230; perqu\u00e8 hi ha alguna coseta m\u00e9s per fer. Podem fer gravacions amb MP3 (s\u00ed, s\u00ed&#8230; aquells aparells que sempre porten a classe els nostres estudiants) i treballar amb elles i tornar a comen\u00e7ar el cicle (preparar, gravar, editar i pujar als servidors) La nostra proposta \u00e9s emprar aquests aparells per tal de fer les valoracions finals individuals del curs (podem ser molt creatius, si voleu&#8230; ja us donarem idees si cal) La valoraci\u00f3 en grup la podem fer a l&#8217;estudi, en format de tert\u00falia.<\/p>\n<p>I si encara tenim temps&#8230; no ens faltaran projectes per fer de la R\u00e0dio per Internet una  eina \u00fatil, pedag\u00f2gica, interessant i divertida.<\/p>\n","protected":false},"excerpt":{"rendered":"<p>Hem arribat al darrer dia! S\u00ed, ja estem! Tenim uns fant\u00e0stics arxius de so, resultat de l&#8217;esfor\u00e7 del treball de diferents dies i de la implicaci\u00f3 de tots nosaltres. Els volem donar a con\u00e8ixer al m\u00f3n? I tant que s\u00ed, i per fer-ho cal treballar una miquetona -que no gaire- m\u00e9s. Hem de pujar-los al [&hellip;]<\/p>\n","protected":false},"author":40,"featured_media":0,"parent":0,"menu_order":4,"comment_status":"open","ping_status":"open","template":"","meta":{"ngg_post_thumbnail":0,"footnotes":""},"class_list":["post-16","page","type-page","status-publish","hentry"],"_links":{"self":[{"href":"https:\/\/blog.ravalnet.org\/radioeducativa\/wp-json\/wp\/v2\/pages\/16","targetHints":{"allow":["GET"]}}],"collection":[{"href":"https:\/\/blog.ravalnet.org\/radioeducativa\/wp-json\/wp\/v2\/pages"}],"about":[{"href":"https:\/\/blog.ravalnet.org\/radioeducativa\/wp-json\/wp\/v2\/types\/page"}],"author":[{"embeddable":true,"href":"https:\/\/blog.ravalnet.org\/radioeducativa\/wp-json\/wp\/v2\/users\/40"}],"replies":[{"embeddable":true,"href":"https:\/\/blog.ravalnet.org\/radioeducativa\/wp-json\/wp\/v2\/comments?post=16"}],"version-history":[{"count":0,"href":"https:\/\/blog.ravalnet.org\/radioeducativa\/wp-json\/wp\/v2\/pages\/16\/revisions"}],"wp:attachment":[{"href":"https:\/\/blog.ravalnet.org\/radioeducativa\/wp-json\/wp\/v2\/media?parent=16"}],"curies":[{"name":"wp","href":"https:\/\/api.w.org\/{rel}","templated":true}]}}