{"id":17,"date":"2007-12-11T21:49:32","date_gmt":"2007-12-11T19:49:32","guid":{"rendered":"http:\/\/blog.ravalnet.org\/ravalsurf\/curs-2007-2008\/"},"modified":"2010-11-04T18:49:31","modified_gmt":"2010-11-04T16:49:31","slug":"curs-2007-2008","status":"publish","type":"page","link":"https:\/\/blog.ravalnet.org\/ravalsurf\/curs-2007-2008\/","title":{"rendered":"EN FOTO"},"content":{"rendered":"<p>Galer\u00eda Fotogr\u00e0fica del <a href=\"http:\/\/blog.ravalnet.org\/ravalsurf\/2007\/01\/16\/galeria-de-fotografies-del-curs-2007-2008\/\">curs 2007-2008<\/a><\/p>\n<p>Galer\u00eda Fotogr\u00e0fica del <a href=\"http:\/\/blog.ravalnet.org\/ravalsurf\/2009\/10\/13\/galeria-fotografica-del-curs-2008-2009\/\">curs 2008-2009<\/a><\/p>\n<p>Galer\u00eda Fotogr\u00e0fica del <a href=\"http:\/\/blog.ravalnet.org\/ravalsurf\/2010\/11\/04\/galeria-fotografica-del-curs-2009-2010\/\">curs 2009-2010<\/a><\/p>\n<p><strong>CURS 20010-2011 <\/strong><\/p>ngg_shortcode_0_placeholder<p>Galer\u00eda Fotogr\u00e0fica del <a href=\"http:\/\/blog.ravalnet.org\/ravalsurf\/2007\/01\/16\/galeria-de-fotografies-del-curs-2007-2008\/\">curs 2007-2008<\/a><\/p>\n<p>Galer\u00eda Fotogr\u00e0fica del <a href=\"http:\/\/blog.ravalnet.org\/ravalsurf\/2009\/10\/13\/galeria-fotografica-del-curs-2008-2009\/\">curs 2008-2009<\/a><\/p>\n<p>Galer\u00eda Fotogr\u00e0fica del <a href=\"http:\/\/blog.ravalnet.org\/ravalsurf\/2010\/11\/04\/galeria-fotografica-del-curs-2009-2010\/\">curs 2009-2010<\/a><\/p>\n","protected":false},"excerpt":{"rendered":"<p>Galer\u00eda Fotogr\u00e0fica del curs 2007-2008 Galer\u00eda Fotogr\u00e0fica del curs 2008-2009 Galer\u00eda Fotogr\u00e0fica del curs 2009-2010 CURS 20010-2011 Galer\u00eda Fotogr\u00e0fica del curs 2007-2008 Galer\u00eda Fotogr\u00e0fica del curs 2008-2009 Galer\u00eda Fotogr\u00e0fica del curs 2009-2010<\/p>\n","protected":false},"author":38,"featured_media":0,"parent":0,"menu_order":1,"comment_status":"open","ping_status":"open","template":"","meta":{"ngg_post_thumbnail":0,"footnotes":""},"class_list":["post-17","page","type-page","status-publish","hentry"],"_links":{"self":[{"href":"https:\/\/blog.ravalnet.org\/ravalsurf\/wp-json\/wp\/v2\/pages\/17","targetHints":{"allow":["GET"]}}],"collection":[{"href":"https:\/\/blog.ravalnet.org\/ravalsurf\/wp-json\/wp\/v2\/pages"}],"about":[{"href":"https:\/\/blog.ravalnet.org\/ravalsurf\/wp-json\/wp\/v2\/types\/page"}],"author":[{"embeddable":true,"href":"https:\/\/blog.ravalnet.org\/ravalsurf\/wp-json\/wp\/v2\/users\/38"}],"replies":[{"embeddable":true,"href":"https:\/\/blog.ravalnet.org\/ravalsurf\/wp-json\/wp\/v2\/comments?post=17"}],"version-history":[{"count":9,"href":"https:\/\/blog.ravalnet.org\/ravalsurf\/wp-json\/wp\/v2\/pages\/17\/revisions"}],"predecessor-version":[{"id":142,"href":"https:\/\/blog.ravalnet.org\/ravalsurf\/wp-json\/wp\/v2\/pages\/17\/revisions\/142"}],"wp:attachment":[{"href":"https:\/\/blog.ravalnet.org\/ravalsurf\/wp-json\/wp\/v2\/media?parent=17"}],"curies":[{"name":"wp","href":"https:\/\/api.w.org\/{rel}","templated":true}]}}