{"id":4,"date":"2007-09-20T13:34:18","date_gmt":"2007-09-20T11:34:18","guid":{"rendered":"http:\/\/blog.ravalnet.org\/ravalsurf\/projecte-ravalsurf\/"},"modified":"2010-02-12T13:46:59","modified_gmt":"2010-02-12T11:46:59","slug":"projecte-ravalsurf","status":"publish","type":"page","link":"https:\/\/blog.ravalnet.org\/ravalsurf\/projecte-ravalsurf\/","title":{"rendered":"EL PROJECTE"},"content":{"rendered":"<p><strong>EL TEB<\/strong><\/p>\n<p><a href=\"http:\/\/jovesteb.org\/entitat\/\">L<\/a><a href=\"http:\/\/jovesteb.org\/entitat\/\">\u2019<\/a><a href=\"http:\/\/jovesteb.org\/entitat\/\">Associaci\u00f3 per a Joves Teb<\/a> \u00e9s una entitat sense \u00e0nim de lucre del barri del Raval de Barcelona. Treballa amb l\u2019objectiu de potenciar la formaci\u00f3 i la participaci\u00f3 social dels i les joves i adults que viuen en el barri i en la ciutat.<\/p>\n<p>En els seus or\u00edgens, l\u2019any 1992, el Teb va n\u00e9ixer amb l\u2019objectiu principal d\u2019afrontar l\u2019abs\u00e8ncia d\u2019oferta educativa extra-escolar dirigida als i les joves del barri: un grup d\u2019educadors i educadores, persones ve\u00efnes i treballadores del barri, va decidir engegar un projecte educatiu que don\u00e9s resposta a les inquietuds i necessitats dels i les joves.<\/p>\n<p>Des dels seus inicis el Teb treballa procurant l\u2019auto-organitzaci\u00f3 d\u2019aquests joves.<\/p>\n<p>A partir de l\u2019any 1995, l\u2019associaci\u00f3 disposa d\u2019un espai per a desenvolupar les seves activitats. En aquest moment s\u2019inicien les primeres activitats lligades amb les noves tecnologies (inform\u00e0tica, r\u00e0dio i v\u00eddeo), que desembocaran, un any despr\u00e9s, en una nova metodologia de treball, basada en l\u2019\u00fas de les noves tecnologies de la informaci\u00f3 com a eina educativa en tots els projectes de l\u2019entitat.<\/p>\n<p><strong> <\/strong><\/p>\n<p><strong>EL PROJECTE RAVALSURF<\/strong><\/p>\n<p>L\u2019any 1998, en plena fase de desenvolupament del Teb, un grup redu\u00eft de joves, educadors i educadores, viatja a Brasil per a participar en el \u201c5o Encontro de Meninos e Meninas de Rua\u201d ( 5a Trobada de Nens i Nenes del Carrer ).<\/p>\n<p>All\u00ed coneixen el projecte <a href=\"http:\/\/www.ashoka.org\/node\/3419\">Surfavela<\/a> de Rio de Janeiro. Els i les joves tornen a Barcelona amb la il\u00b7lusi\u00f3 de construir un projecte similar al barri del Raval. \u00c9s el naixement de Ravalsurf.<\/p>\n<p>Actualment, Ravalsurf \u00e9s un projecte que desenvolupa un grup de joves, educadors\/es i persones volunt\u00e0ries de L&#8217;Associaci\u00f3 per a Joves Teb.<\/p>\n<p>L&#8217;objectiu del projecte \u00e9s proporcionar un recurs per a que els i les joves treballin la seva autonomia a trav\u00e9s de la pr\u00e0ctica de l&#8217;esport. \u00c9s una forma d&#8217;aproximar als i les joves a una activitat diferent, amb els coneixements i valors propis de la pr\u00e0ctica d\u2019un esport en grup i en el medi natural: el respecte cap a la naturalesa, l&#8217;autoconeixement, l\u2019esfor\u00e7 de superaci\u00f3, la celebraci\u00f3 pels aven\u00e7os assolits, etc.<\/p>\n<p>El Raval es un barri que, per la seva pr\u00f2pia hist\u00f2ria i composici\u00f3 &#8211; lligada a un baix nivell d\u2019escolaritzaci\u00f3, un alt \u00edndex de pobresa econ\u00f2mica i a un constant flux de poblaci\u00f3 origin\u00e0ria de pa\u00efsos molt diversos-, no facilita el contacte ni la interrelaci\u00f3 amb l\u2019exterior. Diuen que el Raval \u00e9s \u201cuna ciutat dintre d\u2019una altra ciutat\u201d i que t\u00e9 un marcat car\u00e0cter a\u00efllat. Ravalsurf \u00e9s una alternativa d&#8217;oci per als dissabtes pel mat\u00ed, una forma de sortir del barri un cop per setmana.<\/p>\n<p>Ravalsurf pret\u00e9n potenciar el coneixement d\u2019altres realitats a trav\u00e9s de sortides i intercanvis amb altres grups de persones que practiquen esport o que estan relacionats amb el mar.<\/p>\n<p>El projecte compta amb el suport de l\u2019associaci\u00f3 i de persones individuals que col\u00b7laboren amb les seves donacions, recursos sense les quals Ravalsurf no seria possible. Es tracta de materials i altres elements no econ\u00f2mics (taules de surf, neoprens i d\u2019altres elements) que s\u00f3n reparats i compartits per tot l\u2019equip.<\/p>\n<p>Des dels seus inicis, Ravalsurf ha evolucionat gr\u00e0cies a la tasca de monitors i monitores volunt\u00e0ries, persones que, en moltes ocasions, han esdevingut grans educadors i educadores i experts en la pr\u00e0ctica del surf.<\/p>\n<p>El projecte est\u00e0 destinat a tots els i les joves de 16 a 21 anys.<\/p>\n<p><strong>Pel que fa al surf\u2026<\/strong><\/p>\n<p>Es tracta d\u2019una pr\u00e0ctica que convida a l\u2019auto-superaci\u00f3, l\u2019esfor\u00e7 i la millora personal. Quan es practica en grup, aquests avan\u00e7os son celebrats per tots i totes, creant-se un sentiment de germanor que resulta molt positiu pel desenvolupament i creixement de les persones del grup i de la pr\u00f2pia col\u00b7lectivitat.<\/p>\n<p>Alhora, \u00e9s un esport que, com els altres, condueix a l\u2019acceptaci\u00f3 de les pr\u00f2pies limitacions, ajuda a la millora de les condicions f\u00edsiques i psicol\u00f2giques de qui el practica i facilita la creaci\u00f3 d\u2019un clima de treball en equip adequat a l\u2019objectiu general de l\u2019entitat.<\/p>\n<p>A m\u00e9s, el surf \u00e9s un esport que es realitza en un medi natural, el mar. Aquesta caracter\u00edstica facilita la conscienciaci\u00f3 sobre la necessitat de cuidar el medi que ens envolta.<\/p>\n<p>Es constitueix, per tant, una alternativa molt atractiva pel temps de lleure dels participants.<\/p>\n<p>El m\u00e0xim reconeixement oficial pel projecte va arribar l\u2019any 2000, que va rebre el primer premi de la fundaci\u00f3 Josep Sans sobre projectes de medi ambient de la Secretaria General de Joventut (Generalitat de Catalunya).<\/p>\n<p><strong> <\/strong><\/p>\n<p><strong>QU\u00c8 FEM?<\/strong><\/p>\n<p>Es realitzen diferents tipus d\u2019activitats interrelacionades que es programen al llarg de l\u2019any:<\/p>\n<ul>\n<li><strong>Activitats d\u2019interior:<\/strong>\n<ul>\n<li>Assemblees<\/li>\n<li>Taller de       reciclatge i reparaci\u00f3 de taules<\/li>\n<li>Estampaci\u00f3       de samarretes, elaboraci\u00f3 de xapes i d\u2019altres productes de       \u201cmerchandising\u201d<\/li>\n<li>Formaci\u00f3       b\u00e0sica sobre meteorologia<\/li>\n<li>Us de les       noves tecnologies de la comunicaci\u00f3 (v\u00eddeo, r\u00e0dio, inform\u00e0tica)<\/li>\n<\/ul>\n<\/li>\n<\/ul>\n<ul>\n<li><strong>Activitats d\u2019exterior: <\/strong>\n<ul>\n<li>Sortides a       la platja<\/li>\n<li>Perfeccionament       de nataci\u00f3<\/li>\n<li>Manteniment       esportiu<\/li>\n<li>Col\u00f2nies       esportives<\/li>\n<li>Intercanvi       d\u2019experi\u00e8ncies<\/li>\n<li>Visites a       centres relacionats amb el mar.<\/li>\n<\/ul>\n<\/li>\n<\/ul>\n<p align=\"justify\">\n<p align=\"justify\">\n<p align=\"justify\">\n<p align=\"justify\">\n<p align=\"justify\">\n<ol>\n<p align=\"justify\">\n<\/ol>\n","protected":false},"excerpt":{"rendered":"<p>EL TEB L\u2019Associaci\u00f3 per a Joves Teb \u00e9s una entitat sense \u00e0nim de lucre del barri del Raval de Barcelona. Treballa amb l\u2019objectiu de potenciar la formaci\u00f3 i la participaci\u00f3 social dels i les joves i adults que viuen en el barri i en la ciutat. En els seus or\u00edgens, l\u2019any 1992, el Teb va [&hellip;]<\/p>\n","protected":false},"author":38,"featured_media":0,"parent":0,"menu_order":0,"comment_status":"open","ping_status":"open","template":"","meta":{"ngg_post_thumbnail":0,"footnotes":""},"class_list":["post-4","page","type-page","status-publish","hentry"],"_links":{"self":[{"href":"https:\/\/blog.ravalnet.org\/ravalsurf\/wp-json\/wp\/v2\/pages\/4","targetHints":{"allow":["GET"]}}],"collection":[{"href":"https:\/\/blog.ravalnet.org\/ravalsurf\/wp-json\/wp\/v2\/pages"}],"about":[{"href":"https:\/\/blog.ravalnet.org\/ravalsurf\/wp-json\/wp\/v2\/types\/page"}],"author":[{"embeddable":true,"href":"https:\/\/blog.ravalnet.org\/ravalsurf\/wp-json\/wp\/v2\/users\/38"}],"replies":[{"embeddable":true,"href":"https:\/\/blog.ravalnet.org\/ravalsurf\/wp-json\/wp\/v2\/comments?post=4"}],"version-history":[{"count":3,"href":"https:\/\/blog.ravalnet.org\/ravalsurf\/wp-json\/wp\/v2\/pages\/4\/revisions"}],"predecessor-version":[{"id":436,"href":"https:\/\/blog.ravalnet.org\/ravalsurf\/wp-json\/wp\/v2\/pages\/4\/revisions\/436"}],"wp:attachment":[{"href":"https:\/\/blog.ravalnet.org\/ravalsurf\/wp-json\/wp\/v2\/media?parent=4"}],"curies":[{"name":"wp","href":"https:\/\/api.w.org\/{rel}","templated":true}]}}