{"id":7,"date":"2007-09-20T21:14:29","date_gmt":"2007-09-20T19:14:29","guid":{"rendered":"http:\/\/blog.ravalnet.org\/ravalsurf\/qui-col\u00b7labora\/"},"modified":"2010-01-08T16:57:44","modified_gmt":"2010-01-08T14:57:44","slug":"qui-col%c2%b7labora","status":"publish","type":"page","link":"https:\/\/blog.ravalnet.org\/ravalsurf\/qui-col%c2%b7labora\/","title":{"rendered":"COL.LABORACIONS"},"content":{"rendered":"<p>Les col\u00b7laboracions s\u00f3n una part molt important del nostre projecte. Gr\u00e0cies a elles hem pogut cr\u00e9ixer poc a poc.<\/p>\n<p>Ravalsurf \u00e9s una immensa col\u00b7laboraci\u00f3,  persones que han anat aportant el seu petit gr\u00e0 de sorra i el seu temps per a que nois i noies del barri aprengu\u00e9ssin disfrutant del surf.<\/p>\n<p>Com sempre, moltes gr\u00e0cies!!<\/p>\n<p>Si tens ganes de <a href=\"http:\/\/blog.ravalnet.org\/ravalsurf\/contacta-amb-nosaltres\/\">col\u00b7laborar amb el projecte Ravalsurf<\/a> ho pots fer de moltes maneres:<\/p>\n<ul>\n<li>Com a monitor o monitora voluntari<\/li>\n<li>Proporcionant material per a practicar surf<\/li>\n<li>Proporcionant material per a reparar les taules<\/li>\n<li>Fent disfusi\u00f3 del projecte<\/li>\n<li>Tens una proposta? parlem-ne!<\/li>\n<\/ul>\n<p>Les col\u00b7laboracions que ha ajudat a tirar el projecte endavant fins ara s\u00f3n:<\/p>\n<p><strong>TEMPORADA :<\/strong><strong>2009-2010<\/strong><\/p>\n<p>Meritxell Santos Fuertes (realitzaci\u00f3 de logos)<\/p>\n<div>Ferran de Seven (entrades per al Barcelona Esports Extreme Festival)<\/div>\n<p>Omar i Anna (donaci\u00f3 de neoprens)<\/p>\n<p>Kike i Bernat (donaci\u00f3 de neoprens i licras)<\/p>\n<p>Christian<strong> <\/strong>(Taula de surf)<\/p>\n<p>Oscar Cabeza (monitor voluntari)<\/p>\n<p>Marta Moreno (monitora volunt\u00e0ria)<\/p>\n<p>Ovidio (monitor voluntari)<\/p>\n<p align=\"left\"><strong>TEMPORADA <\/strong><strong>2008-2009<\/strong><strong>:<\/strong><\/p>\n<p style=\"margin-bottom: 0cm\">C\u00e8sar, Zu, Juanchi, Sandra, Oscar&#8230; Buscando las Olas + Ye Too Ponese (por su ayuda en el viaje a Asturias + dejarnos las tablas)<\/p>\n<p align=\"left\">Meritxell Santos Fuertes (realitzaci\u00f3 de logos)<\/p>\n<p align=\"left\">Marta Moreno (monitora volunt\u00e0ria)<\/p>\n<p align=\"left\">Sthep (donaci\u00f3 neopr\u00e9)<\/p>\n<p align=\"left\">Ovidio (monitor voluntari)<\/p>\n<p align=\"left\">Walter (donaci\u00f3 de longsurf i longskate)<\/p>\n<p align=\"left\">Xisco Calafat (monitor voluntari)<\/p>\n<p align=\"left\">Oscar Cabeza (monitor voluntari)<\/p>\n<p align=\"left\">Ferran de Seven (13 entrades per al Barcelona Esports Extreme Festival)<\/p>\n<p align=\"left\">\n<p align=\"left\"><strong>TEMPORADA 2007-2008 <\/strong><\/p>\n<p align=\"left\">Oriol Guitart (monitor voluntari)<\/p>\n<p align=\"left\">Xisco Calafat (monitor voluntari)<\/p>\n<p>Oscar Cabeza (monitor voluntari)<\/p>\n<p align=\"left\"><a href=\"http:\/\/www.tacticsurfbcn.com\/\">Botiga T\u00e0ctic<\/a> (descomptes en els seus productes)<\/p>\n<p align=\"left\">Walter Chiappini ( Taula de surf)<\/p>\n<p align=\"left\">Jabi Iraizoz (Visita Olatuak)<\/p>\n<p align=\"left\">\n<p align=\"left\">\n<p align=\"left\"><strong>TEMPORADA 2006-2007 <\/strong><\/p>\n<p align=\"left\">Patricia Martin (monitora volunt\u00e0ria)<\/p>\n<p align=\"left\">Xisco Calafat (monitor voluntari)<\/p>\n<p align=\"left\">Oscar Cabeza (monitor voluntari)<\/p>\n<p align=\"left\">German Prieto (monitor voluntari)<\/p>\n<p align=\"left\">Jabi Iraizoz<\/p>\n<p align=\"left\"><a href=\"http:\/\/www.tacticsurfbcn.com\/\">Botiga T\u00e0ctic<\/a> (descomptes en els seus productes)<\/p>\n<p align=\"left\"><a href=\"http:\/\/www.cavallfort.cat\/\">Revista Cavall Fort<\/a> (Reportatge per a la revista)<a href=\"http:\/\/www.cavallfort.cat\/\"><br \/>\n<\/a><\/p>\n<p align=\"left\">Nacho<\/p>\n<p align=\"left\">\n<p align=\"left\"><strong>TEMPORADA 2004-2005<\/strong><\/p>\n<p align=\"left\"><a href=\"http:\/\/www.tacticsurfbcn.com\/\">Botiga T\u00e0ctic<\/a> (descomptes en els seus productes)<\/p>\n<p align=\"left\">Esther Plana (monitora volunt\u00e0ria)<\/p>\n<p align=\"left\">Jordi Turu (monitor voluntari)<\/p>\n<p align=\"left\">Abel Marsal (monitor voluntari)<\/p>\n<p align=\"left\">Llu\u00eds Gonzalez (monitor voluntari)<\/p>\n<p align=\"left\">Pau Serracanta (monitor voluntari)<\/p>\n<p align=\"left\">Pablo de Tenerife (monitor voluntari)<\/p>\n<p>Felip Verger (monitor voluntari)<\/p>\n<p align=\"left\">Albert Juvanteny (monitor voluntari)<\/p>\n<p align=\"left\">Jabi Iraizoz (monitor voluntari)<\/p>\n<p align=\"left\">Thais Buforn (monitora volunt\u00e0ria)<\/p>\n<p align=\"left\">Sthep (monitora volunt\u00e0ria)<\/p>\n<p align=\"left\">Nacho (monitor voluntari)<\/p>\n<p><a href=\"http:\/\/blog.ravalnet.org\/ravalsurf\/qui-col%C2%B7labora\/temporada-04-05\/\"><br \/>\n<\/a><a href=\"http:\/\/blog.ravalnet.org\/ravalsurf\/?page_id=43\"> <\/a><\/p>\n","protected":false},"excerpt":{"rendered":"<p>Les col\u00b7laboracions s\u00f3n una part molt important del nostre projecte. Gr\u00e0cies a elles hem pogut cr\u00e9ixer poc a poc. Ravalsurf \u00e9s una immensa col\u00b7laboraci\u00f3, persones que han anat aportant el seu petit gr\u00e0 de sorra i el seu temps per a que nois i noies del barri aprengu\u00e9ssin disfrutant del surf. Com sempre, moltes gr\u00e0cies!! [&hellip;]<\/p>\n","protected":false},"author":38,"featured_media":0,"parent":0,"menu_order":3,"comment_status":"open","ping_status":"open","template":"","meta":{"ngg_post_thumbnail":0,"footnotes":""},"class_list":["post-7","page","type-page","status-publish","hentry"],"_links":{"self":[{"href":"https:\/\/blog.ravalnet.org\/ravalsurf\/wp-json\/wp\/v2\/pages\/7","targetHints":{"allow":["GET"]}}],"collection":[{"href":"https:\/\/blog.ravalnet.org\/ravalsurf\/wp-json\/wp\/v2\/pages"}],"about":[{"href":"https:\/\/blog.ravalnet.org\/ravalsurf\/wp-json\/wp\/v2\/types\/page"}],"author":[{"embeddable":true,"href":"https:\/\/blog.ravalnet.org\/ravalsurf\/wp-json\/wp\/v2\/users\/38"}],"replies":[{"embeddable":true,"href":"https:\/\/blog.ravalnet.org\/ravalsurf\/wp-json\/wp\/v2\/comments?post=7"}],"version-history":[{"count":8,"href":"https:\/\/blog.ravalnet.org\/ravalsurf\/wp-json\/wp\/v2\/pages\/7\/revisions"}],"predecessor-version":[{"id":200,"href":"https:\/\/blog.ravalnet.org\/ravalsurf\/wp-json\/wp\/v2\/pages\/7\/revisions\/200"}],"wp:attachment":[{"href":"https:\/\/blog.ravalnet.org\/ravalsurf\/wp-json\/wp\/v2\/media?parent=7"}],"curies":[{"name":"wp","href":"https:\/\/api.w.org\/{rel}","templated":true}]}}