{"id":2,"date":"2012-11-22T12:35:58","date_gmt":"2012-11-22T12:35:58","guid":{"rendered":"http:\/\/blog.ravalnet.org\/taulajove\/?page_id=2"},"modified":"2012-11-22T12:35:58","modified_gmt":"2012-11-22T12:35:58","slug":"pagina-exemple","status":"publish","type":"page","link":"https:\/\/blog.ravalnet.org\/taulajove\/pagina-exemple\/","title":{"rendered":"P\u00e0gina d&#8217;exemple"},"content":{"rendered":"<p>Aix\u00f2 \u00e9s un exemple de p\u00e0gina generada autom\u00e0ticament, pod\u00e0s editar-la per a mostrar informaci\u00f3 sobre tu o el vostre lloc web; aix\u00ed els vostres lectors sabran qui sou. Pots crear tantes p\u00e0gines com aquesta o p\u00e0gines subordinades com vulguis i gestionar tot el contingut dins de la teva Intranet&#8230;<\/p>\n<p>Ravalnet.org<br \/>\nLa xarxa ciutadana del Raval<\/p>\n","protected":false},"excerpt":{"rendered":"<p>Aix\u00f2 \u00e9s un exemple de p\u00e0gina generada autom\u00e0ticament, pod\u00e0s editar-la per a mostrar informaci\u00f3 sobre tu o el vostre lloc web; aix\u00ed els vostres lectors sabran qui sou. Pots crear tantes p\u00e0gines com aquesta o p\u00e0gines subordinades com vulguis i &hellip; <a href=\"https:\/\/blog.ravalnet.org\/taulajove\/pagina-exemple\/\">Continue reading <span class=\"meta-nav\">&rarr;<\/span><\/a><\/p>\n","protected":false},"author":135,"featured_media":0,"parent":0,"menu_order":0,"comment_status":"open","ping_status":"open","template":"","meta":{"footnotes":""},"class_list":["post-2","page","type-page","status-publish","hentry"],"_links":{"self":[{"href":"https:\/\/blog.ravalnet.org\/taulajove\/wp-json\/wp\/v2\/pages\/2","targetHints":{"allow":["GET"]}}],"collection":[{"href":"https:\/\/blog.ravalnet.org\/taulajove\/wp-json\/wp\/v2\/pages"}],"about":[{"href":"https:\/\/blog.ravalnet.org\/taulajove\/wp-json\/wp\/v2\/types\/page"}],"author":[{"embeddable":true,"href":"https:\/\/blog.ravalnet.org\/taulajove\/wp-json\/wp\/v2\/users\/135"}],"replies":[{"embeddable":true,"href":"https:\/\/blog.ravalnet.org\/taulajove\/wp-json\/wp\/v2\/comments?post=2"}],"version-history":[{"count":0,"href":"https:\/\/blog.ravalnet.org\/taulajove\/wp-json\/wp\/v2\/pages\/2\/revisions"}],"wp:attachment":[{"href":"https:\/\/blog.ravalnet.org\/taulajove\/wp-json\/wp\/v2\/media?parent=2"}],"curies":[{"name":"wp","href":"https:\/\/api.w.org\/{rel}","templated":true}]}}